{"id":269,"date":"2023-10-31T11:27:11","date_gmt":"2023-10-31T11:27:11","guid":{"rendered":"https:\/\/ourdigitalvillage.erasmus.site\/?page_id=269"},"modified":"2024-05-06T18:22:43","modified_gmt":"2024-05-06T18:22:43","slug":"participative-context-analysis-in-rural-areas","status":"publish","type":"page","link":"https:\/\/ourdigitalvillage.erasmus.site\/de\/participative-context-analysis-in-rural-areas\/","title":{"rendered":"Partizipative Kontextanalyse im l\u00e4ndlichen Raum"},"content":{"rendered":"<p><img fetchpriority=\"high\" decoding=\"async\" class=\"aligncenter size-medium wp-image-108\" src=\"https:\/\/ourdigitalvillage.erasmus.site\/wp-content\/uploads\/2023\/04\/Group-11401-300x300.png\" alt=\"\" width=\"300\" height=\"300\" srcset=\"https:\/\/ourdigitalvillage.erasmus.site\/wp-content\/uploads\/2023\/04\/Group-11401-300x300.png 300w, https:\/\/ourdigitalvillage.erasmus.site\/wp-content\/uploads\/2023\/04\/Group-11401-1024x1020.png 1024w, https:\/\/ourdigitalvillage.erasmus.site\/wp-content\/uploads\/2023\/04\/Group-11401-150x150.png 150w, https:\/\/ourdigitalvillage.erasmus.site\/wp-content\/uploads\/2023\/04\/Group-11401-768x765.png 768w, https:\/\/ourdigitalvillage.erasmus.site\/wp-content\/uploads\/2023\/04\/Group-11401.png 1349w\" sizes=\"(max-width: 300px) 100vw, 300px\" \/><\/p>\n<p>Die partizipative Kontextanalyse in l\u00e4ndlichen Gebieten zielt darauf ab, einen Selbstanalyseprozess in l\u00e4ndlichen Gebieten durch den reziproken m\u00e4eutischen Ansatz zu initiieren, um kontextspezifische Bed\u00fcrfnisse zu identifizieren, die Motivation zu steigern und das Bewusstsein f\u00fcr die Bedeutung und das Potenzial digitaler und transversaler Kompetenzen zu sch\u00e4rfen, die f\u00fcr den aktuellen und zuk\u00fcnftigen Arbeitsmarkt, die Bildung und das soziale Leben notwendig sind. Nach der Schaffung von &#8222;Digitalen Dorfgemeinschaften&#8220;, die sich aus Bildungseinrichtungen, lokalen Beh\u00f6rden und politischen Entscheidungstr\u00e4gern in den l\u00e4ndlichen Gebieten der Durchf\u00fchrungsl\u00e4nder zusammensetzen, werden mit den Zielgruppen, die Teil der digitalen Dorfgemeinschaft sind, Selbstanalyse-Workshops durchgef\u00fchrt:<\/p>\n<p>&#8211; mindestens 10 Lehrkr\u00e4fte (Lehrer:innen, Trainer:innen, Erzieher:innen aus verschiedenen Bildungseinrichtungen oder Gemeinschaftsorganisationen, auch technisches oder Verwaltungspersonal kann einbezogen werden)<br \/>\n&#8211; mindestens 10 Sch\u00fcler:innen (ab der Mittelstufe und aufw\u00e4rts &#8211; auch Berufssch\u00fcler:innen)<br \/>\n&#8211; mindestens 10 erwachsene Lernende (oder andere Lernende, die nicht dem Schulsystem angeh\u00f6ren)<br \/>\n&#8211; mindestens 1 politischer Entscheidungstr\u00e4ger im Bildungsbereich (Gemeinde, regionale oder nationale Regierung)<\/p>\n<p>Der Prozess der Selbstanalyse wird aus Zyklen nationaler Workshops bestehen, in denen der l\u00e4ndliche Raum, die Lebensweise seiner Bewohner:innen, der aktuelle Stand der Entwicklung digitaler Fertigkeiten und die Besonderheiten jeder Zielgruppe mit Schwerpunkt auf digitalen Fertigkeiten er\u00f6rtert werden, um gemeinsame Bed\u00fcrfnisse im Rahmen eines offenen Dialogs zwischen Gruppen zu ermitteln, die sich sonst nicht die Zeit nehmen w\u00fcrden, einander zuzuh\u00f6ren oder von den Bed\u00fcrfnissen der anderen zu erfahren, um so das Bewusstsein, das Verst\u00e4ndnis und das Gemeinschaftsgef\u00fchl zu st\u00e4rken.<\/p>\n<p>Die Ergebnisse der Workshops werden nach dem vollst\u00e4ndigen Zyklus in jedem Land zusammengefasst, wobei die entstandenen Bed\u00fcrfnisse aufgezeigt und in einem umfassenden wissenschaftlichen Artikel \u00fcber den Selbstanalyseprozess durch RMA und die Ergebnisse in den jeweiligen l\u00e4ndlichen Gebieten dargestellt werden.<\/p>\n<p>Handbuch und methodischer Rahmen f\u00fcr die RMA zur Kontextanalyse f\u00fcr die digitale Transformation: Das vorliegende Handbuch ist eines der zentralen Dokumente, die die Durchf\u00fchrung der Selbstanalyse-Workshops in den l\u00e4ndlichen Gebieten unterst\u00fctzt haben. Das Dokument bietet Einblicke in das Leben von Danilo Dolci, einen \u00dcberblick \u00fcber den Reziproken M\u00e4eutischen Methode (RMA) und praktische Informationen zur Durchf\u00fchrung der Workshops und liefert somit Werkzeuge und Anregungen f\u00fcr die m\u00e4eutischen Trainer:innen in dieser ersten Phase der Projektumsetzung. Das Handbuch diente als Nachschlagewerk f\u00fcr alle m\u00e4eutischen Koordinator:innen w\u00e4hrend der Workshop-Zyklen und ist eine Ressource f\u00fcr k\u00fcnftige Trainer:innen oder Forscher:innen, die durch partizipatorische Prozesse und Selbstanalyse-Workshops au\u00dferhalb des Projekts Ver\u00e4nderungen in der Bildung und Bewusstseinsbildung bewirken wollen.<\/p>\n<p style=\"text-align: center;\"><a class=\"btn btn-primary\" role=\"button\" href=\"https:\/\/ourdigitalvillage.erasmus.site\/wp-content\/uploads\/2023\/11\/ODV_RMA_Manual_DE.pdf\" download=\"\">Download<\/a><\/p>\n<p><\/p>","protected":false},"excerpt":{"rendered":"<p>Die partizipative Kontextanalyse in l\u00e4ndlichen Gebieten zielt darauf ab, einen Selbstanalyseprozess in l\u00e4ndlichen Gebieten durch den reziproken m\u00e4eutischen Ansatz zu initiieren, um kontextspezifische Bed\u00fcrfnisse zu identifizieren, die Motivation zu steigern und das Bewusstsein f\u00fcr die Bedeutung und das Potenzial digitaler und transversaler Kompetenzen zu sch\u00e4rfen, die f\u00fcr den aktuellen und zuk\u00fcnftigen Arbeitsmarkt, die Bildung und&hellip;&nbsp;<a href=\"https:\/\/ourdigitalvillage.erasmus.site\/de\/participative-context-analysis-in-rural-areas\/\" rel=\"bookmark\">Weiterlesen &raquo;<span class=\"screen-reader-text\">Partizipative Kontextanalyse im l\u00e4ndlichen Raum<\/span><\/a><\/p>\n","protected":false},"author":1,"featured_media":0,"parent":0,"menu_order":0,"comment_status":"closed","ping_status":"closed","template":"","meta":{"neve_meta_sidebar":"","neve_meta_container":"","neve_meta_enable_content_width":"off","neve_meta_content_width":100,"neve_meta_title_alignment":"","neve_meta_author_avatar":"","neve_post_elements_order":"","neve_meta_disable_header":"","neve_meta_disable_footer":"","neve_meta_disable_title":"","footnotes":""},"class_list":["post-269","page","type-page","status-publish","hentry"],"_links":{"self":[{"href":"https:\/\/ourdigitalvillage.erasmus.site\/de\/wp-json\/wp\/v2\/pages\/269","targetHints":{"allow":["GET"]}}],"collection":[{"href":"https:\/\/ourdigitalvillage.erasmus.site\/de\/wp-json\/wp\/v2\/pages"}],"about":[{"href":"https:\/\/ourdigitalvillage.erasmus.site\/de\/wp-json\/wp\/v2\/types\/page"}],"author":[{"embeddable":true,"href":"https:\/\/ourdigitalvillage.erasmus.site\/de\/wp-json\/wp\/v2\/users\/1"}],"replies":[{"embeddable":true,"href":"https:\/\/ourdigitalvillage.erasmus.site\/de\/wp-json\/wp\/v2\/comments?post=269"}],"version-history":[{"count":17,"href":"https:\/\/ourdigitalvillage.erasmus.site\/de\/wp-json\/wp\/v2\/pages\/269\/revisions"}],"predecessor-version":[{"id":752,"href":"https:\/\/ourdigitalvillage.erasmus.site\/de\/wp-json\/wp\/v2\/pages\/269\/revisions\/752"}],"wp:attachment":[{"href":"https:\/\/ourdigitalvillage.erasmus.site\/de\/wp-json\/wp\/v2\/media?parent=269"}],"curies":[{"name":"wp","href":"https:\/\/api.w.org\/{rel}","templated":true}]}}