{"id":271,"date":"2023-10-31T11:27:24","date_gmt":"2023-10-31T11:27:24","guid":{"rendered":"https:\/\/ourdigitalvillage.erasmus.site\/?page_id=271"},"modified":"2024-11-21T14:37:26","modified_gmt":"2024-11-21T13:37:26","slug":"co-design-of-the-our-digital-village-activity-kit-and-evaluation-tools","status":"publish","type":"page","link":"https:\/\/ourdigitalvillage.erasmus.site\/de\/co-design-of-the-our-digital-village-activity-kit-and-evaluation-tools\/","title":{"rendered":"Co-Design des Our Digital Village Acitivity Kits und Evaluierungstools"},"content":{"rendered":"<p><img fetchpriority=\"high\" decoding=\"async\" class=\"aligncenter size-medium wp-image-143\" src=\"https:\/\/ourdigitalvillage.erasmus.site\/wp-content\/uploads\/2023\/04\/Group-10277-300x300.png\" alt=\"\" width=\"300\" height=\"300\" srcset=\"https:\/\/ourdigitalvillage.erasmus.site\/wp-content\/uploads\/2023\/04\/Group-10277-300x300.png 300w, https:\/\/ourdigitalvillage.erasmus.site\/wp-content\/uploads\/2023\/04\/Group-10277-1024x1024.png 1024w, https:\/\/ourdigitalvillage.erasmus.site\/wp-content\/uploads\/2023\/04\/Group-10277-150x150.png 150w, https:\/\/ourdigitalvillage.erasmus.site\/wp-content\/uploads\/2023\/04\/Group-10277-768x768.png 768w, https:\/\/ourdigitalvillage.erasmus.site\/wp-content\/uploads\/2023\/04\/Group-10277-1536x1536.png 1536w, https:\/\/ourdigitalvillage.erasmus.site\/wp-content\/uploads\/2023\/04\/Group-10277.png 1715w\" sizes=\"(max-width: 300px) 100vw, 300px\" \/><\/p>\n<p><span style=\"font-weight: 400;\">Unser Digitales Dorf zielt darauf ab, durch einen Co-Design-Prozess Bildungsmaterialien zu erstellen, die an verschiedene p\u00e4dagogische und geografische Kontexte angepasst werden k\u00f6nnen, um die digitalen und transversalen Fertigkeiten von Lehrer:innen, Trainer:innen und Lernenden zu st\u00e4rken, w\u00e4hrend gleichzeitig spezielle Instrumente zur Bewertung und \u00dcberwachung der Qualit\u00e4t und \u00dcbertragbarkeit der Sketche w\u00e4hrend der Testphase entwickelt werden. Das Ergebnis des Co-Design-Prozesses zwischen RMA-Expert:innen, IKT-Expert:innen, Lehrer:innen und Trainer:innen in l\u00e4ndlichen Gebieten wird ein interaktives Online- und druckbares Tool sein &#8211; das Our Digital Village Activity Kit, das praktische IKT-Aktivit\u00e4ten in Form von IKT-Challenges und p\u00e4dagogische Leitlinien f\u00fcr die Umsetzung dieser Aktivit\u00e4ten im Unterricht enth\u00e4lt.<\/span><\/p>\n<p><span style=\"font-weight: 400;\">Durch die Mitgestaltung wird sichergestellt, dass die entwickelten Materialien den Bed\u00fcrfnissen, W\u00fcnschen und Ideen entsprechen, die w\u00e4hrend des Selbstanalyseprozesses ermittelt wurden, aber auch den Anforderungen des nationalen Lehrplans oder der nationalen Politik oder Richtlinien, indem die Lehrer:innen und Trainer:innen in jedem Land um direkten Input gebeten werden.<\/span><\/p>\n<p><span style=\"font-weight: 400;\">Das Activity Kit richtet sich an Lehrer:innen und Trainer:innen in der formalen und nicht-formalen Bildung und umfasst 4 Abschnitte:<\/span><\/p>\n<ul>\n<li style=\"font-weight: 400;\" aria-level=\"1\">einen einleitenden Teil, der die Bedeutung digitaler Fertigkeiten in der heutigen digitalisierten Welt und die Wichtigkeit des Erwerbs digitaler und transversaler Fertigkeiten f\u00fcr Lehrer:innen\/Trainer:innen unterstreicht, um den Unterricht interaktiver und ansprechender zu gestalten<\/li>\n<li style=\"font-weight: 400;\" aria-level=\"1\">ein Pool von mindestens 50 Aktivit\u00e4ten, pr\u00e4sentiert als IKT-Challenges, die digitale und kreative Technologien und Computing wie Robotik, Coding, Mikrocontroller, 3D-Modellierung und -Druck sowie Web-Entwicklung verwenden. Die IKT-Challenges enthalten verschiedene Aktivit\u00e4ten zu einem bestimmten Thema oder einer digitalen Kompetenz, die in ihrem Schwierigkeitsgrad ansteigen, um die Aktivit\u00e4ten f\u00fcr verschiedene Niveaus und Altersgruppen interessant und anregend zu machen.<\/li>\n<li style=\"font-weight: 400;\" aria-level=\"1\">allgemeine p\u00e4dagogische Richtlinien, um Lehrer:innen und Trainer:innen bei der Umsetzung der Aktivit\u00e4ten zu unterst\u00fctzen, die auf den lokalen Bed\u00fcrfnissen, W\u00fcnschen und dem Kontext basieren<\/li>\n<li style=\"font-weight: 400;\" aria-level=\"1\">zus\u00e4tzliche Ressourcen f\u00fcr mehr Selbststudium<\/li>\n<\/ul>\n<p><span style=\"font-weight: 400;\">Ein Evaluierungs-Toolkit zielt auch darauf ab, die Qualit\u00e4t, Wirksamkeit und Relevanz der Aktivit\u00e4ten und Prozesse durch spezifische Ma\u00dfnahmen und Instrumente zu bewerten, die auf die \u00dcberwachung und Evaluierung der Qualit\u00e4t, Wirksamkeit und Relevanz der Aktivit\u00e4ten und Ergebnisse abzielen.<\/span><\/p>\n<p style=\"text-align: center;\"><iframe style=\"width: 100%; height: 800px;\" src=\"https:\/\/ourdigitalvillage.erasmus.site\/wp-content\/pr2\/training_de\/book.html\" frameborder=\"0\" scrolling=\"no\" seamless=\"seamless\" allowfullscreen=\"allowfullscreen\"><span style=\"display: inline-block; width: 0px; overflow: hidden; line-height: 0;\" data-mce-type=\"bookmark\" class=\"mce_SELRES_start\">\ufeff<\/span><\/iframe><br \/>\n<a class=\"btn btn-primary\" role=\"button\" href=\"https:\/\/ourdigitalvillage.erasmus.site\/wp-content\/uploads\/2024\/07\/ODV-Training-outline_DE.pdf\" target=\"_blank\" rel=\"noopener\">Download<\/a><\/p>\n<p><\/p>","protected":false},"excerpt":{"rendered":"<p>Unser Digitales Dorf zielt darauf ab, durch einen Co-Design-Prozess Bildungsmaterialien zu erstellen, die an verschiedene p\u00e4dagogische und geografische Kontexte angepasst werden k\u00f6nnen, um die digitalen und transversalen Fertigkeiten von Lehrer:innen, Trainer:innen und Lernenden zu st\u00e4rken, w\u00e4hrend gleichzeitig spezielle Instrumente zur Bewertung und \u00dcberwachung der Qualit\u00e4t und \u00dcbertragbarkeit der Sketche w\u00e4hrend der Testphase entwickelt werden. Das&hellip;&nbsp;<a href=\"https:\/\/ourdigitalvillage.erasmus.site\/de\/co-design-of-the-our-digital-village-activity-kit-and-evaluation-tools\/\" rel=\"bookmark\">Weiterlesen &raquo;<span class=\"screen-reader-text\">Co-Design des Our Digital Village Acitivity Kits und Evaluierungstools<\/span><\/a><\/p>\n","protected":false},"author":1,"featured_media":0,"parent":0,"menu_order":0,"comment_status":"closed","ping_status":"closed","template":"","meta":{"neve_meta_sidebar":"","neve_meta_container":"","neve_meta_enable_content_width":"off","neve_meta_content_width":100,"neve_meta_title_alignment":"","neve_meta_author_avatar":"","neve_post_elements_order":"","neve_meta_disable_header":"","neve_meta_disable_footer":"","neve_meta_disable_title":"","footnotes":""},"class_list":["post-271","page","type-page","status-publish","hentry"],"_links":{"self":[{"href":"https:\/\/ourdigitalvillage.erasmus.site\/de\/wp-json\/wp\/v2\/pages\/271","targetHints":{"allow":["GET"]}}],"collection":[{"href":"https:\/\/ourdigitalvillage.erasmus.site\/de\/wp-json\/wp\/v2\/pages"}],"about":[{"href":"https:\/\/ourdigitalvillage.erasmus.site\/de\/wp-json\/wp\/v2\/types\/page"}],"author":[{"embeddable":true,"href":"https:\/\/ourdigitalvillage.erasmus.site\/de\/wp-json\/wp\/v2\/users\/1"}],"replies":[{"embeddable":true,"href":"https:\/\/ourdigitalvillage.erasmus.site\/de\/wp-json\/wp\/v2\/comments?post=271"}],"version-history":[{"count":17,"href":"https:\/\/ourdigitalvillage.erasmus.site\/de\/wp-json\/wp\/v2\/pages\/271\/revisions"}],"predecessor-version":[{"id":801,"href":"https:\/\/ourdigitalvillage.erasmus.site\/de\/wp-json\/wp\/v2\/pages\/271\/revisions\/801"}],"wp:attachment":[{"href":"https:\/\/ourdigitalvillage.erasmus.site\/de\/wp-json\/wp\/v2\/media?parent=271"}],"curies":[{"name":"wp","href":"https:\/\/api.w.org\/{rel}","templated":true}]}}