{"id":273,"date":"2023-10-31T11:27:33","date_gmt":"2023-10-31T11:27:33","guid":{"rendered":"https:\/\/ourdigitalvillage.erasmus.site\/?page_id=273"},"modified":"2024-05-06T18:25:42","modified_gmt":"2024-05-06T18:25:42","slug":"ict-training-and-courses-in-the-digital-village-communities","status":"publish","type":"page","link":"https:\/\/ourdigitalvillage.erasmus.site\/de\/ict-training-and-courses-in-the-digital-village-communities\/","title":{"rendered":"IKT-Training und Kurse in den Digitalen Dorfgemeinschaften"},"content":{"rendered":"<p><img fetchpriority=\"high\" decoding=\"async\" class=\"aligncenter size-medium wp-image-144\" src=\"https:\/\/ourdigitalvillage.erasmus.site\/wp-content\/uploads\/2023\/04\/Group-10659-300x300.png\" alt=\"\" width=\"300\" height=\"300\" srcset=\"https:\/\/ourdigitalvillage.erasmus.site\/wp-content\/uploads\/2023\/04\/Group-10659-300x300.png 300w, https:\/\/ourdigitalvillage.erasmus.site\/wp-content\/uploads\/2023\/04\/Group-10659-1024x1024.png 1024w, https:\/\/ourdigitalvillage.erasmus.site\/wp-content\/uploads\/2023\/04\/Group-10659-150x150.png 150w, https:\/\/ourdigitalvillage.erasmus.site\/wp-content\/uploads\/2023\/04\/Group-10659-768x768.png 768w, https:\/\/ourdigitalvillage.erasmus.site\/wp-content\/uploads\/2023\/04\/Group-10659-1536x1536.png 1536w, https:\/\/ourdigitalvillage.erasmus.site\/wp-content\/uploads\/2023\/04\/Group-10659.png 1946w\" sizes=\"(max-width: 300px) 100vw, 300px\" \/><\/p>\n<p><span style=\"font-weight: 400;\">Um das Our Digital Village Activity Kit mit Lehrer:innen und Trainer:innen zu testen und zu bewerten, werden Schulungsaktivit\u00e4ten und IKT-Kurse in Bildungseinrichtungen und Gemeinden in den l\u00e4ndlichen Gebieten durchgef\u00fchrt:<\/span><\/p>\n<ul>\n<li style=\"font-weight: 400;\" aria-level=\"1\">Lokale Schulungen in jedem Durchf\u00fchrungsland f\u00fcr mindestens 15 Lehrer:innen und Trainer:innen zur Vermittlung von Grundkenntnissen in den Bereichen Coding, Robotik, Mikrocontroller, 3D-Modellierung und -Druck sowie Web-Entwicklung, um die im Our Digital Village Activity Kit vorgeschlagenen Aktivit\u00e4ten nutzen und an die lokalen Bed\u00fcrfnisse und Gegebenheiten anpassen zu k\u00f6nnen<\/li>\n<li style=\"font-weight: 400;\" aria-level=\"1\">4 IKT-Kurse in jedem Durchf\u00fchrungsland mit dem Ziel, die digitalen und bereichs\u00fcbergreifenden Fertigkeiten von mindestens 60 Lernenden pro Land auf der Grundlage der im Our Digital Village Activity Kit dargestellten IKT-Herausforderungen zu verbessern. Um diese Kompetenzen bei den Lernenden noch weiter zu verbessern, werden mindestens 25 % jedes IKT-Kurses der Entwicklung eines pers\u00f6nlichen Projekts gewidmet, das ein (pers\u00f6nliches, gemeinschaftliches) Problem mit Hilfe von Technologie und\/oder Codierung l\u00f6st<\/li>\n<\/ul>\n<p><\/p>","protected":false},"excerpt":{"rendered":"<p>Um das Our Digital Village Activity Kit mit Lehrer:innen und Trainer:innen zu testen und zu bewerten, werden Schulungsaktivit\u00e4ten und IKT-Kurse in Bildungseinrichtungen und Gemeinden in den l\u00e4ndlichen Gebieten durchgef\u00fchrt: Lokale Schulungen in jedem Durchf\u00fchrungsland f\u00fcr mindestens 15 Lehrer:innen und Trainer:innen zur Vermittlung von Grundkenntnissen in den Bereichen Coding, Robotik, Mikrocontroller, 3D-Modellierung und -Druck sowie Web-Entwicklung,&hellip;&nbsp;<a href=\"https:\/\/ourdigitalvillage.erasmus.site\/de\/ict-training-and-courses-in-the-digital-village-communities\/\" rel=\"bookmark\">Weiterlesen &raquo;<span class=\"screen-reader-text\">IKT-Training und Kurse in den Digitalen Dorfgemeinschaften<\/span><\/a><\/p>\n","protected":false},"author":1,"featured_media":0,"parent":0,"menu_order":0,"comment_status":"closed","ping_status":"closed","template":"","meta":{"neve_meta_sidebar":"","neve_meta_container":"","neve_meta_enable_content_width":"off","neve_meta_content_width":100,"neve_meta_title_alignment":"","neve_meta_author_avatar":"","neve_post_elements_order":"","neve_meta_disable_header":"","neve_meta_disable_footer":"","neve_meta_disable_title":"","footnotes":""},"class_list":["post-273","page","type-page","status-publish","hentry"],"_links":{"self":[{"href":"https:\/\/ourdigitalvillage.erasmus.site\/de\/wp-json\/wp\/v2\/pages\/273","targetHints":{"allow":["GET"]}}],"collection":[{"href":"https:\/\/ourdigitalvillage.erasmus.site\/de\/wp-json\/wp\/v2\/pages"}],"about":[{"href":"https:\/\/ourdigitalvillage.erasmus.site\/de\/wp-json\/wp\/v2\/types\/page"}],"author":[{"embeddable":true,"href":"https:\/\/ourdigitalvillage.erasmus.site\/de\/wp-json\/wp\/v2\/users\/1"}],"replies":[{"embeddable":true,"href":"https:\/\/ourdigitalvillage.erasmus.site\/de\/wp-json\/wp\/v2\/comments?post=273"}],"version-history":[{"count":12,"href":"https:\/\/ourdigitalvillage.erasmus.site\/de\/wp-json\/wp\/v2\/pages\/273\/revisions"}],"predecessor-version":[{"id":754,"href":"https:\/\/ourdigitalvillage.erasmus.site\/de\/wp-json\/wp\/v2\/pages\/273\/revisions\/754"}],"wp:attachment":[{"href":"https:\/\/ourdigitalvillage.erasmus.site\/de\/wp-json\/wp\/v2\/media?parent=273"}],"curies":[{"name":"wp","href":"https:\/\/api.w.org\/{rel}","templated":true}]}}