{"id":341,"date":"2023-10-31T13:02:30","date_gmt":"2023-10-31T13:02:30","guid":{"rendered":"https:\/\/ourdigitalvillage.erasmus.site\/?page_id=341"},"modified":"2024-07-18T19:02:44","modified_gmt":"2024-07-18T19:02:44","slug":"privacy-policy","status":"publish","type":"page","link":"https:\/\/ourdigitalvillage.erasmus.site\/de\/privacy-policy\/","title":{"rendered":"Datenschutzbestimmungen"},"content":{"rendered":"<p>Zuletzt aktualisiert: 31. Oktober 2023<\/p>\n<p>Diese Datenschutzrichtlinie beschreibt unsere Richtlinien und Verfahren zur Erfassung, Verwendung und Offenlegung Ihrer Daten, wenn Sie den Dienst nutzen, und informiert Sie \u00fcber Ihre Datenschutzrechte und wie das Gesetz Sie sch\u00fctzt.<\/p>\n<p>Wir verwenden Ihre pers\u00f6nlichen Daten zur Bereitstellung und Verbesserung des Dienstes. Durch die Nutzung des Dienstes erkl\u00e4ren Sie sich mit der Erfassung und Nutzung von Informationen gem\u00e4\u00df dieser Datenschutzrichtlinie einverstanden. Diese Datenschutzrichtlinie wurde mit Hilfe des Free Privacy Policy Generator erstellt.<\/p>\n<p>Interpretation und DefinitionenInterpretationDie W\u00f6rter, deren Anfangsbuchstaben gro\u00df geschrieben sind, haben die unter den nachstehenden Bedingungen definierte Bedeutung. Die folgenden Definitionen haben dieselbe Bedeutung, unabh\u00e4ngig davon, ob sie im Singular oder im Plural stehen.DefinitionenF\u00fcr die Zwecke dieser Datenschutzrichtlinie:Konto bezeichnet ein einzigartiges Konto, das f\u00fcr Sie erstellt wurde, um auf unseren Service oder Teile davon zuzugreifen.Ein verbundenes Unternehmen ist ein Unternehmen, das eine Partei kontrolliert, von ihr kontrolliert wird oder mit ihr unter gemeinsamer Kontrolle steht, wobei &#8222;Kontrolle&#8220; den Besitz von 50 % oder mehr der Aktien, Anteile oder anderer Wertpapiere bedeutet, die zur Wahl von Direktoren oder zu anderen F\u00fchrungsaufgaben berechtigt sind.Unternehmen (in diesem Vertrag entweder als &#8222;das Unternehmen&#8220;, &#8222;Wir&#8220;, &#8222;Uns&#8220; oder &#8222;Unser&#8220; bezeichnet) bezieht sich auf Danmar Computers LLC, Rzesz\u00f3w, Grunwaldzka 16c, 35-068 Rzesz\u00f3w, Polen.Cookies sind kleine Dateien, die von einer Website auf Ihrem Computer, Ihrem Mobilger\u00e4t oder einem anderen Ger\u00e4t abgelegt werden und die unter anderem Angaben zu Ihrem Surfverhalten auf dieser Website enthalten.Land bezieht sich auf: PolenGer\u00e4t ist jedes Ger\u00e4t, das auf den Dienst zugreifen kann, wie z. B. ein Computer, ein Mobiltelefon oder ein digitales Tablet.Personenbezogene Daten sind alle Informationen, die sich auf eine identifizierte oder identifizierbare Person beziehen.Der Dienst bezieht sich auf die Website.Dienstanbieter ist jede nat\u00fcrliche oder juristische Person, die die Daten im Auftrag des Unternehmens verarbeitet. Er bezieht sich auf Drittunternehmen oder Einzelpersonen, die vom Unternehmen angestellt sind, um den Dienst zu erleichtern, den Dienst im Namen des Unternehmens bereitzustellen, Dienstleistungen im Zusammenhang mit dem Dienst zu erbringen oder das Unternehmen bei der Analyse der Nutzung des Dienstes zu unterst\u00fctzen.Nutzungsdaten beziehen sich auf automatisch erfasste Daten, die entweder durch die Nutzung des Dienstes oder durch die Infrastruktur des Dienstes selbst erzeugt werden (z. B. die Dauer eines Seitenbesuchs).<a href=\"https:\/\/ourdigitalvillage.erasmus.site\/\">Die Website verweist auf OurDigitalVillage, zug\u00e4nglich \u00fcber https:\/\/ourdigitalvillage.erasmus.site\/<\/a>Sie sind die nat\u00fcrliche Person, die auf den Dienst zugreift oder ihn nutzt, oder das Unternehmen oder eine andere juristische Person, in deren Namen eine solche Person auf den Dienst zugreift oder ihn nutzt, je nach Fall.Erfassung und Verwendung Ihrer pers\u00f6nlichen DatenArten von gesammelten DatenPers\u00f6nliche Daten<\/p>\n<p>W\u00e4hrend der Nutzung Unseres Dienstes k\u00f6nnen Wir Sie bitten, Uns bestimmte personenbezogene Daten mitzuteilen, die dazu verwendet werden k\u00f6nnen, Sie zu kontaktieren oder zu identifizieren. Pers\u00f6nlich identifizierbare Informationen k\u00f6nnen unter anderem sein:<\/p>\n<p>&#8211; E-Mail Adresse<br \/>\n&#8211; Benutzungsdaten<\/p>\n<p>Verwendungsdaten<\/p>\n<p>Nutzungsdaten werden bei der Nutzung des Dienstes automatisch erfasst.<\/p>\n<p>Zu den Nutzungsdaten k\u00f6nnen Informationen wie die Internetprotokolladresse Ihres Ger\u00e4ts (z. B. IP-Adresse), der Browsertyp, die Browserversion, die von Ihnen besuchten Seiten unseres Dienstes, die Uhrzeit und das Datum Ihres Besuchs, die auf diesen Seiten verbrachte Zeit, eindeutige Ger\u00e4tekennungen und andere Diagnosedaten geh\u00f6ren.<\/p>\n<p>Wenn Sie mit oder \u00fcber ein mobiles Ger\u00e4t auf den Dienst zugreifen, k\u00f6nnen wir bestimmte Informationen automatisch erfassen, einschlie\u00dflich, aber nicht beschr\u00e4nkt auf die Art des von Ihnen verwendeten mobilen Ger\u00e4ts, die eindeutige ID Ihres mobilen Ger\u00e4ts, die IP-Adresse Ihres mobilen Ger\u00e4ts, Ihr mobiles Betriebssystem, die Art des von Ihnen verwendeten mobilen Internetbrowsers, eindeutige Ger\u00e4tekennungen und andere Diagnosedaten.<\/p>\n<p>Wir k\u00f6nnen auch Informationen sammeln, die Ihr Browser sendet, wenn Sie unseren Dienst besuchen oder wenn Sie \u00fcber ein mobiles Ger\u00e4t auf den Dienst zugreifen.<\/p>\n<p>Tracking-Technologien und CookiesWir verwenden Cookies und \u00e4hnliche Tracking-Technologien, um die Aktivit\u00e4ten auf Unserem Dienst zu verfolgen und bestimmte Informationen zu speichern. Bei den verwendeten Tracking-Technologien handelt es sich um Beacons, Tags und Skripte zur Erfassung und Verfolgung von Informationen sowie zur Verbesserung und Analyse Unseres Dienstes. Zu den von uns verwendeten Technologien k\u00f6nnen geh\u00f6ren:- Cookies oder Browser-Cookies. Ein Cookie ist eine kleine Datei, die auf Ihrem Ger\u00e4t abgelegt wird. Sie k\u00f6nnen Ihren Browser anweisen, alle Cookies abzulehnen oder anzuzeigen, wenn ein Cookie gesendet wird. Wenn Sie jedoch keine Cookies akzeptieren, k\u00f6nnen Sie m\u00f6glicherweise einige Teile unseres Dienstes nicht nutzen. Sofern Sie Ihren Browser nicht so eingestellt haben, dass er Cookies ablehnt, kann unser Dienst Cookies verwenden.<br \/>\n&#8211; Web Beacons. Bestimmte Bereiche unseres Dienstes und unserer E-Mails k\u00f6nnen kleine elektronische Dateien enthalten, die als Web Beacons (auch als Clear Gifs, Pixel Tags und Single-Pixel-Gifs bezeichnet) bekannt sind und es dem Unternehmen beispielsweise erm\u00f6glichen, die Benutzer:innen zu z\u00e4hlen, die diese Seiten besucht oder eine E-Mail ge\u00f6ffnet haben, sowie andere damit verbundene Website-Statistiken zu erstellen (z. B. die Aufzeichnung der Beliebtheit eines bestimmten Bereichs und die \u00dcberpr\u00fcfung der System- und Serverintegrit\u00e4t).Cookies k\u00f6nnen &#8222;dauerhafte&#8220; oder &#8222;Sitzungs&#8220;-Cookies sein. Dauerhafte Cookies bleiben auf Ihrem Computer oder Mobilger\u00e4t, wenn Sie offline gehen, w\u00e4hrend Sitzungscookies gel\u00f6scht werden, sobald Sie Ihren Webbrowser schlie\u00dfen. Erfahren Sie mehr \u00fcber Cookies im Artikel auf der Free Privacy Policy Website.Wir verwenden sowohl Sitzungscookies als auch dauerhafte Cookies f\u00fcr die unten genannten Zwecke:- Notwendige \/ wesentliche Cookies Typ: Sitzungs-Cookies<br \/>\nVerwaltet von: Uns<\/p>\n<p>Zweck: Diese Cookies sind unerl\u00e4sslich, um Ihnen die \u00fcber die Website verf\u00fcgbaren Dienste zur Verf\u00fcgung zu stellen und Ihnen die Nutzung einiger ihrer Funktionen zu erm\u00f6glichen. Sie helfen bei der Authentifizierung von Benutzer:innen und verhindern die betr\u00fcgerische Nutzung von Benutzer:innenkonten. Ohne diese Cookies k\u00f6nnen die von Ihnen angeforderten Dienste nicht bereitgestellt werden, und wir verwenden diese Cookies nur, um Ihnen diese Dienste zur Verf\u00fcgung zu stellen.<\/p>\n<p>&#8211; Cookies-Richtlinie \/ Hinweis Akzeptanz Cookies Typ: Dauerhafte Cookies<br \/>\nVerwaltet von: Uns<\/p>\n<p>Zweck: Diese Cookies zeigen an, ob die Benutzer:innen die Verwendung von Cookies auf der Website akzeptiert haben.<\/p>\n<p>&#8211; Funktionalit\u00e4t Cookies Typ: Dauerhafte Cookies<br \/>\nVerwaltet von: Uns<\/p>\n<p>Zweck: Diese Cookies erm\u00f6glichen es uns, die von Ihnen bei der Nutzung der Website getroffenen Entscheidungen zu speichern, z. B. Ihre Anmeldedaten oder Ihre Spracheinstellung. Der Zweck dieser Cookies ist es, Ihnen eine pers\u00f6nlichere Erfahrung zu bieten und zu vermeiden, dass Sie Ihre Pr\u00e4ferenzen jedes Mal neu eingeben m\u00fcssen, wenn Sie die Website nutzen.<\/p>\n<p>Weitere Informationen \u00fcber die von uns verwendeten Cookies und Ihre Wahlm\u00f6glichkeiten in Bezug auf Cookies finden Sie in unserer Cookie-Richtlinie oder im Abschnitt Cookies unserer Datenschutzrichtlinie.Verwendung Ihrer pers\u00f6nlichen DatenDas Unternehmen kann personenbezogene Daten f\u00fcr die folgenden Zwecke verwenden:Zur Bereitstellung und Aufrechterhaltung unseres Dienstes, einschlie\u00dflich der \u00dcberwachung der Nutzung unseres Dienstes.Zur Verwaltung Ihres Kontos: zur Verwaltung Ihrer Registrierung als Nutzer:in des Dienstes. Die von Ihnen bereitgestellten pers\u00f6nlichen Daten k\u00f6nnen Ihnen Zugang zu verschiedenen Funktionen des Dienstes geben, die Ihnen als registrierte:m Nutzer:in zur Verf\u00fcgung stehen.F\u00fcr die Erf\u00fcllung eines Vertrags: die Entwicklung, Einhaltung und Durchf\u00fchrung des Kaufvertrags f\u00fcr die Produkte, Artikel oder Dienstleistungen, die Sie gekauft haben, oder eines anderen Vertrags mit uns \u00fcber den Dienst.Um Sie zu kontaktieren: Um Sie per E-Mail, Telefonanrufe, SMS oder andere gleichwertige Formen der elektronischen Kommunikation zu kontaktieren, wie z. B. Push-Benachrichtigungen einer mobilen Anwendung in Bezug auf Aktualisierungen oder informative Mitteilungen im Zusammenhang mit den Funktionen, Produkten oder vertraglich vereinbarten Diensten, einschlie\u00dflich der Sicherheitsaktualisierungen, wenn dies f\u00fcr ihre Durchf\u00fchrung notwendig oder angemessen ist.Zurverf\u00fcgungsstellung von Neuigkeiten, Sonderangeboten und allgemeinen Informationen \u00fcber andere von uns angebotene Waren, Dienstleistungen und Veranstaltungen, die denen \u00e4hneln, die Sie bereits gekauft oder angefragt haben, es sei denn, Sie haben sich dagegen entschieden, solche Informationen zu erhalten.Um Ihre Anfragen zu verwalten: Zur Bearbeitung und Verwaltung Ihrer Anfragen an uns.F\u00fcr Unternehmens\u00fcbertragungen: Wir k\u00f6nnen Ihre Informationen verwenden, um eine Fusion, Ver\u00e4u\u00dferung, Umstrukturierung, Reorganisation, Aufl\u00f6sung oder einen anderen Verkauf oder eine \u00dcbertragung eines Teils oder aller unserer Verm\u00f6genswerte zu bewerten oder durchzuf\u00fchren, sei es als laufendes Unternehmen oder als Teil eines Konkurses, einer Liquidation oder eines \u00e4hnlichen Verfahrens, bei dem pers\u00f6nliche Daten, die wir \u00fcber unsere Dienstnutzer:innen besitzen, zu den \u00fcbertragenen Verm\u00f6genswerten geh\u00f6ren.F\u00fcr andere Zwecke: Wir k\u00f6nnen Ihre Informationen f\u00fcr andere Zwecke verwenden, wie z. B. zur Datenanalyse, zur Ermittlung von Nutzungstrends, zur Bestimmung der Wirksamkeit unserer Werbekampagnen und zur Bewertung und Verbesserung unseres Dienstes, unserer Produkte, Dienstleistungen, unseres Marketings und Ihrer Erfahrungen.Wir k\u00f6nnen Ihre personenbezogenen Daten in den folgenden Situationen weitergeben:Mit Dienstanbietern: Wir k\u00f6nnen Ihre pers\u00f6nlichen Daten mit Dienstanbietern teilen, um die Nutzung unseres Dienstes zu \u00fcberwachen und zu analysieren und um Sie zu kontaktieren.F\u00fcr Gesch\u00e4fts\u00fcbertragungen: Wir k\u00f6nnen Ihre pers\u00f6nlichen Daten in Verbindung mit oder w\u00e4hrend der Verhandlungen \u00fcber eine Fusion, den Verkauf von Unternehmensverm\u00f6gen, eine Finanzierung oder die \u00dcbernahme unseres gesamten oder eines Teils unseres Unternehmens durch ein anderes Unternehmen weitergeben oder \u00fcbertragen.Mit verbundenen Unternehmen: Wir k\u00f6nnen Ihre Daten an unsere verbundenen Unternehmen weitergeben; in diesem Fall verpflichten wir diese verbundenen Unternehmen, diese Datenschutzrichtlinie einzuhalten. Zu den verbundenen Unternehmen geh\u00f6ren unsere Muttergesellschaft und alle anderen Tochtergesellschaften, Joint-Venture-Partner oder andere Unternehmen, die wir kontrollieren oder die unter gemeinsamer Kontrolle mit uns stehen.Mit Gesch\u00e4ftspartnern: Wir k\u00f6nnen Ihre Informationen an unsere Gesch\u00e4ftspartner weitergeben, um Ihnen bestimmte Produkte, Dienstleistungen oder Werbeaktionen anzubieten.Mit anderen Nutzer:innen: Wenn Sie pers\u00f6nliche Informationen weitergeben oder auf andere Weise in den \u00f6ffentlichen Bereichen mit anderen Nutzer:innen interagieren, k\u00f6nnen diese Informationen von allen Nutzer:innen eingesehen und \u00f6ffentlich nach au\u00dfen verbreitet werden.Mit Ihrem Einverst\u00e4ndnis: Mit Ihrem Einverst\u00e4ndnis k\u00f6nnen wir Ihre pers\u00f6nlichen Daten f\u00fcr jeden anderen Zweck offenlegen.Aufbewahrung Ihrer pers\u00f6nlichen Daten<\/p>\n<p>Das Unternehmen wird Ihre pers\u00f6nlichen Daten nur so lange aufbewahren, wie es f\u00fcr die in dieser Datenschutzrichtlinie genannten Zwecke erforderlich ist. Wir werden Ihre personenbezogenen Daten in dem Umfang aufbewahren und verwenden, der erforderlich ist, um unseren rechtlichen Verpflichtungen nachzukommen (z. B. wenn wir Ihre Daten aufbewahren m\u00fcssen, um geltende Gesetze einzuhalten), Streitigkeiten beizulegen und unsere rechtlichen Vereinbarungen und Richtlinien durchzusetzen.<\/p>\n<p>Das Unternehmen speichert auch Nutzungsdaten f\u00fcr interne Analysezwecke. Nutzungsdaten werden im Allgemeinen f\u00fcr einen k\u00fcrzeren Zeitraum aufbewahrt, es sei denn, diese Daten werden verwendet, um die Sicherheit oder die Funktionalit\u00e4t unseres Dienstes zu verbessern, oder wir sind gesetzlich verpflichtet, diese Daten f\u00fcr l\u00e4ngere Zeitr\u00e4ume aufzubewahren.<\/p>\n<p>\u00dcbermittlung Ihrer pers\u00f6nlichen Daten<\/p>\n<p>Ihre Informationen, einschlie\u00dflich personenbezogener Daten, werden in den Betriebsb\u00fcros des Unternehmens und an anderen Orten verarbeitet, an denen sich die an der Verarbeitung beteiligten Parteien befinden. Das bedeutet, dass diese Daten an Computer au\u00dferhalb Ihres Staates, Ihrer Provinz, Ihres Landes oder einer anderen staatlichen Gerichtsbarkeit, in der andere Datenschutzgesetze als in Ihrer Gerichtsbarkeit gelten, \u00fcbertragen und dort gespeichert werden k\u00f6nnen.<\/p>\n<p>Mit Ihrer Zustimmung zu dieser Datenschutzrichtlinie und der anschlie\u00dfenden \u00dcbermittlung dieser Daten erkl\u00e4ren Sie sich mit dieser \u00dcbertragung einverstanden.<\/p>\n<p>Das Unternehmen wird alle angemessenen Ma\u00dfnahmen ergreifen, um sicherzustellen, dass Ihre Daten sicher und in \u00dcbereinstimmung mit dieser Datenschutzrichtlinie behandelt werden, und es wird keine \u00dcbermittlung Ihrer pers\u00f6nlichen Daten an eine Organisation oder ein Land stattfinden, wenn nicht angemessene Kontrollen vorhanden sind, die die Sicherheit Ihrer Daten und anderer pers\u00f6nlicher Informationen einschlie\u00dfen.<\/p>\n<p>L\u00f6schen Sie Ihre pers\u00f6nlichen Daten<\/p>\n<p>Sie haben das Recht, die pers\u00f6nlichen Daten, die wir \u00fcber Sie gesammelt haben, zu l\u00f6schen oder uns zu bitten, Sie bei der L\u00f6schung zu unterst\u00fctzen.<\/p>\n<p>Unser Dienst kann Ihnen die M\u00f6glichkeit geben, bestimmte Informationen \u00fcber Sie innerhalb des Dienstes zu l\u00f6schen.<\/p>\n<p>Sie k\u00f6nnen Ihre Informationen jederzeit aktualisieren, \u00e4ndern oder l\u00f6schen, indem Sie sich bei Ihrem Konto anmelden, falls Sie eines haben, und den Bereich der Kontoeinstellungen besuchen, in dem Sie Ihre pers\u00f6nlichen Informationen verwalten k\u00f6nnen. Sie k\u00f6nnen sich auch mit uns in Verbindung setzen, um Zugang zu den von Ihnen zur Verf\u00fcgung gestellten personenbezogenen Daten zu erhalten, diese zu korrigieren oder zu l\u00f6schen.<\/p>\n<p>Bitte beachten Sie jedoch, dass wir bestimmte Informationen aufbewahren m\u00fcssen, wenn wir dazu rechtlich verpflichtet sind oder eine gesetzliche Grundlage daf\u00fcr haben<\/p>\n<p>Offenlegung Ihrer pers\u00f6nlichen DatenGesch\u00e4ftsvorf\u00e4lleWenn das Unternehmen an einer Fusion, einer \u00dcbernahme oder einem Verkauf von Verm\u00f6genswerten beteiligt ist, k\u00f6nnen Ihre pers\u00f6nlichen Daten \u00fcbertragen werden. Wir werden Sie dar\u00fcber informieren, bevor Ihre pers\u00f6nlichen Daten \u00fcbertragen werden und einer anderen Datenschutzrichtlinie unterliegen.StrafverfolgungUnter bestimmten Umst\u00e4nden kann das Unternehmen verpflichtet sein, Ihre pers\u00f6nlichen Daten offen zu legen, wenn dies gesetzlich vorgeschrieben ist oder als Reaktion auf berechtigte Anfragen von Beh\u00f6rden (z. B. einem Gericht oder einer Regierungsbeh\u00f6rde).Sonstige rechtliche Anforderungen<\/p>\n<p>Das Unternehmen kann Ihre pers\u00f6nlichen Daten in gutem Glauben offenlegen, dass eine solche Ma\u00dfnahme notwendig ist, um:<\/p>\n<p>&#8211; einer gesetzlichen Verpflichtung nachzukommen<br \/>\n&#8211; die Rechte oder das Eigentum des Unternehmens zu sch\u00fctzen und zu verteidigen<br \/>\n&#8211; Verhinderung oder Untersuchung von m\u00f6glichem Fehlverhalten im Zusammenhang mit dem Dienst<br \/>\n&#8211; die pers\u00f6nliche Sicherheit der Nutzer:innen des Dienstes oder der \u00d6ffentlichkeit zu sch\u00fctzen<br \/>\n&#8211; Schutz vor rechtlicher Haftung<\/p>\n<p>Sicherheit Ihrer pers\u00f6nlichen DatenDie Sicherheit Ihrer pers\u00f6nlichen Daten ist uns wichtig, aber denken Sie daran, dass keine Methode der \u00dcbertragung \u00fcber das Internet oder der elektronischen Speicherung 100% sicher ist. Wir bem\u00fchen uns, Ihre pers\u00f6nlichen Daten mit kommerziell akzeptablen Mitteln zu sch\u00fctzen, k\u00f6nnen aber keine absolute Sicherheit garantieren.Datenschutz f\u00fcr Kinder<\/p>\n<p>Unser Service richtet sich nicht an Personen unter 13 Jahren. Wir sammeln nicht wissentlich personenbezogene Daten von Personen unter 13 Jahren. Wenn Sie ein Elternteil oder Erziehungsberechtigte:r sind und wissen, dass Ihr Kind uns personenbezogene Daten zur Verf\u00fcgung gestellt hat, kontaktieren Sie uns bitte. Wenn wir feststellen, dass wir personenbezogene Daten von Personen unter 13 Jahren ohne \u00dcberpr\u00fcfung der elterlichen Zustimmung erfasst haben, ergreifen wir Ma\u00dfnahmen, um diese Daten von unseren Servern zu entfernen.<\/p>\n<p>Wenn wir uns auf die Zustimmung als Rechtsgrundlage f\u00fcr die Verarbeitung Ihrer Daten st\u00fctzen m\u00fcssen und Ihr Land die Zustimmung eines Elternteils erfordert, k\u00f6nnen wir die Zustimmung Ihres Elternteils verlangen, bevor wir diese Daten erfassen und verwenden.<\/p>\n<p>Links zu anderen Websites<\/p>\n<p>Unser Service kann Links zu anderen Websites enthalten, die nicht von uns betrieben werden. Wenn Sie auf einen Link einer dritten Partei klicken, werden Sie auf die Seite dieser dritten Partei weitergeleitet. Wir empfehlen Ihnen dringend, die Datenschutzrichtlinien jeder von Ihnen besuchten Website zu lesen.<\/p>\n<p>Wir haben keine Kontrolle \u00fcber und \u00fcbernehmen keine Verantwortung f\u00fcr den Inhalt, die Datenschutzrichtlinien oder Praktiken von Websites oder Diensten Dritter.<\/p>\n<p>\u00c4nderungen an dieser Datenschutzrichtlinie<\/p>\n<p>Wir k\u00f6nnen unsere Datenschutzrichtlinie von Zeit zu Zeit aktualisieren. Wir werden Sie \u00fcber alle \u00c4nderungen informieren, indem wir die neue Datenschutzrichtlinie auf dieser Seite ver\u00f6ffentlichen.<\/p>\n<p>Wir informieren Sie per E-Mail und\/oder durch einen auff\u00e4lligen Hinweis in unserem Service, bevor die \u00c4nderung in Kraft tritt, und aktualisieren das Datum der &#8222;letzten Aktualisierung&#8220; oben in dieser Datenschutzrichtlinie.<\/p>\n<p>Wir empfehlen Ihnen, diese Datenschutzrichtlinie regelm\u00e4\u00dfig auf \u00c4nderungen zu \u00fcberpr\u00fcfen. \u00c4nderungen an dieser Datenschutzrichtlinie treten in Kraft, wenn sie auf dieser Seite ver\u00f6ffentlicht werden.<\/p>\n<p>Kontaktieren Sie Uns<\/p>\n<p>Wenn Sie Fragen zu dieser Datenschutzrichtlinie haben, k\u00f6nnen Sie uns kontaktieren:<\/p>\n<p>Per E-Mail: webmaster@erasmus.site<br \/>\nIndem Sie diese Seite auf unserer Website besuchen: <a href=\"https:\/\/ourdigitalvillage.erasmus.site\/\">https:\/\/ourdigitalvillage.erasmus.site\/<\/a><\/p>","protected":false},"excerpt":{"rendered":"<p>Zuletzt aktualisiert: 31. Oktober 2023 Diese Datenschutzrichtlinie beschreibt unsere Richtlinien und Verfahren zur Erfassung, Verwendung und Offenlegung Ihrer Daten, wenn Sie den Dienst nutzen, und informiert Sie \u00fcber Ihre Datenschutzrechte und wie das Gesetz Sie sch\u00fctzt. Wir verwenden Ihre pers\u00f6nlichen Daten zur Bereitstellung und Verbesserung des Dienstes. Durch die Nutzung des Dienstes erkl\u00e4ren Sie sich&hellip;&nbsp;<a href=\"https:\/\/ourdigitalvillage.erasmus.site\/de\/privacy-policy\/\" rel=\"bookmark\">Weiterlesen &raquo;<span class=\"screen-reader-text\">Datenschutzbestimmungen<\/span><\/a><\/p>\n","protected":false},"author":1,"featured_media":0,"parent":0,"menu_order":0,"comment_status":"closed","ping_status":"closed","template":"","meta":{"neve_meta_sidebar":"","neve_meta_container":"","neve_meta_enable_content_width":"off","neve_meta_content_width":100,"neve_meta_title_alignment":"","neve_meta_author_avatar":"","neve_post_elements_order":"","neve_meta_disable_header":"","neve_meta_disable_footer":"","neve_meta_disable_title":"","footnotes":""},"class_list":["post-341","page","type-page","status-publish","hentry"],"_links":{"self":[{"href":"https:\/\/ourdigitalvillage.erasmus.site\/de\/wp-json\/wp\/v2\/pages\/341","targetHints":{"allow":["GET"]}}],"collection":[{"href":"https:\/\/ourdigitalvillage.erasmus.site\/de\/wp-json\/wp\/v2\/pages"}],"about":[{"href":"https:\/\/ourdigitalvillage.erasmus.site\/de\/wp-json\/wp\/v2\/types\/page"}],"author":[{"embeddable":true,"href":"https:\/\/ourdigitalvillage.erasmus.site\/de\/wp-json\/wp\/v2\/users\/1"}],"replies":[{"embeddable":true,"href":"https:\/\/ourdigitalvillage.erasmus.site\/de\/wp-json\/wp\/v2\/comments?post=341"}],"version-history":[{"count":7,"href":"https:\/\/ourdigitalvillage.erasmus.site\/de\/wp-json\/wp\/v2\/pages\/341\/revisions"}],"predecessor-version":[{"id":777,"href":"https:\/\/ourdigitalvillage.erasmus.site\/de\/wp-json\/wp\/v2\/pages\/341\/revisions\/777"}],"wp:attachment":[{"href":"https:\/\/ourdigitalvillage.erasmus.site\/de\/wp-json\/wp\/v2\/media?parent=341"}],"curies":[{"name":"wp","href":"https:\/\/api.w.org\/{rel}","templated":true}]}}