{"id":271,"date":"2023-10-31T11:27:24","date_gmt":"2023-10-31T11:27:24","guid":{"rendered":"https:\/\/ourdigitalvillage.erasmus.site\/?page_id=271"},"modified":"2024-11-21T14:37:26","modified_gmt":"2024-11-21T13:37:26","slug":"co-design-of-the-our-digital-village-activity-kit-and-evaluation-tools","status":"publish","type":"page","link":"https:\/\/ourdigitalvillage.erasmus.site\/es\/co-design-of-the-our-digital-village-activity-kit-and-evaluation-tools\/","title":{"rendered":"Co-dise\u00f1o del Kit de Actividades y Herramientas de Evaluaci\u00f3n de Nuestra Aldea Digital"},"content":{"rendered":"<p><img fetchpriority=\"high\" decoding=\"async\" class=\"aligncenter size-medium wp-image-143\" src=\"https:\/\/ourdigitalvillage.erasmus.site\/wp-content\/uploads\/2023\/04\/Group-10277-300x300.png\" alt=\"\" width=\"300\" height=\"300\" srcset=\"https:\/\/ourdigitalvillage.erasmus.site\/wp-content\/uploads\/2023\/04\/Group-10277-300x300.png 300w, https:\/\/ourdigitalvillage.erasmus.site\/wp-content\/uploads\/2023\/04\/Group-10277-1024x1024.png 1024w, https:\/\/ourdigitalvillage.erasmus.site\/wp-content\/uploads\/2023\/04\/Group-10277-150x150.png 150w, https:\/\/ourdigitalvillage.erasmus.site\/wp-content\/uploads\/2023\/04\/Group-10277-768x768.png 768w, https:\/\/ourdigitalvillage.erasmus.site\/wp-content\/uploads\/2023\/04\/Group-10277-1536x1536.png 1536w, https:\/\/ourdigitalvillage.erasmus.site\/wp-content\/uploads\/2023\/04\/Group-10277.png 1715w\" sizes=\"(max-width: 300px) 100vw, 300px\" \/><\/p>\n<p>Nuestra Aldea Digital pretende crear materiales educativos a trav\u00e9s de un proceso de codise\u00f1o, adaptables a diferentes contextos educativos y geogr\u00e1ficos, con el objetivo de reforzar las competencias digitales y transversales de profesores, formadores y alumnos, al tiempo que se desarrollan herramientas espec\u00edficas para evaluar y supervisar la calidad y transferibilidad de las dramatizaciones durante la fase de prueba. El resultado del proceso de codise\u00f1o entre expertos en RMA, expertos en TIC, profesores y formadores de zonas rurales ser\u00e1 una herramienta interactiva en l\u00ednea e imprimible: el kit de actividades \u00abNuestra aldea digital\u00bb, que incluye actividades TIC pr\u00e1cticas en forma de retos TIC y directrices pedag\u00f3gicas para la realizaci\u00f3n de dichas actividades en clase.<\/p>\n<p>A trav\u00e9s del codise\u00f1o, se garantiza que los materiales desarrollados se correspondan con las necesidades, deseos e ideas identificadas durante el proceso de autoan\u00e1lisis, pero tambi\u00e9n con los requisitos curriculares nacionales o las pol\u00edticas o directrices nacionales, solicitando la aportaci\u00f3n directa de los profesores y formadores de cada pa\u00eds.<\/p>\n<p>El kit de actividades est\u00e1 dirigido a profesores y formadores de educaci\u00f3n formal y no formal e incluir\u00e1 4 secciones:<\/p>\n<ul>\n<li style=\"font-weight: 400;\" aria-level=\"1\">una parte introductoria que subraya la importancia de las competencias digitales en el mundo digitalizado contempor\u00e1neo, y la importancia de la adquisici\u00f3n de competencias digitales y transversales por parte de los profesores\/formadores para que la ense\u00f1anza sea m\u00e1s interactiva y atractiva<\/li>\n<li style=\"font-weight: 400;\" aria-level=\"1\">un conjunto de al menos 50 actividades presentadas como retos TIC que utilizan tecnolog\u00edas digitales y creativas e inform\u00e1tica como rob\u00f3tica, codificaci\u00f3n, microcontroladores, modelado e impresi\u00f3n 3D y desarrollo web. Los retos TIC contienen diferentes actividades para un determinado tema o competencia digital, con niveles crecientes de dificultad que har\u00e1n que las actividades sean interesantes y estimulantes para diferentes niveles y edades.<\/li>\n<li style=\"font-weight: 400;\" aria-level=\"1\">directrices pedag\u00f3gicas generales para ayudar a los profesores y formadores a poner en pr\u00e1ctica las actividades en funci\u00f3n de las necesidades, los deseos y el contexto locales<\/li>\n<li style=\"font-weight: 400;\" aria-level=\"1\">recursos adicionales para un mayor autoaprendizaje.<\/li>\n<\/ul>\n<p>Un conjunto de herramientas de evaluaci\u00f3n, cuyo objetivo es tambi\u00e9n evaluar la calidad, la eficacia y la pertinencia de las actividades, y los procesos a trav\u00e9s de medidas y herramientas espec\u00edficas destinadas a supervisar y evaluar la calidad, la eficacia y la pertinencia de las actividades y los resultados.<\/p>\n<p style=\"text-align: center;\"><iframe style=\"width: 100%; height: 800px;\" src=\"https:\/\/ourdigitalvillage.erasmus.site\/wp-content\/pr2\/training_es\/book.html\" frameborder=\"0\" scrolling=\"no\" seamless=\"seamless\" allowfullscreen=\"allowfullscreen\"><span style=\"display: inline-block; width: 0px; overflow: hidden; line-height: 0;\" data-mce-type=\"bookmark\" class=\"mce_SELRES_start\">\ufeff<\/span><\/iframe><br \/>\n<a class=\"btn btn-primary\" role=\"button\" href=\"https:\/\/ourdigitalvillage.erasmus.site\/wp-content\/uploads\/2024\/07\/ODV-Training-outline-_ES.pdf\" target=\"_blank\" rel=\"noopener\">Download<\/a><\/p>\n<p><\/p>","protected":false},"excerpt":{"rendered":"<p>Nuestra Aldea Digital pretende crear materiales educativos a trav\u00e9s de un proceso de codise\u00f1o, adaptables a diferentes contextos educativos y geogr\u00e1ficos, con el objetivo de reforzar las competencias digitales y transversales de profesores, formadores y alumnos, al tiempo que se desarrollan herramientas espec\u00edficas para evaluar y supervisar la calidad y transferibilidad de las dramatizaciones durante&hellip;&nbsp;<a href=\"https:\/\/ourdigitalvillage.erasmus.site\/es\/co-design-of-the-our-digital-village-activity-kit-and-evaluation-tools\/\" rel=\"bookmark\">Leer m\u00e1s &raquo;<span class=\"screen-reader-text\">Co-dise\u00f1o del Kit de Actividades y Herramientas de Evaluaci\u00f3n de Nuestra Aldea Digital<\/span><\/a><\/p>\n","protected":false},"author":1,"featured_media":0,"parent":0,"menu_order":0,"comment_status":"closed","ping_status":"closed","template":"","meta":{"neve_meta_sidebar":"","neve_meta_container":"","neve_meta_enable_content_width":"off","neve_meta_content_width":100,"neve_meta_title_alignment":"","neve_meta_author_avatar":"","neve_post_elements_order":"","neve_meta_disable_header":"","neve_meta_disable_footer":"","neve_meta_disable_title":"","footnotes":""},"class_list":["post-271","page","type-page","status-publish","hentry"],"_links":{"self":[{"href":"https:\/\/ourdigitalvillage.erasmus.site\/es\/wp-json\/wp\/v2\/pages\/271","targetHints":{"allow":["GET"]}}],"collection":[{"href":"https:\/\/ourdigitalvillage.erasmus.site\/es\/wp-json\/wp\/v2\/pages"}],"about":[{"href":"https:\/\/ourdigitalvillage.erasmus.site\/es\/wp-json\/wp\/v2\/types\/page"}],"author":[{"embeddable":true,"href":"https:\/\/ourdigitalvillage.erasmus.site\/es\/wp-json\/wp\/v2\/users\/1"}],"replies":[{"embeddable":true,"href":"https:\/\/ourdigitalvillage.erasmus.site\/es\/wp-json\/wp\/v2\/comments?post=271"}],"version-history":[{"count":17,"href":"https:\/\/ourdigitalvillage.erasmus.site\/es\/wp-json\/wp\/v2\/pages\/271\/revisions"}],"predecessor-version":[{"id":801,"href":"https:\/\/ourdigitalvillage.erasmus.site\/es\/wp-json\/wp\/v2\/pages\/271\/revisions\/801"}],"wp:attachment":[{"href":"https:\/\/ourdigitalvillage.erasmus.site\/es\/wp-json\/wp\/v2\/media?parent=271"}],"curies":[{"name":"wp","href":"https:\/\/api.w.org\/{rel}","templated":true}]}}