{"id":273,"date":"2023-10-31T11:27:33","date_gmt":"2023-10-31T11:27:33","guid":{"rendered":"https:\/\/ourdigitalvillage.erasmus.site\/?page_id=273"},"modified":"2024-05-06T18:25:42","modified_gmt":"2024-05-06T18:25:42","slug":"ict-training-and-courses-in-the-digital-village-communities","status":"publish","type":"page","link":"https:\/\/ourdigitalvillage.erasmus.site\/es\/ict-training-and-courses-in-the-digital-village-communities\/","title":{"rendered":"Formaci\u00f3n y cursos sobre las TIC en las comunidades de la Aldea Digital"},"content":{"rendered":"<p><img fetchpriority=\"high\" decoding=\"async\" class=\"aligncenter size-medium wp-image-144\" src=\"https:\/\/ourdigitalvillage.erasmus.site\/wp-content\/uploads\/2023\/04\/Group-10659-300x300.png\" alt=\"\" width=\"300\" height=\"300\" srcset=\"https:\/\/ourdigitalvillage.erasmus.site\/wp-content\/uploads\/2023\/04\/Group-10659-300x300.png 300w, https:\/\/ourdigitalvillage.erasmus.site\/wp-content\/uploads\/2023\/04\/Group-10659-1024x1024.png 1024w, https:\/\/ourdigitalvillage.erasmus.site\/wp-content\/uploads\/2023\/04\/Group-10659-150x150.png 150w, https:\/\/ourdigitalvillage.erasmus.site\/wp-content\/uploads\/2023\/04\/Group-10659-768x768.png 768w, https:\/\/ourdigitalvillage.erasmus.site\/wp-content\/uploads\/2023\/04\/Group-10659-1536x1536.png 1536w, https:\/\/ourdigitalvillage.erasmus.site\/wp-content\/uploads\/2023\/04\/Group-10659.png 1946w\" sizes=\"(max-width: 300px) 100vw, 300px\" \/><\/p>\n<p>Con el fin de probar y evaluar el kit de actividades de Nuestra Aldea Digital con profesores y formadores, se llevar\u00e1n a cabo actividades de formaci\u00f3n y cursos de TIC en instituciones educativas y localidades de la comunidad en todas las zonas rurales:<\/p>\n<ul>\n<li style=\"font-weight: 400;\" aria-level=\"1\">formaciones locales en cada pa\u00eds implementador dirigidas a al menos 15 profesores y formadores, para ense\u00f1ar las habilidades b\u00e1sicas de Codificaci\u00f3n, Rob\u00f3tica, Microcontroladores, Modelado e impresi\u00f3n 3D, y desarrollo web, para poder utilizar las actividades propuestas en el Kit de Actividades de Nuestra Aldea Digital, y adaptarlas a las necesidades y contexto locales<\/li>\n<li style=\"font-weight: 400;\" aria-level=\"1\">4 cursos de TIC en cada pa\u00eds implementador con el objetivo de aumentar las competencias digitales y transversales de al menos 60 alumnos por pa\u00eds, bas\u00e1ndose en los retos de las TIC presentados en el Kit de Actividades de Nuestra Aldea Digital. Con el fin de aumentar a\u00fan m\u00e1s estas competencias entre los alumnos, al menos el 25% de cada curso TIC se dedicar\u00e1 al desarrollo de un proyecto personal que resuelva un problema (personal, comunitario) mediante el uso de la tecnolog\u00eda y\/o la codificaci\u00f3n<\/li>\n<\/ul>\n<p><\/p>","protected":false},"excerpt":{"rendered":"<p>Con el fin de probar y evaluar el kit de actividades de Nuestra Aldea Digital con profesores y formadores, se llevar\u00e1n a cabo actividades de formaci\u00f3n y cursos de TIC en instituciones educativas y localidades de la comunidad en todas las zonas rurales: formaciones locales en cada pa\u00eds implementador dirigidas a al menos 15 profesores&hellip;&nbsp;<a href=\"https:\/\/ourdigitalvillage.erasmus.site\/es\/ict-training-and-courses-in-the-digital-village-communities\/\" rel=\"bookmark\">Leer m\u00e1s &raquo;<span class=\"screen-reader-text\">Formaci\u00f3n y cursos sobre las TIC en las comunidades de la Aldea Digital<\/span><\/a><\/p>\n","protected":false},"author":1,"featured_media":0,"parent":0,"menu_order":0,"comment_status":"closed","ping_status":"closed","template":"","meta":{"neve_meta_sidebar":"","neve_meta_container":"","neve_meta_enable_content_width":"off","neve_meta_content_width":100,"neve_meta_title_alignment":"","neve_meta_author_avatar":"","neve_post_elements_order":"","neve_meta_disable_header":"","neve_meta_disable_footer":"","neve_meta_disable_title":"","footnotes":""},"class_list":["post-273","page","type-page","status-publish","hentry"],"_links":{"self":[{"href":"https:\/\/ourdigitalvillage.erasmus.site\/es\/wp-json\/wp\/v2\/pages\/273","targetHints":{"allow":["GET"]}}],"collection":[{"href":"https:\/\/ourdigitalvillage.erasmus.site\/es\/wp-json\/wp\/v2\/pages"}],"about":[{"href":"https:\/\/ourdigitalvillage.erasmus.site\/es\/wp-json\/wp\/v2\/types\/page"}],"author":[{"embeddable":true,"href":"https:\/\/ourdigitalvillage.erasmus.site\/es\/wp-json\/wp\/v2\/users\/1"}],"replies":[{"embeddable":true,"href":"https:\/\/ourdigitalvillage.erasmus.site\/es\/wp-json\/wp\/v2\/comments?post=273"}],"version-history":[{"count":12,"href":"https:\/\/ourdigitalvillage.erasmus.site\/es\/wp-json\/wp\/v2\/pages\/273\/revisions"}],"predecessor-version":[{"id":754,"href":"https:\/\/ourdigitalvillage.erasmus.site\/es\/wp-json\/wp\/v2\/pages\/273\/revisions\/754"}],"wp:attachment":[{"href":"https:\/\/ourdigitalvillage.erasmus.site\/es\/wp-json\/wp\/v2\/media?parent=273"}],"curies":[{"name":"wp","href":"https:\/\/api.w.org\/{rel}","templated":true}]}}