{"id":269,"date":"2023-10-31T11:27:11","date_gmt":"2023-10-31T11:27:11","guid":{"rendered":"https:\/\/ourdigitalvillage.erasmus.site\/?page_id=269"},"modified":"2024-05-06T18:22:43","modified_gmt":"2024-05-06T18:22:43","slug":"participative-context-analysis-in-rural-areas","status":"publish","type":"page","link":"https:\/\/ourdigitalvillage.erasmus.site\/fr\/participative-context-analysis-in-rural-areas\/","title":{"rendered":"Analyse Contextuelle Participative dans les Zones Rurales"},"content":{"rendered":"<p><img fetchpriority=\"high\" decoding=\"async\" class=\"aligncenter size-medium wp-image-108\" src=\"https:\/\/ourdigitalvillage.erasmus.site\/wp-content\/uploads\/2023\/04\/Group-11401-300x300.png\" alt=\"\" width=\"300\" height=\"300\" srcset=\"https:\/\/ourdigitalvillage.erasmus.site\/wp-content\/uploads\/2023\/04\/Group-11401-300x300.png 300w, https:\/\/ourdigitalvillage.erasmus.site\/wp-content\/uploads\/2023\/04\/Group-11401-1024x1020.png 1024w, https:\/\/ourdigitalvillage.erasmus.site\/wp-content\/uploads\/2023\/04\/Group-11401-150x150.png 150w, https:\/\/ourdigitalvillage.erasmus.site\/wp-content\/uploads\/2023\/04\/Group-11401-768x765.png 768w, https:\/\/ourdigitalvillage.erasmus.site\/wp-content\/uploads\/2023\/04\/Group-11401.png 1349w\" sizes=\"(max-width: 300px) 100vw, 300px\" \/><\/p>\n<p><span style=\"font-weight: 400;\">L&rsquo;analyse contextuelle participative dans les zones rurales vise \u00e0 initier un processus d&rsquo;auto-analyse dans les zones rurales gr\u00e2ce \u00e0 une approche ma\u00efeutique r\u00e9ciproque afin d&rsquo;identifier les besoins sp\u00e9cifiques au contexte, d&rsquo;accro\u00eetre la motivation et de sensibiliser \u00e0 l&rsquo;importance et au potentiel des comp\u00e9tences num\u00e9riques et transversales n\u00e9cessaires pour le march\u00e9 du travail, l&rsquo;\u00e9ducation et la vie sociale actuels et futurs. Apr\u00e8s la cr\u00e9ation de &lsquo;Communaut\u00e9s de Village Num\u00e9rique&rsquo; compos\u00e9es d&rsquo;institutions \u00e9ducatives, d&rsquo;autorit\u00e9s locales et de d\u00e9cideurs politiques dans les zones rurales des pays participants, des ateliers d&rsquo;auto-analyse seront mis en \u0153uvre avec les groupes cibles faisant partie de la Communaut\u00e9 de Village Num\u00e9rique:<\/span><\/p>\n<ul>\n<li>au moins 10 membres du personnel enseignant (enseignants, formateurs, \u00e9ducateurs de diff\u00e9rentes institutions \u00e9ducatives ou organisations communautaires, le personnel technique ou administratif peut \u00e9galement \u00eatre inclus)<\/li>\n<li>au moins 10 \u00e9l\u00e8ves d&rsquo;\u00e9cole (du coll\u00e8ge et plus &#8211; les \u00e9tudiants de la formation professionnelle sont \u00e9galement inclus)<\/li>\n<li>au moins 10 apprenants adultes (ou d&rsquo;autres apprenants non inclus dans le syst\u00e8me scolaire)<\/li>\n<li>au moins 1 d\u00e9cideur politique dans le domaine de l&rsquo;\u00e9ducation (municipalit\u00e9, gouvernement r\u00e9gional ou national)<\/li>\n<\/ul>\n<p>Le processus d&rsquo;auto-analyse consistera en des cycles d&rsquo;ateliers nationaux visant \u00e0 discuter de la zone rurale, de la mani\u00e8re dont elle est v\u00e9cue par ses habitants, de l&rsquo;\u00e9tat actuel en termes de d\u00e9veloppement des comp\u00e9tences num\u00e9riques, sp\u00e9cifiques \u00e0 chaque groupe cible en mettant l&rsquo;accent sur les comp\u00e9tences num\u00e9riques, et \u00e0 identifier les besoins communs \u00e0 la lumi\u00e8re d&rsquo;un dialogue ouvert entre des groupes qui, autrement, ne prendraient pas le temps de s&rsquo;\u00e9couter ou de conna\u00eetre les besoins des autres, augmentant ainsi la sensibilisation, la compr\u00e9hension et le sentiment de communaut\u00e9.<\/p>\n<p>Les r\u00e9sultats des ateliers seront r\u00e9sum\u00e9s apr\u00e8s le cycle complet dans chaque pays, mettant en \u00e9vidence les besoins \u00e9mergents et dans un article scientifique complet sur le processus d&rsquo;auto-analyse par le biais de la RMA et les r\u00e9sultats dans chaque zone rurale respective.<\/p>\n<p>Manuel et cadre m\u00e9thodologique sur l&rsquo;Approche Ma\u00efeutique R\u00e9ciproque (RMA) pour l&rsquo;analyse contextuelle en vue de la transformation num\u00e9rique : Le manuel actuel est l&rsquo;un des documents essentiels qui ont soutenu la mise en \u0153uvre des ateliers d&rsquo;auto-analyse dans les zones rurales. Le document fournit des informations sur la vie de Danilo Dolci, un aper\u00e7u de l&rsquo;Approche Ma\u00efeutique R\u00e9ciproque et des informations pratiques sur la mise en \u0153uvre des ateliers, fournissant ainsi des outils et des suggestions pour les formateurs ma\u00efeutiques dans cette premi\u00e8re phase de la mise en \u0153uvre du projet. Le manuel a fonctionn\u00e9 comme une r\u00e9f\u00e9rence pour tous les coordinateurs ma\u00efeutiques pendant les cycles d&rsquo;ateliers et constitue une ressource pour les futurs formateurs ou chercheurs qui souhaitent cr\u00e9er un changement dans l&rsquo;\u00e9ducation et la sensibilisation gr\u00e2ce \u00e0 des processus participatifs et des ateliers d&rsquo;auto-analyse en dehors du projet.<\/p>\n<p style=\"text-align: center;\"><a class=\"btn btn-primary\" role=\"button\" href=\"https:\/\/ourdigitalvillage.erasmus.site\/wp-content\/uploads\/2023\/11\/ODV_RMA_Manual_EN.pdf\" download=\"\">Download<\/a><\/p>\n<p><\/p>","protected":false},"excerpt":{"rendered":"<p>L&rsquo;analyse contextuelle participative dans les zones rurales vise \u00e0 initier un processus d&rsquo;auto-analyse dans les zones rurales gr\u00e2ce \u00e0 une approche ma\u00efeutique r\u00e9ciproque afin d&rsquo;identifier les besoins sp\u00e9cifiques au contexte, d&rsquo;accro\u00eetre la motivation et de sensibiliser \u00e0 l&rsquo;importance et au potentiel des comp\u00e9tences num\u00e9riques et transversales n\u00e9cessaires pour le march\u00e9 du travail, l&rsquo;\u00e9ducation et la&hellip;&nbsp;<a href=\"https:\/\/ourdigitalvillage.erasmus.site\/fr\/participative-context-analysis-in-rural-areas\/\" rel=\"bookmark\">Lire la suite &raquo;<span class=\"screen-reader-text\">Analyse Contextuelle Participative dans les Zones Rurales<\/span><\/a><\/p>\n","protected":false},"author":1,"featured_media":0,"parent":0,"menu_order":0,"comment_status":"closed","ping_status":"closed","template":"","meta":{"neve_meta_sidebar":"","neve_meta_container":"","neve_meta_enable_content_width":"off","neve_meta_content_width":100,"neve_meta_title_alignment":"","neve_meta_author_avatar":"","neve_post_elements_order":"","neve_meta_disable_header":"","neve_meta_disable_footer":"","neve_meta_disable_title":"","footnotes":""},"class_list":["post-269","page","type-page","status-publish","hentry"],"_links":{"self":[{"href":"https:\/\/ourdigitalvillage.erasmus.site\/fr\/wp-json\/wp\/v2\/pages\/269","targetHints":{"allow":["GET"]}}],"collection":[{"href":"https:\/\/ourdigitalvillage.erasmus.site\/fr\/wp-json\/wp\/v2\/pages"}],"about":[{"href":"https:\/\/ourdigitalvillage.erasmus.site\/fr\/wp-json\/wp\/v2\/types\/page"}],"author":[{"embeddable":true,"href":"https:\/\/ourdigitalvillage.erasmus.site\/fr\/wp-json\/wp\/v2\/users\/1"}],"replies":[{"embeddable":true,"href":"https:\/\/ourdigitalvillage.erasmus.site\/fr\/wp-json\/wp\/v2\/comments?post=269"}],"version-history":[{"count":17,"href":"https:\/\/ourdigitalvillage.erasmus.site\/fr\/wp-json\/wp\/v2\/pages\/269\/revisions"}],"predecessor-version":[{"id":752,"href":"https:\/\/ourdigitalvillage.erasmus.site\/fr\/wp-json\/wp\/v2\/pages\/269\/revisions\/752"}],"wp:attachment":[{"href":"https:\/\/ourdigitalvillage.erasmus.site\/fr\/wp-json\/wp\/v2\/media?parent=269"}],"curies":[{"name":"wp","href":"https:\/\/api.w.org\/{rel}","templated":true}]}}