{"id":271,"date":"2023-10-31T11:27:24","date_gmt":"2023-10-31T11:27:24","guid":{"rendered":"https:\/\/ourdigitalvillage.erasmus.site\/?page_id=271"},"modified":"2024-11-21T14:37:26","modified_gmt":"2024-11-21T13:37:26","slug":"co-design-of-the-our-digital-village-activity-kit-and-evaluation-tools","status":"publish","type":"page","link":"https:\/\/ourdigitalvillage.erasmus.site\/fr\/co-design-of-the-our-digital-village-activity-kit-and-evaluation-tools\/","title":{"rendered":"Co-conception du Kit d&rsquo;Activit\u00e9s et des Outils d&rsquo;\u00c9valuation de notre Village Num\u00e9rique"},"content":{"rendered":"<p><img fetchpriority=\"high\" decoding=\"async\" class=\"aligncenter size-medium wp-image-143\" src=\"https:\/\/ourdigitalvillage.erasmus.site\/wp-content\/uploads\/2023\/04\/Group-10277-300x300.png\" alt=\"\" width=\"300\" height=\"300\" srcset=\"https:\/\/ourdigitalvillage.erasmus.site\/wp-content\/uploads\/2023\/04\/Group-10277-300x300.png 300w, https:\/\/ourdigitalvillage.erasmus.site\/wp-content\/uploads\/2023\/04\/Group-10277-1024x1024.png 1024w, https:\/\/ourdigitalvillage.erasmus.site\/wp-content\/uploads\/2023\/04\/Group-10277-150x150.png 150w, https:\/\/ourdigitalvillage.erasmus.site\/wp-content\/uploads\/2023\/04\/Group-10277-768x768.png 768w, https:\/\/ourdigitalvillage.erasmus.site\/wp-content\/uploads\/2023\/04\/Group-10277-1536x1536.png 1536w, https:\/\/ourdigitalvillage.erasmus.site\/wp-content\/uploads\/2023\/04\/Group-10277.png 1715w\" sizes=\"(max-width: 300px) 100vw, 300px\" \/><\/p>\n<p><span style=\"font-weight: 400;\">Notre Village Num\u00e9rique vise \u00e0 cr\u00e9er des mat\u00e9riels \u00e9ducatifs \u00e0 travers un processus de co-conception, qui sont adaptables \u00e0 diff\u00e9rents contextes \u00e9ducatifs et g\u00e9ographiques dans le but de renforcer les comp\u00e9tences num\u00e9riques et transversales des enseignants, formateurs et apprenants, tout en d\u00e9veloppant des outils d\u00e9di\u00e9s pour \u00e9valuer et surveiller la qualit\u00e9 et la transf\u00e9rabilit\u00e9 des comp\u00e9tences pendant la phase de test. Les r\u00e9sultats du processus de co-conception entre les experts en RMA, les experts en TIC, les enseignants et les formateurs dans les zones rurales seront un outil interactif en ligne et imprimable &#8211; le Kit d&rsquo;Activit\u00e9s Notre Village Num\u00e9rique, comprenant des activit\u00e9s pratiques en TIC sous la forme de d\u00e9fis en TIC et des lignes directrices p\u00e9dagogiques pour la mise en \u0153uvre de ces activit\u00e9s en classe.<\/span><\/p>\n<p><span style=\"font-weight: 400;\">Gr\u00e2ce \u00e0 la co-conception, il est assur\u00e9 que les mat\u00e9riaux d\u00e9velopp\u00e9s correspondront aux besoins, aux d\u00e9sirs et aux id\u00e9es identifi\u00e9s lors du processus d&rsquo;auto-analyse, mais aussi aux exigences du programme national ou aux politiques nationales ou directives en sollicitant la contribution directe des enseignants et formateurs dans chaque pays.<\/span><\/p>\n<p>Le kit d&rsquo;activit\u00e9s s&rsquo;adresse aux enseignants et formateurs de l&rsquo;\u00e9ducation formelle et non formelle et comprendra 4 sections :<\/p>\n<ul>\n<li>une partie introductive soulignant l&rsquo;importance des comp\u00e9tences num\u00e9riques dans le monde num\u00e9ris\u00e9 contemporain, et l&rsquo;importance de l&rsquo;acquisition de comp\u00e9tences num\u00e9riques et transversales pour les enseignants\/formateurs afin de rendre l&rsquo;enseignement plus interactif et engageant ;<\/li>\n<li>un ensemble d&rsquo;au moins 50 activit\u00e9s pr\u00e9sent\u00e9es sous forme de d\u00e9fis en TIC utilisant des technologies num\u00e9riques et cr\u00e9atives ainsi que l&rsquo;informatique, telles que la robotique, le codage, les microcontr\u00f4leurs, la mod\u00e9lisation et l&rsquo;impression 3D, et le d\u00e9veloppement web. Les d\u00e9fis en TIC contiennent diff\u00e9rentes activit\u00e9s pour un th\u00e8me ou une comp\u00e9tence num\u00e9rique sp\u00e9cifique, avec<\/li>\n<li>des niveaux de difficult\u00e9 croissants, ce qui rendra les activit\u00e9s int\u00e9ressantes et stimulantes pour diff\u00e9rents niveaux et \u00e2ges ;<\/li>\n<li>des lignes directrices p\u00e9dagogiques g\u00e9n\u00e9rales pour aider les enseignants et formateurs \u00e0 mettre en \u0153uvre les activit\u00e9s en fonction des besoins, des d\u00e9sirs et du contexte local ;<\/li>\n<li>des ressources suppl\u00e9mentaires pour un apprentissage autonome plus approfondi.<\/li>\n<\/ul>\n<p><span style=\"font-weight: 400;\">Une trousse d&rsquo;\u00e9valuation vise \u00e9galement \u00e0 \u00e9valuer la qualit\u00e9, l&rsquo;efficacit\u00e9 et la pertinence des activit\u00e9s et des processus \u00e0 travers des mesures et des outils sp\u00e9cifiques visant \u00e0 surveiller et \u00e9valuer la qualit\u00e9, l&rsquo;efficacit\u00e9 et la pertinence des activit\u00e9s et des r\u00e9sultats.<\/span><\/p>\n<p style=\"text-align: center;\"><iframe style=\"width: 100%; height: 800px;\" src=\"https:\/\/ourdigitalvillage.erasmus.site\/wp-content\/pr2\/training_en\/book.html\" frameborder=\"0\" scrolling=\"no\" seamless=\"seamless\" allowfullscreen=\"allowfullscreen\"><span style=\"display: inline-block; width: 0px; overflow: hidden; line-height: 0;\" data-mce-type=\"bookmark\" class=\"mce_SELRES_start\">\ufeff<\/span><\/iframe><br \/>\n<a class=\"btn btn-primary\" role=\"button\" href=\"https:\/\/ourdigitalvillage.erasmus.site\/wp-content\/uploads\/2024\/07\/ODV-Training-outline_EN.pdf\" target=\"_blank\" rel=\"noopener\">Download<\/a><\/p>\n<p><\/p>","protected":false},"excerpt":{"rendered":"<p>Notre Village Num\u00e9rique vise \u00e0 cr\u00e9er des mat\u00e9riels \u00e9ducatifs \u00e0 travers un processus de co-conception, qui sont adaptables \u00e0 diff\u00e9rents contextes \u00e9ducatifs et g\u00e9ographiques dans le but de renforcer les comp\u00e9tences num\u00e9riques et transversales des enseignants, formateurs et apprenants, tout en d\u00e9veloppant des outils d\u00e9di\u00e9s pour \u00e9valuer et surveiller la qualit\u00e9 et la transf\u00e9rabilit\u00e9 des&hellip;&nbsp;<a href=\"https:\/\/ourdigitalvillage.erasmus.site\/fr\/co-design-of-the-our-digital-village-activity-kit-and-evaluation-tools\/\" rel=\"bookmark\">Lire la suite &raquo;<span class=\"screen-reader-text\">Co-conception du Kit d&rsquo;Activit\u00e9s et des Outils d&rsquo;\u00c9valuation de notre Village Num\u00e9rique<\/span><\/a><\/p>\n","protected":false},"author":1,"featured_media":0,"parent":0,"menu_order":0,"comment_status":"closed","ping_status":"closed","template":"","meta":{"neve_meta_sidebar":"","neve_meta_container":"","neve_meta_enable_content_width":"off","neve_meta_content_width":100,"neve_meta_title_alignment":"","neve_meta_author_avatar":"","neve_post_elements_order":"","neve_meta_disable_header":"","neve_meta_disable_footer":"","neve_meta_disable_title":"","footnotes":""},"class_list":["post-271","page","type-page","status-publish","hentry"],"_links":{"self":[{"href":"https:\/\/ourdigitalvillage.erasmus.site\/fr\/wp-json\/wp\/v2\/pages\/271","targetHints":{"allow":["GET"]}}],"collection":[{"href":"https:\/\/ourdigitalvillage.erasmus.site\/fr\/wp-json\/wp\/v2\/pages"}],"about":[{"href":"https:\/\/ourdigitalvillage.erasmus.site\/fr\/wp-json\/wp\/v2\/types\/page"}],"author":[{"embeddable":true,"href":"https:\/\/ourdigitalvillage.erasmus.site\/fr\/wp-json\/wp\/v2\/users\/1"}],"replies":[{"embeddable":true,"href":"https:\/\/ourdigitalvillage.erasmus.site\/fr\/wp-json\/wp\/v2\/comments?post=271"}],"version-history":[{"count":17,"href":"https:\/\/ourdigitalvillage.erasmus.site\/fr\/wp-json\/wp\/v2\/pages\/271\/revisions"}],"predecessor-version":[{"id":801,"href":"https:\/\/ourdigitalvillage.erasmus.site\/fr\/wp-json\/wp\/v2\/pages\/271\/revisions\/801"}],"wp:attachment":[{"href":"https:\/\/ourdigitalvillage.erasmus.site\/fr\/wp-json\/wp\/v2\/media?parent=271"}],"curies":[{"name":"wp","href":"https:\/\/api.w.org\/{rel}","templated":true}]}}