{"id":273,"date":"2023-10-31T11:27:33","date_gmt":"2023-10-31T11:27:33","guid":{"rendered":"https:\/\/ourdigitalvillage.erasmus.site\/?page_id=273"},"modified":"2024-05-06T18:25:42","modified_gmt":"2024-05-06T18:25:42","slug":"ict-training-and-courses-in-the-digital-village-communities","status":"publish","type":"page","link":"https:\/\/ourdigitalvillage.erasmus.site\/fr\/ict-training-and-courses-in-the-digital-village-communities\/","title":{"rendered":"Formation aux TIC et Cours dans les Communaut\u00e9s du Village Num\u00e9rique"},"content":{"rendered":"<p><img fetchpriority=\"high\" decoding=\"async\" class=\"aligncenter size-medium wp-image-144\" src=\"https:\/\/ourdigitalvillage.erasmus.site\/wp-content\/uploads\/2023\/04\/Group-10659-300x300.png\" alt=\"\" width=\"300\" height=\"300\" srcset=\"https:\/\/ourdigitalvillage.erasmus.site\/wp-content\/uploads\/2023\/04\/Group-10659-300x300.png 300w, https:\/\/ourdigitalvillage.erasmus.site\/wp-content\/uploads\/2023\/04\/Group-10659-1024x1024.png 1024w, https:\/\/ourdigitalvillage.erasmus.site\/wp-content\/uploads\/2023\/04\/Group-10659-150x150.png 150w, https:\/\/ourdigitalvillage.erasmus.site\/wp-content\/uploads\/2023\/04\/Group-10659-768x768.png 768w, https:\/\/ourdigitalvillage.erasmus.site\/wp-content\/uploads\/2023\/04\/Group-10659-1536x1536.png 1536w, https:\/\/ourdigitalvillage.erasmus.site\/wp-content\/uploads\/2023\/04\/Group-10659.png 1946w\" sizes=\"(max-width: 300px) 100vw, 300px\" \/><\/p>\n<p><span style=\"font-weight: 400;\">Afin de tester et d&rsquo;\u00e9valuer le Kit d&rsquo;Activit\u00e9s Notre Village Num\u00e9rique avec les enseignants et formateurs, des activit\u00e9s de formation et des cours sur les TIC dans les \u00e9tablissements \u00e9ducatifs et les lieux communautaires dans toutes les zones rurales seront mis en \u0153uvre :<\/span><\/p>\n<ul>\n<li>Formations locales dans chaque pays de mise en \u0153uvre, destin\u00e9es \u00e0 au moins 15 enseignants et formateurs, pour enseigner les comp\u00e9tences de base en codage, robotique, microcontr\u00f4leurs, mod\u00e9lisation et impression 3D, et d\u00e9veloppement web, afin de pouvoir utiliser les activit\u00e9s propos\u00e9es dans le Kit d&rsquo;Activit\u00e9s Notre Village Num\u00e9rique et les adapter aux besoins et au contexte local.<\/li>\n<li>4 cours sur les TIC dans chaque pays de mise en \u0153uvre dans le but d&rsquo;augmenter les comp\u00e9tences num\u00e9riques et transversales d&rsquo;au moins 60 apprenants par pays, bas\u00e9s sur les d\u00e9fis en TIC pr\u00e9sent\u00e9s dans le Kit d&rsquo;Activit\u00e9s Notre Village Num\u00e9rique. Afin d&rsquo;accro\u00eetre encore davantage ces comp\u00e9tences chez les apprenants, au moins 25 % de chaque cours sur les TIC sera consacr\u00e9 au d\u00e9veloppement d&rsquo;un projet personnel qui r\u00e9sout un probl\u00e8me (personnel, communautaire) en utilisant la technologie et\/ou le codage.<\/li>\n<\/ul>\n<p><\/p>","protected":false},"excerpt":{"rendered":"<p>Afin de tester et d&rsquo;\u00e9valuer le Kit d&rsquo;Activit\u00e9s Notre Village Num\u00e9rique avec les enseignants et formateurs, des activit\u00e9s de formation et des cours sur les TIC dans les \u00e9tablissements \u00e9ducatifs et les lieux communautaires dans toutes les zones rurales seront mis en \u0153uvre : Formations locales dans chaque pays de mise en \u0153uvre, destin\u00e9es \u00e0&hellip;&nbsp;<a href=\"https:\/\/ourdigitalvillage.erasmus.site\/fr\/ict-training-and-courses-in-the-digital-village-communities\/\" rel=\"bookmark\">Lire la suite &raquo;<span class=\"screen-reader-text\">Formation aux TIC et Cours dans les Communaut\u00e9s du Village Num\u00e9rique<\/span><\/a><\/p>\n","protected":false},"author":1,"featured_media":0,"parent":0,"menu_order":0,"comment_status":"closed","ping_status":"closed","template":"","meta":{"neve_meta_sidebar":"","neve_meta_container":"","neve_meta_enable_content_width":"off","neve_meta_content_width":100,"neve_meta_title_alignment":"","neve_meta_author_avatar":"","neve_post_elements_order":"","neve_meta_disable_header":"","neve_meta_disable_footer":"","neve_meta_disable_title":"","footnotes":""},"class_list":["post-273","page","type-page","status-publish","hentry"],"_links":{"self":[{"href":"https:\/\/ourdigitalvillage.erasmus.site\/fr\/wp-json\/wp\/v2\/pages\/273","targetHints":{"allow":["GET"]}}],"collection":[{"href":"https:\/\/ourdigitalvillage.erasmus.site\/fr\/wp-json\/wp\/v2\/pages"}],"about":[{"href":"https:\/\/ourdigitalvillage.erasmus.site\/fr\/wp-json\/wp\/v2\/types\/page"}],"author":[{"embeddable":true,"href":"https:\/\/ourdigitalvillage.erasmus.site\/fr\/wp-json\/wp\/v2\/users\/1"}],"replies":[{"embeddable":true,"href":"https:\/\/ourdigitalvillage.erasmus.site\/fr\/wp-json\/wp\/v2\/comments?post=273"}],"version-history":[{"count":12,"href":"https:\/\/ourdigitalvillage.erasmus.site\/fr\/wp-json\/wp\/v2\/pages\/273\/revisions"}],"predecessor-version":[{"id":754,"href":"https:\/\/ourdigitalvillage.erasmus.site\/fr\/wp-json\/wp\/v2\/pages\/273\/revisions\/754"}],"wp:attachment":[{"href":"https:\/\/ourdigitalvillage.erasmus.site\/fr\/wp-json\/wp\/v2\/media?parent=273"}],"curies":[{"name":"wp","href":"https:\/\/api.w.org\/{rel}","templated":true}]}}