{"id":341,"date":"2023-10-31T13:02:30","date_gmt":"2023-10-31T13:02:30","guid":{"rendered":"https:\/\/ourdigitalvillage.erasmus.site\/?page_id=341"},"modified":"2024-07-18T19:02:44","modified_gmt":"2024-07-18T19:02:44","slug":"privacy-policy","status":"publish","type":"page","link":"https:\/\/ourdigitalvillage.erasmus.site\/fr\/privacy-policy\/","title":{"rendered":"Politique de confidentialit\u00e9"},"content":{"rendered":"<p>Politique de confidentialit\u00e9Derni\u00e8re mise \u00e0 jour : 31 octobre 2023Cette politique de confidentialit\u00e9 d\u00e9crit nos politiques et proc\u00e9dures en mati\u00e8re de collecte, d&rsquo;utilisation et de divulgation de vos informations lorsque vous utilisez le service et vous informe de vos droits en mati\u00e8re de confidentialit\u00e9 et de la mani\u00e8re dont la loi vous prot\u00e8ge.Interpr\u00e9tation et D\u00e9finitionsInterpr\u00e9tationLes mots dont la premi\u00e8re lettre est majuscule ont des significations d\u00e9finies dans les conditions suivantes. Les d\u00e9finitions suivantes auront la m\u00eame signification ind\u00e9pendamment de leur apparition au singulier ou au pluriel.D\u00e9finitionsAux fins de cette politique de confidentialit\u00e9 :Compte signifie un compte unique cr\u00e9\u00e9 pour vous permettre d&rsquo;acc\u00e9der \u00e0 notre service ou \u00e0 certaines parties de notre service.Affili\u00e9 signifie une entit\u00e9 qui contr\u00f4le, est contr\u00f4l\u00e9e par ou est sous le contr\u00f4le commun d&rsquo;une partie, o\u00f9 \u00ab\u00a0contr\u00f4le\u00a0\u00bb signifie la propri\u00e9t\u00e9 de 50% ou plus des actions, des int\u00e9r\u00eats en capitaux propres ou d&rsquo;autres valeurs mobili\u00e8res ayant le droit de voter pour l&rsquo;\u00e9lection de directeurs ou d&rsquo;autres autorit\u00e9s de gestion.Soci\u00e9t\u00e9 (d\u00e9sign\u00e9e soit comme \u00ab la Soci\u00e9t\u00e9 \u00bb, \u00ab Nous \u00bb, \u00ab Notre \u00bb ou \u00ab Nos \u00bb dans cet accord) fait r\u00e9f\u00e9rence \u00e0 Danmar Computers LLC, Rzesz\u00f3w, Grunwaldzka 16c, 35-068 Rzesz\u00f3w, Pologne.Les cookies sont de petits fichiers plac\u00e9s sur votre ordinateur, appareil mobile ou tout autre appareil par un site Web, contenant les d\u00e9tails de votre historique de navigation sur ce site parmi ses nombreuses utilisations.Pays fait r\u00e9f\u00e9rence \u00e0 : PologneAppareil d\u00e9signe tout appareil capable d&rsquo;acc\u00e9der au Service, tel qu&rsquo;un ordinateur, un t\u00e9l\u00e9phone portable ou une tablette num\u00e9rique.Donn\u00e9es personnelles d\u00e9signent toute information se rapportant \u00e0 une personne identifi\u00e9e ou identifiable.Service fait r\u00e9f\u00e9rence au Site Web.Prestataire de services d\u00e9signe toute personne physique ou morale qui traite les donn\u00e9es au nom de la Soci\u00e9t\u00e9. Il s&rsquo;agit de soci\u00e9t\u00e9s ou de personnes tierces employ\u00e9es par la Soci\u00e9t\u00e9 pour faciliter le Service, fournir le Service au nom de la Soci\u00e9t\u00e9, effectuer des services li\u00e9s au Service ou aider la Soci\u00e9t\u00e9 \u00e0 analyser la mani\u00e8re dont le Service est utilis\u00e9.Donn\u00e9es d&rsquo;utilisation font r\u00e9f\u00e9rence aux donn\u00e9es collect\u00e9es automatiquement, g\u00e9n\u00e9r\u00e9es soit par l&rsquo;utilisation du Service, soit par l&rsquo;infrastructure du Service elle-m\u00eame (par exemple, la dur\u00e9e d&rsquo;une visite de page).Site Web fait r\u00e9f\u00e9rence \u00e0 OurDigitalVillage, accessible depuis https:\/\/ourdigitalvillage.erasmus.site\/Vous d\u00e9signe la personne acc\u00e9dant ou utilisant le Service, ou l&rsquo;entreprise ou toute autre entit\u00e9 juridique au nom de laquelle cette personne acc\u00e8de ou utilise le Service, le cas \u00e9ch\u00e9ant.Collecte et utilisation de vos donn\u00e9es personnellesTypes de donn\u00e9es collect\u00e9esDonn\u00e9es personnellesLors de l&rsquo;utilisation de notre service, nous pouvons vous demander de nous fournir certaines informations personnellement identifiables pouvant \u00eatre utilis\u00e9es pour vous contacter ou vous identifier. Les informations personnellement identifiables peuvent inclure, mais sans s&rsquo;y limiter :<br \/>\n&#8211; Adresse e-mail<br \/>\n&#8211; Donn\u00e9es d&rsquo;utilisationDonn\u00e9es d&rsquo;utilisationLes donn\u00e9es d&rsquo;utilisation sont collect\u00e9es automatiquement lors de l&rsquo;utilisation du service.<br \/>\nLes donn\u00e9es d&rsquo;utilisation peuvent inclure des informations telles que l&rsquo;adresse de protocole Internet de votre appareil (par exemple, adresse IP), le type de navigateur, la version du navigateur, les pages de notre service que vous visitez, l&rsquo;heure et la date de votre visite, le temps pass\u00e9 sur ces pages, des identifiants uniques de l&rsquo;appareil et d&rsquo;autres donn\u00e9es de diagnostic.<br \/>\nLorsque vous acc\u00e9dez au service par le biais d&rsquo;un appareil mobile, nous pouvons collecter automatiquement certaines informations, notamment, mais sans s&rsquo;y limiter, le type d&rsquo;appareil mobile que vous utilisez, l&rsquo;ID unique de votre appareil mobile, l&rsquo;adresse IP de votre appareil mobile, votre syst\u00e8me d&rsquo;exploitation mobile, le type de navigateur Internet mobile que vous utilisez, des identifiants uniques de l&rsquo;appareil et d&rsquo;autres donn\u00e9es de diagnostic.<br \/>\nNous pouvons \u00e9galement collecter des informations que votre navigateur envoie chaque fois que vous visitez notre service ou lorsque vous acc\u00e9dez au service par le biais d&rsquo;un appareil mobile.Technologies de suivi et cookiesNous utilisons des cookies et des technologies de suivi similaires pour suivre l&rsquo;activit\u00e9 sur notre service et stocker certaines informations. Les technologies de suivi utilis\u00e9es sont des balises, des balises et des scripts pour collecter et suivre des informations et pour am\u00e9liorer et analyser notre service. Les technologies que nous utilisons peuvent inclure :- Cookies ou Cookies de navigateur. Un cookie est un petit fichier plac\u00e9 sur votre appareil. Vous pouvez indiquer \u00e0 votre navigateur de refuser tous les cookies ou de vous indiquer quand un cookie est envoy\u00e9. Cependant, si vous n&rsquo;acceptez pas les cookies, vous ne pourrez peut-\u00eatre pas utiliser certaines parties de notre service. Sauf si vous avez ajust\u00e9 les param\u00e8tres de votre navigateur pour refuser les cookies, notre service peut utiliser des cookies.<br \/>\n&#8211; Balises Web. Certaines sections de notre service et de nos e-mails peuvent contenir de petits fichiers \u00e9lectroniques appel\u00e9s balises web (\u00e9galement appel\u00e9s gifs transparents, balises pixel et gifs \u00e0 pixel unique) qui permettent \u00e0 la Soci\u00e9t\u00e9, par exemple, de compter les utilisateurs qui ont visit\u00e9 ces pages ou ouvert un e-mail et pour d&rsquo;autres statistiques li\u00e9es au site Web (par exemple, enregistrement de la popularit\u00e9 d&rsquo;une certaine section et v\u00e9rification de l&rsquo;int\u00e9grit\u00e9 du syst\u00e8me et du serveur).Les cookies peuvent \u00eatre des cookies \u00ab\u00a0persistants\u00a0\u00bb ou \u00ab\u00a0de session\u00a0\u00bb. Les cookies persistants restent sur votre ordinateur personnel ou votre appareil mobile lorsque vous vous d\u00e9connectez, tandis que les cookies de session sont supprim\u00e9s d\u00e8s que vous fermez votre navigateur Web. En savoir plus sur les cookies sur l&rsquo;article du site Web Free Privacy Policy.Nous utilisons \u00e0 la fois des cookies de session et persistants aux fins \u00e9nonc\u00e9es ci-dessous :- Cookies n\u00e9cessaires \/ Cookies essentiels Type : Cookies de session<br \/>\nAdministr\u00e9s par : Nous<\/p>\n<p>Objectif : Ces cookies sont essentiels pour vous fournir des services disponibles sur le site Web et vous permettre d&rsquo;utiliser certaines de ses fonctionnalit\u00e9s. Ils contribuent \u00e0 authentifier les utilisateurs et \u00e0 pr\u00e9venir une utilisation frauduleuse des comptes d&rsquo;utilisateurs. Sans ces cookies, les services que vous avez demand\u00e9s ne peuvent pas \u00eatre fournis, et nous n&rsquo;utilisons ces cookies que pour vous fournir ces services.<\/p>\n<p>Politique en mati\u00e8re de cookies \/ Cookies d&rsquo;acceptation de l&rsquo;avis Type : Cookies persistants<br \/>\nAdministr\u00e9s par : Nous<br \/>\nObjectif : Ces cookies identifient si les utilisateurs ont accept\u00e9 l&rsquo;utilisation de cookies sur le site Web.<\/p>\n<p>Cookies de fonctionnalit\u00e9 Type : Cookies persistants<br \/>\nAdministr\u00e9s par : Nous<br \/>\nObjectif : Ces cookies nous permettent de m\u00e9moriser les choix que vous faites lorsque vous utilisez le site Web, tels que la m\u00e9morisation de vos donn\u00e9es de connexion ou de vos pr\u00e9f\u00e9rences linguistiques. Le but de ces cookies est de vous offrir une exp\u00e9rience plus personnelle et d&rsquo;\u00e9viter que vous ayez \u00e0 saisir \u00e0 nouveau vos pr\u00e9f\u00e9rences chaque fois que vous utilisez le site Web<\/p>\n<p>Pour plus d&rsquo;informations sur les cookies que nous utilisons et vos choix en mati\u00e8re de cookies, veuillez visiter notre Politique en mati\u00e8re de cookies ou la section des cookies de notre Politique de confidentialit\u00e9.Utilisation de vos donn\u00e9es personnellesLa soci\u00e9t\u00e9 peut utiliser les donn\u00e9es personnelles \u00e0 des fins telles que :Pour fournir et maintenir notre service, y compris surveiller l&rsquo;utilisation de notre service.Pour g\u00e9rer votre compte : pour g\u00e9rer votre inscription en tant qu&rsquo;utilisateur du service. Les donn\u00e9es personnelles que vous fournissez peuvent vous donner acc\u00e8s \u00e0 diff\u00e9rentes fonctionnalit\u00e9s du service qui sont disponibles pour vous en tant qu&rsquo;utilisateur enregistr\u00e9.Pour l&rsquo;ex\u00e9cution d&rsquo;un contrat: le d\u00e9veloppement, la conformit\u00e9 et la r\u00e9alisation du contrat d&rsquo;achat des produits, articles ou services que vous avez achet\u00e9s ou de tout autre contrat avec nous via le service.Pour vous contacter: pour vous contacter par e-mail, appels t\u00e9l\u00e9phoniques, SMS, ou d&rsquo;autres formes \u00e9quivalentes de communication \u00e9lectronique, telles que les notifications push d&rsquo;une application mobile concernant les mises \u00e0 jour ou les communications informatives li\u00e9es aux fonctionnalit\u00e9s, produits ou services, y compris les mises \u00e0 jour de s\u00e9curit\u00e9, lorsque cela est n\u00e9cessaire ou raisonnable pour leur mise en \u0153uvre.Pour vous fournir des actualit\u00e9s, des offres sp\u00e9ciales et des informations g\u00e9n\u00e9rales sur d&rsquo;autres biens, services et \u00e9v\u00e9nements que nous proposons et qui sont similaires \u00e0 ceux que vous avez d\u00e9j\u00e0 achet\u00e9s ou sur lesquels vous avez d\u00e9j\u00e0 demand\u00e9 des informations, sauf si vous avez choisi de ne pas recevoir de telles informations.Pour g\u00e9rer vos demandes: pour r\u00e9pondre \u00e0 vos demandes.Pour les transferts commerciaux: nous pouvons utiliser vos informations pour \u00e9valuer ou r\u00e9aliser une fusion, une cession, une restructuration, une r\u00e9organisation, une dissolution ou une autre vente ou transfert de tout ou partie de nos actifs, que ce soit en tant qu&rsquo;entreprise en activit\u00e9 ou dans le cadre d&rsquo;une faillite, d&rsquo;une liquidation ou d&rsquo;une proc\u00e9dure similaire, dans laquelle les donn\u00e9es personnelles d\u00e9tenues par nous concernant nos utilisateurs de service font partie des actifs transf\u00e9r\u00e9s.\u00c0 d&rsquo;autres fins: nous pouvons utiliser vos informations \u00e0 d&rsquo;autres fins, telles que l&rsquo;analyse des donn\u00e9es, l&rsquo;identification des tendances d&rsquo;utilisation, la d\u00e9termination de l&rsquo;efficacit\u00e9 de nos campagnes promotionnelles et pour \u00e9valuer et am\u00e9liorer notre service, nos produits, nos services, notre marketing et votre exp\u00e9rience.Nous pouvons partager vos informations personnelles dans les situations suivantes :Avec des prestataires de services: nous pouvons partager vos informations personnelles avec des prestataires de services pour surveiller et analyser l&rsquo;utilisation de notre service, afin de vous contacter.Pour les transferts commerciaux: nous pouvons partager ou transf\u00e9rer vos informations personnelles dans le cadre, ou pendant les n\u00e9gociations, de toute fusion, vente d&rsquo;actifs de la soci\u00e9t\u00e9, financement ou acquisition de tout ou partie de notre activit\u00e9 par une autre entreprise.Avec des affili\u00e9s: nous pouvons partager vos informations avec nos affili\u00e9s, auquel cas nous demanderons \u00e0 ces affili\u00e9s de respecter cette politique de confidentialit\u00e9. Les affili\u00e9s incluent notre soci\u00e9t\u00e9 m\u00e8re et toutes les autres filiales, partenaires de coentreprise ou autres soci\u00e9t\u00e9s que nous contr\u00f4lons ou qui sont sous notre contr\u00f4le commun.Avec des partenaires commerciaux: nous pouvons partager vos informations avec nos partenaires commerciaux pour vous offrir certains produits, services ou promotions.Avec d&rsquo;autres utilisateurs: lorsque vous partagez des informations personnelles ou interagissez autrement dans les zones publiques avec d&rsquo;autres utilisateurs, ces informations peuvent \u00eatre consult\u00e9es par tous les utilisateurs et peuvent \u00eatre distribu\u00e9es publiquement \u00e0 l&rsquo;ext\u00e9rieur.Avec votre consentement: nous pouvons divulguer vos informations personnelles \u00e0 toute autre fin avec votre consentement.Conservation de vos donn\u00e9es personnellesLa soci\u00e9t\u00e9 conservera vos donn\u00e9es personnelles uniquement pendant la dur\u00e9e n\u00e9cessaire aux fins \u00e9nonc\u00e9es dans cette politique de confidentialit\u00e9. Nous conserverons et utiliserons vos donn\u00e9es personnelles dans la mesure n\u00e9cessaire pour nous conformer \u00e0 nos obligations l\u00e9gales (par exemple, si nous sommes tenus de conserver vos donn\u00e9es pour nous conformer aux lois applicables), r\u00e9soudre les litiges et faire respecter nos accords et politiques juridiques.<br \/>\nLa soci\u00e9t\u00e9 conservera \u00e9galement les donn\u00e9es d&rsquo;utilisation \u00e0 des fins d&rsquo;analyse interne. Les donn\u00e9es d&rsquo;utilisation sont g\u00e9n\u00e9ralement conserv\u00e9es pendant une p\u00e9riode plus courte, sauf lorsque ces donn\u00e9es sont utilis\u00e9es pour renforcer la s\u00e9curit\u00e9 ou am\u00e9liorer la fonctionnalit\u00e9 de notre service, ou lorsque nous sommes l\u00e9galement oblig\u00e9s de conserver ces donn\u00e9es plus longtemps.Transfert de vos donn\u00e9es personnellesVos informations, y compris les donn\u00e9es personnelles, sont trait\u00e9es aux bureaux op\u00e9rationnels de la soci\u00e9t\u00e9 et dans tout autre lieu o\u00f9 les parties impliqu\u00e9es dans le traitement sont situ\u00e9es. Cela signifie que ces informations peuvent \u00eatre transf\u00e9r\u00e9es vers \u2014 et conserv\u00e9es sur \u2014 des ordinateurs situ\u00e9s en dehors de votre \u00e9tat, province, pays ou autre juridiction gouvernementale o\u00f9 les lois sur la protection des donn\u00e9es peuvent diff\u00e9rer de celles de votre juridiction.<br \/>\nVotre consentement \u00e0 cette politique de confidentialit\u00e9, suivi de votre soumission de telles informations, repr\u00e9sente votre accord \u00e0 ce transfert.<br \/>\nLa soci\u00e9t\u00e9 prendra toutes les mesures raisonnablement n\u00e9cessaires pour s&rsquo;assurer que vos donn\u00e9es sont trait\u00e9es de mani\u00e8re s\u00e9curis\u00e9e et conform\u00e9ment \u00e0 cette politique de confidentialit\u00e9, et aucun transfert de vos donn\u00e9es personnelles n&rsquo;aura lieu vers une organisation ou un pays \u00e0 moins que des contr\u00f4les ad\u00e9quats ne soient en place, y compris la s\u00e9curit\u00e9 de vos donn\u00e9es et autres informations personnelles.Suppression de vos donn\u00e9es personnellesVous avez le droit de supprimer ou de demander que nous vous aidions \u00e0 supprimer les donn\u00e9es personnelles que nous avons collect\u00e9es \u00e0 votre sujet.<br \/>\nNotre service peut vous donner la possibilit\u00e9 de supprimer certaines informations vous concernant depuis le service.<br \/>\nVous pouvez mettre \u00e0 jour, modifier ou supprimer vos informations \u00e0 tout moment en vous connectant \u00e0 votre compte, le cas \u00e9ch\u00e9ant, et en visitant la section des param\u00e8tres du compte qui vous permet de g\u00e9rer vos informations personnelles.<br \/>\nVous pouvez \u00e9galement nous contacter pour demander l&rsquo;acc\u00e8s, la correction ou la suppression de toutes les informations personnelles que vous nous avez fournies.<br \/>\nVeuillez noter, cependant, que nous pouvons avoir besoin de conserver certaines informations lorsque nous avons une obligation l\u00e9gale ou une base l\u00e9gale pour le faire.Divulgation de vos donn\u00e9es personnellesTransactions commerciales\u00a0Si la soci\u00e9t\u00e9 est impliqu\u00e9e dans une fusion, une acquisition ou une vente d&rsquo;actifs, vos donn\u00e9es personnelles peuvent \u00eatre transf\u00e9r\u00e9es. Nous vous fournirons un avis avant que vos donn\u00e9es personnelles soient transf\u00e9r\u00e9es et soient soumises \u00e0 une politique de confidentialit\u00e9 diff\u00e9rente.Application de la loi\u00a0Dans certaines circonstances, la soci\u00e9t\u00e9 peut \u00eatre tenue de divulguer vos donn\u00e9es personnelles si la loi l&rsquo;exige ou en r\u00e9ponse \u00e0 des demandes valides d&rsquo;autorit\u00e9s publiques (par exemple, un tribunal ou une agence gouvernementale).Autres obligations l\u00e9galesLa soci\u00e9t\u00e9 peut divulguer vos donn\u00e9es personnelles dans la conviction de bonne foi qu&rsquo;une telle action est n\u00e9cessaire pour :<br \/>\n-Respecter une obligation l\u00e9gale;<br \/>\n&#8211; Prot\u00e9ger et d\u00e9fendre les droits ou la propri\u00e9t\u00e9 de la soci\u00e9t\u00e9;<br \/>\n&#8211; Pr\u00e9venir ou enqu\u00eater sur un \u00e9ventuel acte r\u00e9pr\u00e9hensible en lien avec le service;<br \/>\n&#8211; Prot\u00e9ger la s\u00e9curit\u00e9 personnelle des utilisateurs du service ou du public;<br \/>\n&#8211; Se prot\u00e9ger contre la responsabilit\u00e9 l\u00e9gale.S\u00e9curit\u00e9 de vos donn\u00e9es personnellesLa s\u00e9curit\u00e9 de vos donn\u00e9es personnelles est importante pour nous, mais rappelez-vous qu&rsquo;aucune m\u00e9thode de transmission sur Internet ou m\u00e9thode de stockage \u00e9lectronique n&rsquo;est s\u00e9curis\u00e9e \u00e0 100%. Bien que nous nous efforcions d&rsquo;utiliser des moyens commercialement acceptables pour prot\u00e9ger vos donn\u00e9es personnelles, nous ne pouvons pas garantir leur s\u00e9curit\u00e9 absolue.Vie priv\u00e9e des enfantsNotre service ne s&rsquo;adresse pas \u00e0 personne de moins de 13 ans. Nous ne collectons pas sciemment d&rsquo;informations personnellement identifiables de personnes de moins de 13 ans. Si vous \u00eates un parent ou un tuteur et que vous \u00eates conscient que votre enfant nous a fourni des donn\u00e9es personnelles, veuillez nous contacter. Si nous prenons conscience que nous avons collect\u00e9 des donn\u00e9es personnelles de personnes de moins de 13 ans sans v\u00e9rification du consentement parental, nous prenons des mesures pour retirer ces informations de nos serveurs.<br \/>\nSi nous devons nous appuyer sur le consentement comme base l\u00e9gale pour le traitement de vos informations et que votre pays exige le consentement d&rsquo;un parent, nous pouvons exiger le consentement de votre parent avant de collecter et d&rsquo;utiliser ces informations.Liens vers d&rsquo;autres sites webNotre service peut contenir des liens vers d&rsquo;autres sites Web qui ne sont pas exploit\u00e9s par nous. Si vous cliquez sur un lien tiers, vous serez dirig\u00e9 vers le site de ce tiers. Nous vous conseillons vivement de consulter la politique de confidentialit\u00e9 de chaque site que vous visitez.<br \/>\nNous n&rsquo;avons aucun contr\u00f4le sur le contenu, les politiques de confidentialit\u00e9 ou les pratiques de tout site ou service tiers.Modifications de cette politique de confidentialit\u00e9Nous pouvons mettre \u00e0 jour notre politique de confidentialit\u00e9 de temps \u00e0 autre. Nous vous informerons de tout changement en publiant la nouvelle politique de confidentialit\u00e9 sur cette page.<br \/>\nNous vous informerons par e-mail et\/ou un avis en \u00e9vidence sur notre service, avant que le changement ne devienne effectif et mettrons \u00e0 jour la date de Derni\u00e8re mise \u00e0 jour\u00a0\u00bb en haut de cette politique de confidentialit\u00e9.<br \/>\nVous \u00eates conseill\u00e9 de consulter p\u00e9riodiquement cette politique de confidentialit\u00e9 pour tout changement. Les modifications apport\u00e9es \u00e0 cette politique de confidentialit\u00e9 sont effectives lorsqu&rsquo;elles sont publi\u00e9es sur cette page.\u00a0\u00bbContactez-nousSi vous avez des questions concernant cette politique de confidentialit\u00e9, vous pouvez nous contacter : Par email : webmaster@erasmus.site<br \/>\nEn visitant cette page sur notre site Web : https:\/\/ourdigitalvillage.erasmus.site\/<\/p>","protected":false},"excerpt":{"rendered":"<p>Politique de confidentialit\u00e9Derni\u00e8re mise \u00e0 jour : 31 octobre 2023Cette politique de confidentialit\u00e9 d\u00e9crit nos politiques et proc\u00e9dures en mati\u00e8re de collecte, d&rsquo;utilisation et de divulgation de vos informations lorsque vous utilisez le service et vous informe de vos droits en mati\u00e8re de confidentialit\u00e9 et de la mani\u00e8re dont la loi vous prot\u00e8ge.Interpr\u00e9tation et D\u00e9finitionsInterpr\u00e9tationLes&hellip;&nbsp;<a href=\"https:\/\/ourdigitalvillage.erasmus.site\/fr\/privacy-policy\/\" rel=\"bookmark\">Lire la suite &raquo;<span class=\"screen-reader-text\">Politique de confidentialit\u00e9<\/span><\/a><\/p>\n","protected":false},"author":1,"featured_media":0,"parent":0,"menu_order":0,"comment_status":"closed","ping_status":"closed","template":"","meta":{"neve_meta_sidebar":"","neve_meta_container":"","neve_meta_enable_content_width":"off","neve_meta_content_width":100,"neve_meta_title_alignment":"","neve_meta_author_avatar":"","neve_post_elements_order":"","neve_meta_disable_header":"","neve_meta_disable_footer":"","neve_meta_disable_title":"","footnotes":""},"class_list":["post-341","page","type-page","status-publish","hentry"],"_links":{"self":[{"href":"https:\/\/ourdigitalvillage.erasmus.site\/fr\/wp-json\/wp\/v2\/pages\/341","targetHints":{"allow":["GET"]}}],"collection":[{"href":"https:\/\/ourdigitalvillage.erasmus.site\/fr\/wp-json\/wp\/v2\/pages"}],"about":[{"href":"https:\/\/ourdigitalvillage.erasmus.site\/fr\/wp-json\/wp\/v2\/types\/page"}],"author":[{"embeddable":true,"href":"https:\/\/ourdigitalvillage.erasmus.site\/fr\/wp-json\/wp\/v2\/users\/1"}],"replies":[{"embeddable":true,"href":"https:\/\/ourdigitalvillage.erasmus.site\/fr\/wp-json\/wp\/v2\/comments?post=341"}],"version-history":[{"count":7,"href":"https:\/\/ourdigitalvillage.erasmus.site\/fr\/wp-json\/wp\/v2\/pages\/341\/revisions"}],"predecessor-version":[{"id":777,"href":"https:\/\/ourdigitalvillage.erasmus.site\/fr\/wp-json\/wp\/v2\/pages\/341\/revisions\/777"}],"wp:attachment":[{"href":"https:\/\/ourdigitalvillage.erasmus.site\/fr\/wp-json\/wp\/v2\/media?parent=341"}],"curies":[{"name":"wp","href":"https:\/\/api.w.org\/{rel}","templated":true}]}}