{"id":269,"date":"2023-10-31T11:27:11","date_gmt":"2023-10-31T11:27:11","guid":{"rendered":"https:\/\/ourdigitalvillage.erasmus.site\/?page_id=269"},"modified":"2024-05-06T18:22:43","modified_gmt":"2024-05-06T18:22:43","slug":"participative-context-analysis-in-rural-areas","status":"publish","type":"page","link":"https:\/\/ourdigitalvillage.erasmus.site\/it\/participative-context-analysis-in-rural-areas\/","title":{"rendered":"Analisi partecipativa del contesto nelle aree rurali"},"content":{"rendered":"<p><img fetchpriority=\"high\" decoding=\"async\" class=\"aligncenter size-medium wp-image-108\" src=\"https:\/\/ourdigitalvillage.erasmus.site\/wp-content\/uploads\/2023\/04\/Group-11401-300x300.png\" alt=\"\" width=\"300\" height=\"300\" srcset=\"https:\/\/ourdigitalvillage.erasmus.site\/wp-content\/uploads\/2023\/04\/Group-11401-300x300.png 300w, https:\/\/ourdigitalvillage.erasmus.site\/wp-content\/uploads\/2023\/04\/Group-11401-1024x1020.png 1024w, https:\/\/ourdigitalvillage.erasmus.site\/wp-content\/uploads\/2023\/04\/Group-11401-150x150.png 150w, https:\/\/ourdigitalvillage.erasmus.site\/wp-content\/uploads\/2023\/04\/Group-11401-768x765.png 768w, https:\/\/ourdigitalvillage.erasmus.site\/wp-content\/uploads\/2023\/04\/Group-11401.png 1349w\" sizes=\"(max-width: 300px) 100vw, 300px\" \/><\/p>\n<p><span style=\"font-weight: 400;\">L\u2019analisi partecipativa del contesto nelle aree rurali mira ad avviare un processo di autoanalisi nelle aree rurali attraverso l\u2019Approccio Maieutico Reciproco al fine di identificare bisogni specifici del contesto, aumentare la motivazione e aumentare la consapevolezza sull\u2019importanza e il potenziale delle competenze digitali e trasversali necessarie per l\u2019attuale e futuro sviluppo del mercato del lavoro, dell\u2019istruzione e della vita sociale. Dopo la creazione di &#8220;Comunit\u00e0 Digitali&#8221; composte da istituzioni educative, autorit\u00e0 locali e responsabili delle politiche nelle aree rurali dei paesi partner, saranno imessi in pratica laboratori di autoanalisi con gruppi target che fanno parte della Comunit\u00e0 Digitale:<\/span><\/p>\n<ul>\n<li style=\"font-weight: 400;\" aria-level=\"1\">almeno 10 docenti o personale educativo (insegnanti, formatori e formatrici, educatori ed educatrici provenienti da diverse istituzioni educative o organizzazioni comunitarie; pu\u00f2 essere incluso anche il personale tecnico o amministrativo)<\/li>\n<li style=\"font-weight: 400;\" aria-level=\"1\">almeno 10 studenti e studentesse in et\u00e0 scolare (dalle scuole medie in su \u2013 sono inclus3 anche studenti e studentesse dell&#8217;IFP)<\/li>\n<li style=\"font-weight: 400;\" aria-level=\"1\">almeno 10 discenti in et\u00e0 adulta (o altr3 discenti non inserit3 nel sistema scolastico)<\/li>\n<li style=\"font-weight: 400;\" aria-level=\"1\">almeno 1 responsabile delle politiche nel campo dell&#8217;istruzione (comune, governo regionale o nazionale)<\/li>\n<\/ul>\n<p>Il processo di autoanalisi consister\u00e0 in cicli di laboratori nazionali per discutere dell&#8217;area rurale, di come viene vissuta da chi ci vive, dello stato attuale in termini di sviluppo delle competenze digitali, specifico per ciascun gruppo target e per identificare i bisogni comuni alla luce di un dialogo aperto tra gruppi che altrimenti non avrebbero avuoto la possibilit\u00e0 di ascoltare o conoscere i reciproci bisogni, aumentando cos\u00ec la consapevolezza, la comprensione e il sentimento di comunit\u00e0.<\/p>\n<p>I risultati dei laboratori saranno riassunti dopo il ciclo completo in ciascun paese, evidenziando i bisogni emersi in un articolo scientifico completo sul processo di autoanalisi attraverso la l&#8217;AMR e sui risultati in ciascuna rispettiva area rurale.<\/p>\n<p>Manuale e quadro metodologico sull&#8217; AMR per l&#8217;analisi del contesto verso la trasformazione digitale: l&#8217;attuale manuale \u00e8 uno dei documenti fondamentali che hanno supportato l&#8217;implementazione dei laboratori di autoanalisi nelle aree rurali. Il documento fornisce approfondimenti sulla vita di Danilo Dolci, una panoramica sull&#8217;Approccio Maieutico Reciproco e informazioni pratiche sulla realizzazione dei laboratori, fornendo cos\u00ec strumenti e suggerimenti per i formatori e formatrici maieutici in questa prima fase di attuazione del progetto. Il manuale \u00e8 servito da riferimento per tutti i coordinatori maieutici e le coordinatrici durante i cicli di laboratori ed \u00e8 una risorsa per futur3 formatori, formatrici, ricercatori e ricercatrici che vogliono creare cambiamento nell&#8217;educazione e nella sensibilizzazione attraverso processi partecipativi e laboratori di autoanalisi anche al di fuori del progetto.<\/p>\n<p style=\"text-align: center;\"><a class=\"btn btn-primary\" role=\"button\" href=\"https:\/\/ourdigitalvillage.erasmus.site\/wp-content\/uploads\/2023\/11\/ODV_RMA_Manual_EN.pdf\" download=\"\">Download<\/a><\/p>\n<p><\/p>","protected":false},"excerpt":{"rendered":"<p>L\u2019analisi partecipativa del contesto nelle aree rurali mira ad avviare un processo di autoanalisi nelle aree rurali attraverso l\u2019Approccio Maieutico Reciproco al fine di identificare bisogni specifici del contesto, aumentare la motivazione e aumentare la consapevolezza sull\u2019importanza e il potenziale delle competenze digitali e trasversali necessarie per l\u2019attuale e futuro sviluppo del mercato del lavoro,&hellip;&nbsp;<a href=\"https:\/\/ourdigitalvillage.erasmus.site\/it\/participative-context-analysis-in-rural-areas\/\" rel=\"bookmark\">Leggi tutto &raquo;<span class=\"screen-reader-text\">Analisi partecipativa del contesto nelle aree rurali<\/span><\/a><\/p>\n","protected":false},"author":1,"featured_media":0,"parent":0,"menu_order":0,"comment_status":"closed","ping_status":"closed","template":"","meta":{"neve_meta_sidebar":"","neve_meta_container":"","neve_meta_enable_content_width":"off","neve_meta_content_width":100,"neve_meta_title_alignment":"","neve_meta_author_avatar":"","neve_post_elements_order":"","neve_meta_disable_header":"","neve_meta_disable_footer":"","neve_meta_disable_title":"","footnotes":""},"class_list":["post-269","page","type-page","status-publish","hentry"],"_links":{"self":[{"href":"https:\/\/ourdigitalvillage.erasmus.site\/it\/wp-json\/wp\/v2\/pages\/269","targetHints":{"allow":["GET"]}}],"collection":[{"href":"https:\/\/ourdigitalvillage.erasmus.site\/it\/wp-json\/wp\/v2\/pages"}],"about":[{"href":"https:\/\/ourdigitalvillage.erasmus.site\/it\/wp-json\/wp\/v2\/types\/page"}],"author":[{"embeddable":true,"href":"https:\/\/ourdigitalvillage.erasmus.site\/it\/wp-json\/wp\/v2\/users\/1"}],"replies":[{"embeddable":true,"href":"https:\/\/ourdigitalvillage.erasmus.site\/it\/wp-json\/wp\/v2\/comments?post=269"}],"version-history":[{"count":17,"href":"https:\/\/ourdigitalvillage.erasmus.site\/it\/wp-json\/wp\/v2\/pages\/269\/revisions"}],"predecessor-version":[{"id":752,"href":"https:\/\/ourdigitalvillage.erasmus.site\/it\/wp-json\/wp\/v2\/pages\/269\/revisions\/752"}],"wp:attachment":[{"href":"https:\/\/ourdigitalvillage.erasmus.site\/it\/wp-json\/wp\/v2\/media?parent=269"}],"curies":[{"name":"wp","href":"https:\/\/api.w.org\/{rel}","templated":true}]}}