{"id":271,"date":"2023-10-31T11:27:24","date_gmt":"2023-10-31T11:27:24","guid":{"rendered":"https:\/\/ourdigitalvillage.erasmus.site\/?page_id=271"},"modified":"2024-11-21T14:37:26","modified_gmt":"2024-11-21T13:37:26","slug":"co-design-of-the-our-digital-village-activity-kit-and-evaluation-tools","status":"publish","type":"page","link":"https:\/\/ourdigitalvillage.erasmus.site\/it\/co-design-of-the-our-digital-village-activity-kit-and-evaluation-tools\/","title":{"rendered":"Co-progettazione del kit di attivit\u00e0 Our Digital Village e strumenti di valutazione"},"content":{"rendered":"<p><img fetchpriority=\"high\" decoding=\"async\" class=\"aligncenter size-medium wp-image-143\" src=\"https:\/\/ourdigitalvillage.erasmus.site\/wp-content\/uploads\/2023\/04\/Group-10277-300x300.png\" alt=\"\" width=\"300\" height=\"300\" srcset=\"https:\/\/ourdigitalvillage.erasmus.site\/wp-content\/uploads\/2023\/04\/Group-10277-300x300.png 300w, https:\/\/ourdigitalvillage.erasmus.site\/wp-content\/uploads\/2023\/04\/Group-10277-1024x1024.png 1024w, https:\/\/ourdigitalvillage.erasmus.site\/wp-content\/uploads\/2023\/04\/Group-10277-150x150.png 150w, https:\/\/ourdigitalvillage.erasmus.site\/wp-content\/uploads\/2023\/04\/Group-10277-768x768.png 768w, https:\/\/ourdigitalvillage.erasmus.site\/wp-content\/uploads\/2023\/04\/Group-10277-1536x1536.png 1536w, https:\/\/ourdigitalvillage.erasmus.site\/wp-content\/uploads\/2023\/04\/Group-10277.png 1715w\" sizes=\"(max-width: 300px) 100vw, 300px\" \/><\/p>\n<p>Our Digital Village mira a creare materiali didattici attraverso un processo di co-progettazione, adattabili a diversi contesti educativi e geografici con l&#8217;obiettivo di rafforzare le competenze digitali e trasversali di insegnanti, formatori, formatrici e discenti, sviluppando al contempo strumenti dedicati per valutare e monitorare la qualit\u00e0 e trasferibilit\u00e0 dei risultati durante la fase di test. I risultati del processo di coprogettazione tra esperti AMR, esperti TIC, insegnanti, formatori e formatrici nelle aree rurali saranno racchiusi in uno strumento interattivo online e stampabile: il kit di attivit\u00e0 Our Digital Village, che comprender\u00e0 attivit\u00e0 pratiche sotto forma di sfide TIC e linee guida pedagogiche per la realizzazione di tali attivit\u00e0 in classe.<\/p>\n<p>La co-progettazione garantisce che i materiali sviluppati corrispondano ai bisogni, ai desideri e alle idee identificati durante il processo di autoanalisi, ma anche ai requisiti del curricolo nazionale o alle politiche o linee guida nazionali, chiedendo il contributo diretto di insegnanti, formatori e formatrici in ogni paese.<\/p>\n<p><span style=\"font-weight: 400;\">Il kit di attivit\u00e0 \u00e8 rivolto a insegnanti, formatori e formatrici nell&#8217;istruzione formale e non formale e comprender\u00e0 4 sezioni:<\/span><\/p>\n<ul>\n<li style=\"font-weight: 400;\" aria-level=\"1\">parte introduttiva che sottolinea l\u2019importanza delle competenze digitali nel mondo digitalizzato contemporaneo, e l\u2019importanza dell\u2019acquisizione di competenze digitali e trasversali per docenti, formatori e formatrici per rendere la didattica pi\u00f9 interattiva e coinvolgente<\/li>\n<li style=\"font-weight: 400;\" aria-level=\"1\">un gruppo di almeno 50 attivit\u00e0 presentate come sfide TIC che utilizzano tecnologie digitali e informatiche creative come robotica, coding, microcontrollori, modellazione e stampa 3D e sviluppo web. Le sfide TIC contengono diverse attivit\u00e0 per un determinato tema o competenza digitale, con livelli crescenti di difficolt\u00e0 che renderanno le attivit\u00e0 interessanti e stimolanti per diversi livelli ed et\u00e0<\/li>\n<li style=\"font-weight: 400;\" aria-level=\"1\">Linee guida pedagogiche generali per supportare insegnanti, formatrici e formatori nell&#8217;attuazione delle attivit\u00e0 in base ai bisogni, ai desideri e al contesto locale<\/li>\n<li style=\"font-weight: 400;\" aria-level=\"1\">risorse extra per uno studio pi\u00f9 autonomo<\/li>\n<\/ul>\n<p><span style=\"font-weight: 400;\">Un set di strumenti di valutazione mira anche a valutare attivit\u00e0 e processi attraverso misure e strumenti specifici volti a monitorare e valutare la qualit\u00e0, l&#8217;efficacia e la rilevanza delle attivit\u00e0 e dei risultati.<\/span><\/p>\n<p style=\"text-align: center;\"><iframe style=\"width: 100%; height: 800px;\" src=\"https:\/\/ourdigitalvillage.erasmus.site\/wp-content\/pr2\/training_it\/book.html\" frameborder=\"0\" scrolling=\"no\" seamless=\"seamless\" allowfullscreen=\"allowfullscreen\"><span style=\"display: inline-block; width: 0px; overflow: hidden; line-height: 0;\" data-mce-type=\"bookmark\" class=\"mce_SELRES_start\">\ufeff<\/span><\/iframe><br \/>\n<a class=\"btn btn-primary\" role=\"button\" href=\"https:\/\/ourdigitalvillage.erasmus.site\/wp-content\/uploads\/2024\/07\/ODV-Training-outline_IT.pdf\" target=\"_blank\" rel=\"noopener\">Download<\/a><\/p>\n<p><\/p>","protected":false},"excerpt":{"rendered":"<p>Our Digital Village mira a creare materiali didattici attraverso un processo di co-progettazione, adattabili a diversi contesti educativi e geografici con l&#8217;obiettivo di rafforzare le competenze digitali e trasversali di insegnanti, formatori, formatrici e discenti, sviluppando al contempo strumenti dedicati per valutare e monitorare la qualit\u00e0 e trasferibilit\u00e0 dei risultati durante la fase di test.&hellip;&nbsp;<a href=\"https:\/\/ourdigitalvillage.erasmus.site\/it\/co-design-of-the-our-digital-village-activity-kit-and-evaluation-tools\/\" rel=\"bookmark\">Leggi tutto &raquo;<span class=\"screen-reader-text\">Co-progettazione del kit di attivit\u00e0 Our Digital Village e strumenti di valutazione<\/span><\/a><\/p>\n","protected":false},"author":1,"featured_media":0,"parent":0,"menu_order":0,"comment_status":"closed","ping_status":"closed","template":"","meta":{"neve_meta_sidebar":"","neve_meta_container":"","neve_meta_enable_content_width":"off","neve_meta_content_width":100,"neve_meta_title_alignment":"","neve_meta_author_avatar":"","neve_post_elements_order":"","neve_meta_disable_header":"","neve_meta_disable_footer":"","neve_meta_disable_title":"","footnotes":""},"class_list":["post-271","page","type-page","status-publish","hentry"],"_links":{"self":[{"href":"https:\/\/ourdigitalvillage.erasmus.site\/it\/wp-json\/wp\/v2\/pages\/271","targetHints":{"allow":["GET"]}}],"collection":[{"href":"https:\/\/ourdigitalvillage.erasmus.site\/it\/wp-json\/wp\/v2\/pages"}],"about":[{"href":"https:\/\/ourdigitalvillage.erasmus.site\/it\/wp-json\/wp\/v2\/types\/page"}],"author":[{"embeddable":true,"href":"https:\/\/ourdigitalvillage.erasmus.site\/it\/wp-json\/wp\/v2\/users\/1"}],"replies":[{"embeddable":true,"href":"https:\/\/ourdigitalvillage.erasmus.site\/it\/wp-json\/wp\/v2\/comments?post=271"}],"version-history":[{"count":17,"href":"https:\/\/ourdigitalvillage.erasmus.site\/it\/wp-json\/wp\/v2\/pages\/271\/revisions"}],"predecessor-version":[{"id":801,"href":"https:\/\/ourdigitalvillage.erasmus.site\/it\/wp-json\/wp\/v2\/pages\/271\/revisions\/801"}],"wp:attachment":[{"href":"https:\/\/ourdigitalvillage.erasmus.site\/it\/wp-json\/wp\/v2\/media?parent=271"}],"curies":[{"name":"wp","href":"https:\/\/api.w.org\/{rel}","templated":true}]}}