{"id":273,"date":"2023-10-31T11:27:33","date_gmt":"2023-10-31T11:27:33","guid":{"rendered":"https:\/\/ourdigitalvillage.erasmus.site\/?page_id=273"},"modified":"2024-05-06T18:25:42","modified_gmt":"2024-05-06T18:25:42","slug":"ict-training-and-courses-in-the-digital-village-communities","status":"publish","type":"page","link":"https:\/\/ourdigitalvillage.erasmus.site\/it\/ict-training-and-courses-in-the-digital-village-communities\/","title":{"rendered":"Formazione TIC e Corsi nelle Comunit\u00e0 Digitali"},"content":{"rendered":"<p><img fetchpriority=\"high\" decoding=\"async\" class=\"aligncenter size-medium wp-image-144\" src=\"https:\/\/ourdigitalvillage.erasmus.site\/wp-content\/uploads\/2023\/04\/Group-10659-300x300.png\" alt=\"\" width=\"300\" height=\"300\" srcset=\"https:\/\/ourdigitalvillage.erasmus.site\/wp-content\/uploads\/2023\/04\/Group-10659-300x300.png 300w, https:\/\/ourdigitalvillage.erasmus.site\/wp-content\/uploads\/2023\/04\/Group-10659-1024x1024.png 1024w, https:\/\/ourdigitalvillage.erasmus.site\/wp-content\/uploads\/2023\/04\/Group-10659-150x150.png 150w, https:\/\/ourdigitalvillage.erasmus.site\/wp-content\/uploads\/2023\/04\/Group-10659-768x768.png 768w, https:\/\/ourdigitalvillage.erasmus.site\/wp-content\/uploads\/2023\/04\/Group-10659-1536x1536.png 1536w, https:\/\/ourdigitalvillage.erasmus.site\/wp-content\/uploads\/2023\/04\/Group-10659.png 1946w\" sizes=\"(max-width: 300px) 100vw, 300px\" \/><\/p>\n<p><span style=\"font-weight: 400;\">Al fine di testare e valutare il Kit di attivit\u00e0 Our Digital Village con insegnanti, formatrici e formatori, verranno messe in pratica attivit\u00e0 di formazione e corsi TIC negli istituti scolastici e nei luoghi della comunit\u00e0 in tutte le aree rurali:<\/span><\/p>\n<ul>\n<li style=\"font-weight: 400;\" aria-level=\"1\">&#8211; corsi di formazione locali in ciascun paese di attuazione rivolti ad almeno 15 insegnanti, formatori e formatori, per insegnare le competenze di base di coding, robotica, microcontrollori, modellazione e stampa 3D e sviluppo web, al fine di poter utilizzare le attivit\u00e0 proposte nel kit di attivit\u00e0 Our Digital Village e adattarle alle esigenze e al contesto locale<\/li>\n<li style=\"font-weight: 400;\" aria-level=\"1\">4 corsi TIC in ciascun paese con l&#8217;obiettivo di aumentare le competenze digitali e trasversali di almeno 60 studenti e studentesse per paese sulla base delle sfide TIC presentate nel kit di attivit\u00e0 Our Digital Village. Per aumentare ancora di pi\u00f9 queste competenze tra i e le discenti, almeno il 25% di ciascun corso TIC sar\u00e0 dedicato allo sviluppo di un progetto personale che risolva un problema (personale, comunitario) utilizzando la tecnologia<\/li>\n<\/ul>\n<p><\/p>","protected":false},"excerpt":{"rendered":"<p>Al fine di testare e valutare il Kit di attivit\u00e0 Our Digital Village con insegnanti, formatrici e formatori, verranno messe in pratica attivit\u00e0 di formazione e corsi TIC negli istituti scolastici e nei luoghi della comunit\u00e0 in tutte le aree rurali: &#8211; corsi di formazione locali in ciascun paese di attuazione rivolti ad almeno 15&hellip;&nbsp;<a href=\"https:\/\/ourdigitalvillage.erasmus.site\/it\/ict-training-and-courses-in-the-digital-village-communities\/\" rel=\"bookmark\">Leggi tutto &raquo;<span class=\"screen-reader-text\">Formazione TIC e Corsi nelle Comunit\u00e0 Digitali<\/span><\/a><\/p>\n","protected":false},"author":1,"featured_media":0,"parent":0,"menu_order":0,"comment_status":"closed","ping_status":"closed","template":"","meta":{"neve_meta_sidebar":"","neve_meta_container":"","neve_meta_enable_content_width":"off","neve_meta_content_width":100,"neve_meta_title_alignment":"","neve_meta_author_avatar":"","neve_post_elements_order":"","neve_meta_disable_header":"","neve_meta_disable_footer":"","neve_meta_disable_title":"","footnotes":""},"class_list":["post-273","page","type-page","status-publish","hentry"],"_links":{"self":[{"href":"https:\/\/ourdigitalvillage.erasmus.site\/it\/wp-json\/wp\/v2\/pages\/273","targetHints":{"allow":["GET"]}}],"collection":[{"href":"https:\/\/ourdigitalvillage.erasmus.site\/it\/wp-json\/wp\/v2\/pages"}],"about":[{"href":"https:\/\/ourdigitalvillage.erasmus.site\/it\/wp-json\/wp\/v2\/types\/page"}],"author":[{"embeddable":true,"href":"https:\/\/ourdigitalvillage.erasmus.site\/it\/wp-json\/wp\/v2\/users\/1"}],"replies":[{"embeddable":true,"href":"https:\/\/ourdigitalvillage.erasmus.site\/it\/wp-json\/wp\/v2\/comments?post=273"}],"version-history":[{"count":12,"href":"https:\/\/ourdigitalvillage.erasmus.site\/it\/wp-json\/wp\/v2\/pages\/273\/revisions"}],"predecessor-version":[{"id":754,"href":"https:\/\/ourdigitalvillage.erasmus.site\/it\/wp-json\/wp\/v2\/pages\/273\/revisions\/754"}],"wp:attachment":[{"href":"https:\/\/ourdigitalvillage.erasmus.site\/it\/wp-json\/wp\/v2\/media?parent=273"}],"curies":[{"name":"wp","href":"https:\/\/api.w.org\/{rel}","templated":true}]}}