{"id":341,"date":"2023-10-31T13:02:30","date_gmt":"2023-10-31T13:02:30","guid":{"rendered":"https:\/\/ourdigitalvillage.erasmus.site\/?page_id=341"},"modified":"2024-07-18T19:02:44","modified_gmt":"2024-07-18T19:02:44","slug":"privacy-policy","status":"publish","type":"page","link":"https:\/\/ourdigitalvillage.erasmus.site\/it\/privacy-policy\/","title":{"rendered":"Informativa sulla privacy"},"content":{"rendered":"<p>Ultima modifica: 31 Ottobre, 2023<\/p>\n<p>La presente Informativa sulla privacy descrive le nostre politiche e procedure sulla raccolta, l&#8217;uso e la divulgazione delle tue informazioni quando utilizzi il Servizio e ti informa sui tuoi diritti alla privacy e su come la legge ti protegge.<\/p>\n<p>Utilizziamo i tuoi dati personali per fornire e migliorare il Servizio. Utilizzando il Servizio, accetti la raccolta e l&#8217;utilizzo delle informazioni in conformit\u00e0 con la presente Informativa sulla privacy. La presente Informativa sulla privacy \u00e8 stata creata con l&#8217;aiuto del generatore gratuito di norme sulla privacy.<\/p>\n<p>Interpretazione e DefinizioniInterpretazioneLe parole la cui lettera iniziale \u00e8 maiuscola hanno significati definiti nelle seguenti condizioni. Le seguenti definizioni avranno lo stesso significato indipendentemente dal fatto che appaiano al singolare o al plurale.DefinizioniAi fini della presente Informativa sulla privacy:Per Account si intende un account univoco creato per consentirti di accedere al nostro Servizio o a parti del nostro Servizio.Affiliata indica un&#8217;entit\u00e0 che controlla, \u00e8 controllata da o \u00e8 sotto controllo comune con una parte, dove &#8220;controllo&#8221; indica la propriet\u00e0 del 50% o pi\u00f9 delle azioni, delle partecipazioni o di altri titoli aventi diritto di voto per l&#8217;elezione degli amministratori o di altra autorit\u00e0 di gestione.Azienda (denominata \u201cla Societ\u00e0\u201d, \u201cNoi\u201d, \u201cCi\u201d o \u201cIl nostro\u201d nel Contratto) si riferisce a Danmar Computers LLC, Rzesz\u00f3w, Grunwaldzka 16c, 35-068 Rzesz\u00f3w, Polonia.I cookie sono piccoli file che vengono inseriti sul tuo computer, dispositivo mobile o qualsiasi altro dispositivo da un sito web, contenenti i dettagli della tua cronologia di navigazione su quel sito web tra i suoi molteplici usi.Paese di riferimento: PoloniaPer Dispositivo si intende qualsiasi dispositivo che pu\u00f2 accedere al Servizio come un computer, un cellulare o un tablet digitale.I dati personali sono qualsiasi informazione relativa a un individuo identificato o identificabile.Il servizio si riferisce al sito web.Fornitore di servizi indica qualsiasi persona fisica o giuridica che elabora i dati per conto della Societ\u00e0. Si riferisce a societ\u00e0 terze o individui impiegati dalla Societ\u00e0 per facilitare il Servizio, fornire il Servizio per conto della Societ\u00e0, eseguire servizi relativi al Servizio o assistere la Societ\u00e0 nell&#8217;analisi di come viene utilizzato il Servizio.L&#8217;utilizzo dei dati si riferisce ai dati raccolti automaticamente, generati dall&#8217;utilizzo del Servizio o dall&#8217;infrastruttura del Servizio stesso (ad esempio, la durata della visita di una pagina).<a href=\"https:\/\/ourdigitalvillage.erasmus.site\/\">Il sito web fa riferimento a OurDigitalVillage, accessibile da https:\/\/ourdigitalvillage.erasmus.site\/<\/a>Per &#8220;utente&#8221; si intende l&#8217;individuo che accede o utilizza il Servizio, oppure la societ\u00e0 o altra entit\u00e0 legale per conto della quale tale individuo accede o utilizza il Servizio, a seconda dei casi.Raccolta e utilizzo dei tuoi dati personaliTipi di dati raccoltiDati personali<\/p>\n<p>Durante l&#8217;utilizzo del nostro servizio, potremmo chiederti di fornirci determinate informazioni di identificazione personale che possono essere utilizzate per contattarti o identificarti. Le informazioni di identificazione personale possono includere, ma non sono limitate a:<\/p>\n<p>&#8211; Indirizzo e-mail<br \/>\n&#8211; Dati di utilizzo&#8221;<\/p>\n<p>Utilizzo dei dati<\/p>\n<p>I dati di utilizzo vengono raccolti automaticamente quando si utilizza il Servizio.<\/p>\n<p>I dati di utilizzo possono includere informazioni quali l&#8217;indirizzo del protocollo Internet del tuo dispositivo (ad esempio indirizzo IP), il tipo di browser, la versione del browser, le pagine del nostro servizio che visiti, l&#8217;ora e la data della tua visita, il tempo trascorso su quelle pagine, identificatori univoci del dispositivo e altri dati diagnostici.<\/p>\n<p>Quando accedi al Servizio da o attraverso un dispositivo mobile, potremmo raccogliere automaticamente determinate informazioni, incluso, ma non limitato a, il tipo di dispositivo mobile che utilizzi, l&#8217;ID univoco del tuo dispositivo mobile, l&#8217;indirizzo IP del tuo dispositivo mobile, il tuo sistema operativo, tipo di browser Internet mobile utilizzato, identificatori univoci del dispositivo e altri dati diagnostici.<\/p>\n<p>Potremmo anche raccogliere informazioni che il tuo browser invia ogni volta che visiti il \u200b\u200bnostro Servizio o quando accedi al Servizio da o tramite un dispositivo mobile.<\/p>\n<p>Tecnologie di tracciamento e cookieUtilizziamo cookie e tecnologie di tracciamento simili per tracciare l&#8217;attivit\u00e0 sul nostro servizio e archiviare determinate informazioni. Le tecnologie di tracciamento utilizzate sono beacon, tag e script per raccogliere e tenere traccia delle informazioni e per migliorare e analizzare il nostro servizio. Le tecnologie che utilizziamo possono includere:- Cookie o cookie del browser. Un cookie \u00e8 un piccolo file inserito sul tuo dispositivo. Puoi impostare il tuo browser in modo che rifiuti tutti i cookie o indichi quando un cookie viene inviato. Tuttavia, se non accetti i cookie, potresti non essere in grado di utilizzare alcune parti del nostro Servizio. A meno che tu non abbia modificato le impostazioni del tuo browser in modo tale da rifiutare i cookie, il nostro Servizio potrebbe utilizzare i cookie.<br \/>\n&#8211; Web beacon. Alcune sezioni del nostro Servizio e le nostre e-mail possono contenere piccoli file elettronici noti come web beacon (noti anche come clear gif, pixel tag e gif a pixel singolo) che consentono alla Societ\u00e0, ad esempio, di contare gli utenti che hanno visitato quelle pagine o aperto un&#8217;e-mail e per altre statistiche relative al sito Web (ad esempio, registrazione della popolarit\u00e0 di una determinata sezione e verifica dell&#8217;integrit\u00e0 del sistema e del server).I cookie possono essere cookie \u201cpersistenti\u201d o \u201cdi sessione\u201d. I cookie persistenti rimangono sul tuo computer o dispositivo mobile quando sei offline, mentre i cookie di sessione vengono eliminati non appena chiudi il browser web. Scopri di pi\u00f9 sui cookie nell&#8217;articolo gratuito sulla Privacy Policy del sito web.Utilizziamo sia cookie di sessione che cookie persistenti per gli scopi indicati di seguito:- Cookie necessari\/essenziali. Tipologia: cookie di sessione<br \/>\nAmministrato da: Noi<\/p>\n<p>Scopo: questi cookie sono essenziali per fornirti i servizi disponibili attraverso il sito Web e per consentirti di utilizzare alcune delle sue funzionalit\u00e0. Aiutano ad autenticare gli utenti e a prevenire l&#8217;uso fraudolento degli account utente. Senza questi cookie, i servizi richiesti non possono essere forniti e utilizziamo questi cookie solo per fornirti tali servizi.<\/p>\n<p>&#8211; Politica sui cookie\/Informativa sull&#8217;accettazione dei cookie. Tipologia: cookie persistenti<br \/>\nAmministrato da: Noi<\/p>\n<p>Scopo: questi cookie identificano se gli utenti hanno accettato l&#8217;uso dei cookie sul sito web.<\/p>\n<p>&#8211; Tipo di cookie funzionali: cookie persistenti<br \/>\nAmministrato da: Noi<\/p>\n<p>Scopo: questi cookie ci consentono di ricordare le scelte che fai quando utilizzi il sito web, come ricordare i tuoi dati di accesso o la preferenza della lingua. Lo scopo di questi cookie \u00e8 fornirti un&#8217;esperienza pi\u00f9 personale ed evitare che tu debba reinserire le tue preferenze ogni volta che utilizzi il sito web.<\/p>\n<p>Per ulteriori informazioni sui cookie che utilizziamo e sulle tue scelte in merito ai cookie, visita la nostra Politica sui cookie o la sezione Cookie della nostra Informativa sulla privacy.Utilizzo dei tuoi dati personaliLa Societ\u00e0 pu\u00f2 utilizzare i Dati Personali per le seguenti finalit\u00e0:Per fornire e mantenere il nostro Servizio, incluso il monitoraggio dell&#8217;utilizzo del nostro Servizio.Per gestire il tuo Account: per gestire la tua registrazione come utente del Servizio. I dati personali forniti possono darti accesso a diverse funzionalit\u00e0 del Servizio a tua disposizione come utente registrato.Per l&#8217;esecuzione di un contratto: lo sviluppo, la conformit\u00e0 e l&#8217;esecuzione del contratto di acquisto dei prodotti, articoli o servizi acquistati o di qualsiasi altro contratto con noi tramite il Servizio.Per contattarti: contattarti tramite e-mail, telefonate, SMS o altre forme equivalenti di comunicazione elettronica, come notifiche push di un&#8217;applicazione mobile relative ad aggiornamenti o comunicazioni informative relative alle funzionalit\u00e0, ai prodotti o ai servizi contrattati, inclusi gli aggiornamenti di sicurezza, quando necessario o ragionevole per la loro attuazione.Per fornirti notizie, offerte speciali e informazioni generali su altri beni, servizi ed eventi che offriamo simili a quelli che hai gi\u00e0 acquistato o su cui hai chiesto informazioni a meno che tu non abbia scelto di non ricevere tali informazioni.Per gestire le tue richieste: per far servire e gestire le tue richieste a noi.Per trasferimenti aziendali: potremmo utilizzare le tue informazioni per valutare o condurre una fusione, cessione, ristrutturazione, riorganizzazione, scioglimento o altra vendita o trasferimento di alcuni o tutti i nostri beni, sia come azienda in attivit\u00e0 che come parte di fallimento, liquidazione, o procedimento simile, in cui i dati personali da noi detenuti sugli utenti del nostro Servizio rientrano tra le risorse trasferite.Per altri scopi: potremmo utilizzare le tue informazioni per altri scopi, come l&#8217;analisi dei dati, l&#8217;identificazione delle tendenze di utilizzo, la determinazione dell&#8217;efficacia delle nostre campagne promozionali e per valutare e migliorare il nostro Servizio, i prodotti, i servizi, il marketing e la tua esperienza.Potremmo condividere le tue informazioni personali nelle seguenti situazioni:Con i fornitori di servizi: potremmo condividere le tue informazioni personali con i fornitori di servizi per monitorare e analizzare l&#8217;utilizzo del nostro Servizio e per contattarti.Per trasferimenti aziendali: potremmo condividere o trasferire le vostre informazioni personali in relazione a, o durante le negoziazioni di, qualsiasi fusione, vendita di beni aziendali, finanziamento o acquisizione di tutta o parte della nostra attivit\u00e0 a un&#8217;altra societ\u00e0.Con gli affiliati: potremmo condividere le tue informazioni con i nostri affiliati, nel qual caso richiederemo a tali affiliati di rispettare la presente Informativa sulla privacy. Gli affiliati includono la nostra societ\u00e0 madre e qualsiasi altra societ\u00e0 controllata, partner di joint venture o altre societ\u00e0 che controlliamo o che sono sotto controllo comune con noi.Con partner commerciali: potremmo condividere le tue informazioni con i nostri partner commerciali per offrirti determinati prodotti, servizi o promozioni.Con altri utenti: quando condividi informazioni personali o interagisci in altro modo nelle aree pubbliche con altri utenti, tali informazioni potrebbero essere visualizzate da tutti gli utenti e potrebbero essere distribuite pubblicamente all&#8217;esterno.Con il tuo consenso: potremmo divulgare le tue informazioni personali per qualsiasi altro scopo con il tuo consenso.Conservazione dei tuoi dati personaliLa Societ\u00e0 conserver\u00e0 i tuoi dati personali solo per il tempo necessario agli scopi stabiliti nella presente Informativa sulla privacy. Conserveremo e utilizzeremo i tuoi dati personali nella misura necessaria per rispettare i nostri obblighi legali (ad esempio, se siamo tenuti a conservare i tuoi dati per conformarsi alle leggi applicabili), risolvere controversie e far rispettare i nostri accordi e politiche legali.\u00a0\u00a0\u00a0\u00a0\u00a0\u00a0\u00a0\u00a0\u00a0\u00a0\u00a0\u00a0\u00a0\u00a0\u00a0\u00a0\u00a0\u00a0\u00a0\u00a0\u00a0\u00a0\u00a0\u00a0\u00a0\u00a0\u00a0\u00a0\u00a0\u00a0\u00a0\u00a0\u00a0\u00a0\u00a0\u00a0\u00a0\u00a0\u00a0\u00a0\u00a0\u00a0\u00a0\u00a0\u00a0\u00a0\u00a0\u00a0\u00a0\u00a0\u00a0\u00a0\u00a0\u00a0\u00a0\u00a0\u00a0\u00a0\u00a0\u00a0\u00a0\u00a0\u00a0\u00a0\u00a0\u00a0\u00a0\u00a0\u00a0\u00a0\u00a0\u00a0\u00a0\u00a0\u00a0\u00a0\u00a0\u00a0\u00a0\u00a0\u00a0\u00a0\u00a0\u00a0\u00a0\u00a0\u00a0\u00a0\u00a0\u00a0\u00a0\u00a0\u00a0\u00a0\u00a0\u00a0\u00a0\u00a0\u00a0\u00a0\u00a0\u00a0\u00a0\u00a0\u00a0\u00a0\u00a0\u00a0\u00a0\u00a0\u00a0\u00a0\u00a0\u00a0\u00a0\u00a0\u00a0\u00a0\u00a0\u00a0\u00a0\u00a0\u00a0\u00a0\u00a0\u00a0\u00a0\u00a0\u00a0\u00a0\u00a0\u00a0\u00a0\u00a0\u00a0\u00a0\u00a0\u00a0\u00a0\u00a0\u00a0\u00a0\u00a0\u00a0\u00a0\u00a0\u00a0\u00a0 La Societ\u00e0 conserver\u00e0 inoltre i Dati di utilizzo per scopi di analisi interna. I dati di utilizzo vengono generalmente conservati per un periodo di tempo pi\u00f9 breve, tranne quando questi dati vengono utilizzati per rafforzare la sicurezza o migliorare la funzionalit\u00e0 del nostro servizio, o siamo legalmente obbligati a conservare questi dati per periodi di tempo pi\u00f9 lunghi.Trasferimento dei tuoi dati personali<\/p>\n<p>Le tue informazioni, inclusi i Dati Personali, sono trattate presso le sedi operative della Societ\u00e0 ed in ogni altro luogo in cui le parti coinvolte nel trattamento siano localizzate. Ci\u00f2 significa che queste informazioni possono essere trasferite a &#8211; e mantenute su &#8211; computer situati al di fuori del Tuo stato , provincia, paese o altra giurisdizione governativa in cui le leggi sulla protezione dei dati potrebbero differire da quelle della tua giurisdizione.<\/p>\n<p>Il tuo consenso alla presente Informativa sulla privacy seguito dall&#8217;invio di tali informazioni rappresenta il tuo consenso a tale trasferimento.<\/p>\n<p>La Societ\u00e0 adotter\u00e0 tutte le misure ragionevolmente necessarie per garantire che i tuoi dati siano trattati in modo sicuro e in conformit\u00e0 con la presente Informativa sulla privacy e nessun trasferimento dei tuoi dati personali avr\u00e0 luogo a un&#8217;organizzazione o a un paese a meno che non siano in atto controlli adeguati, inclusa la sicurezza di I tuoi dati e altre informazioni personali.<\/p>\n<p>Cancellazione dei tuoi dati personali<\/p>\n<p>Hai il diritto di cancellare o richiederci assistenza nella cancellazione dei dati personali che abbiamo raccolto su di te.<\/p>\n<p>Il nostro Servizio potrebbe darti la possibilit\u00e0 di eliminare determinate informazioni su di te dall&#8217;interno del Servizio.<\/p>\n<p>Puoi aggiornare, modificare o eliminare le tue informazioni in qualsiasi momento accedendo al tuo account, se ne hai uno, e visitando la sezione delle impostazioni dell&#8217;account che ti consente di gestire le tue informazioni personali. Puoi anche contattarci per richiedere l&#8217;accesso, correggere o eliminare qualsiasi informazione personale che ci hai fornito.<\/p>\n<p>Tieni presente, tuttavia, che potremmo aver bisogno di conservare determinate informazioni quando abbiamo un obbligo legale o una base legale per farlo<\/p>\n<p>Divulgazione dei tuoi dati personaliTransazione d&#8217;affariSe la Societ\u00e0 \u00e8 coinvolta in una fusione, acquisizione o vendita di beni, i tuoi dati personali potrebbero essere trasferiti. Forniremo un avviso prima che i tuoi dati personali vengano trasferiti e diventino soggetti a una diversa Informativa sulla privacy.Applicazione della leggeIn determinate circostanze, alla Societ\u00e0 potrebbe essere richiesto di divulgare i tuoi dati personali se richiesto dalla legge o in risposta a richieste valide da parte delle autorit\u00e0 pubbliche (ad esempio un tribunale o un ente governativo).Altri requisiti legaliLa Societ\u00e0 pu\u00f2 divulgare i tuoi dati personali in buona fede, ritenendo che tale azione sia necessaria per:\u00a0\u00a0\u00a0\u00a0\u00a0\u00a0\u00a0\u00a0\u00a0\u00a0\u00a0\u00a0\u00a0\u00a0\u00a0\u00a0\u00a0\u00a0\u00a0\u00a0\u00a0\u00a0\u00a0\u00a0\u00a0\u00a0\u00a0\u00a0\u00a0\u00a0\u00a0\u00a0\u00a0\u00a0\u00a0\u00a0\u00a0\u00a0\u00a0\u00a0\u00a0\u00a0\u00a0\u00a0\u00a0\u00a0\u00a0\u00a0\u00a0\u00a0\u00a0\u00a0\u00a0\u00a0\u00a0\u00a0\u00a0\u00a0\u00a0\u00a0\u00a0\u00a0\u00a0\u00a0\u00a0\u00a0\u00a0\u00a0\u00a0\u00a0\u00a0\u00a0\u00a0\u00a0\u00a0\u00a0\u00a0\u00a0\u00a0\u00a0\u00a0\u00a0\u00a0\u00a0\u00a0\u00a0\u00a0\u00a0\u00a0\u00a0\u00a0\u00a0\u00a0\u00a0\u00a0\u00a0\u00a0\u00a0\u00a0\u00a0\u00a0\u00a0\u00a0\u00a0\u00a0\u00a0\u00a0\u00a0\u00a0\u00a0\u00a0\u00a0\u00a0\u00a0\u00a0\u00a0\u00a0\u00a0\u00a0\u00a0\u00a0\u00a0\u00a0\u00a0\u00a0\u00a0\u00a0\u00a0\u00a0\u00a0\u00a0\u00a0\u00a0\u00a0\u00a0\u00a0\u00a0\u00a0\u00a0\u00a0\u00a0\u00a0\u00a0\u00a0\u00a0\u00a0\u00a0\u00a0\u00a0\u00a0\u00a0\u00a0\u00a0\u00a0 &#8211; Rispettare un obbligo legale<br \/>\n&#8211; Proteggere e difendere i diritti o la propriet\u00e0 della Societ\u00e0<br \/>\n&#8211; Prevenire o indagare su possibili illeciti in relazione al Servizio<br \/>\n&#8211; Proteggere la sicurezza personale degli Utenti del Servizio o del pubblico<br \/>\n&#8211; Proteggersi dalla responsabilit\u00e0 legaleSicurezza dei tuoi dati personaliLa sicurezza dei tuoi dati personali \u00e8 importante per noi, ma ricorda che nessun metodo di trasmissione su Internet o metodo di archiviazione elettronica \u00e8 sicuro al 100%. Sebbene ci sforziamo di utilizzare mezzi commercialmente accettabili per proteggere i tuoi dati personali, non possiamo garantirne l&#8217;assoluta sicurezza.Privacy dei bambiniIl nostro Servizio non si rivolge a persone di et\u00e0 inferiore a 13 anni. Non raccogliamo consapevolmente informazioni di identificazione personale da persone di et\u00e0 inferiore a 13 anni. Se sei un genitore o tutore e sei consapevole che tuo figlio ci ha fornito dati personali, contattateci.Se veniamo a conoscenza di aver raccolto dati personali da persone di et\u00e0 inferiore a 13 anni senza la verifica del consenso dei genitori, adottiamo misure per rimuovere tali informazioni dai nostri server.\u00a0\u00a0\u00a0\u00a0\u00a0\u00a0\u00a0\u00a0\u00a0\u00a0\u00a0\u00a0\u00a0\u00a0\u00a0\u00a0\u00a0\u00a0\u00a0\u00a0\u00a0\u00a0\u00a0\u00a0\u00a0\u00a0\u00a0\u00a0\u00a0\u00a0\u00a0\u00a0\u00a0\u00a0\u00a0\u00a0\u00a0\u00a0\u00a0\u00a0\u00a0\u00a0\u00a0\u00a0\u00a0\u00a0\u00a0\u00a0\u00a0\u00a0\u00a0\u00a0\u00a0\u00a0\u00a0\u00a0\u00a0\u00a0\u00a0\u00a0\u00a0\u00a0\u00a0\u00a0\u00a0\u00a0\u00a0\u00a0\u00a0 Se dobbiamo fare affidamento sul consenso come base legale per il trattamento delle tue informazioni e il tuo Paese richiede il consenso di un genitore, potremmo richiedere il consenso dei tuoi genitori prima di raccogliere e utilizzare tali informazioni.Collegamenti ad altri siti web<\/p>\n<p>Il nostro Servizio pu\u00f2 contenere collegamenti ad altri siti Web che non sono gestiti da Noi. Se fai clic su un collegamento di terze parti, verrai indirizzato al sito di quella terza parte. Ti consigliamo vivamente di rivedere l&#8217;Informativa sulla privacy di ogni sito che visiti.<\/p>\n<p>Non abbiamo alcun controllo e non ci assumiamo alcuna responsabilit\u00e0 per il contenuto, le politiche sulla privacy o le pratiche di siti o servizi di terze parti.<\/p>\n<p>Cambiamenti alla nostra informativa sulla Privacy<\/p>\n<p>Potremmo aggiornare la nostra Informativa sulla privacy di tanto in tanto. Ti informeremo di eventuali modifiche pubblicando la nuova Informativa sulla privacy in questa pagina.<\/p>\n<p>Ti informeremo via e-mail e\/o con un avviso ben visibile sul Nostro Servizio, prima che la modifica diventi effettiva e aggiorneremo la data &#8220;Ultimo aggiornamento&#8221; nella parte superiore della presente Informativa sulla privacy.<\/p>\n<p>Si consiglia di rivedere periodicamente la presente Informativa sulla privacy per eventuali modifiche. Le modifiche alla presente Informativa sulla privacy diventano effettive quando vengono pubblicate su questa pagina.<\/p>\n<p>Contattaci<\/p>\n<p>Se avete domande sulla presente Informativa sulla privacy, potete contattarci:<\/p>\n<p>Via e-mail: webmaster@erasmus.site<br \/>\nVisitando questa pagina del nostro sito web: <a href=\"https:\/\/ourdigitalvillage.erasmus.site\/\">https:\/\/ourdigitalvillage.erasmus.site\/<\/a>&#8220;<\/p>","protected":false},"excerpt":{"rendered":"<p>Ultima modifica: 31 Ottobre, 2023 La presente Informativa sulla privacy descrive le nostre politiche e procedure sulla raccolta, l&#8217;uso e la divulgazione delle tue informazioni quando utilizzi il Servizio e ti informa sui tuoi diritti alla privacy e su come la legge ti protegge. Utilizziamo i tuoi dati personali per fornire e migliorare il Servizio.&hellip;&nbsp;<a href=\"https:\/\/ourdigitalvillage.erasmus.site\/it\/privacy-policy\/\" rel=\"bookmark\">Leggi tutto &raquo;<span class=\"screen-reader-text\">Informativa sulla privacy<\/span><\/a><\/p>\n","protected":false},"author":1,"featured_media":0,"parent":0,"menu_order":0,"comment_status":"closed","ping_status":"closed","template":"","meta":{"neve_meta_sidebar":"","neve_meta_container":"","neve_meta_enable_content_width":"off","neve_meta_content_width":100,"neve_meta_title_alignment":"","neve_meta_author_avatar":"","neve_post_elements_order":"","neve_meta_disable_header":"","neve_meta_disable_footer":"","neve_meta_disable_title":"","footnotes":""},"class_list":["post-341","page","type-page","status-publish","hentry"],"_links":{"self":[{"href":"https:\/\/ourdigitalvillage.erasmus.site\/it\/wp-json\/wp\/v2\/pages\/341","targetHints":{"allow":["GET"]}}],"collection":[{"href":"https:\/\/ourdigitalvillage.erasmus.site\/it\/wp-json\/wp\/v2\/pages"}],"about":[{"href":"https:\/\/ourdigitalvillage.erasmus.site\/it\/wp-json\/wp\/v2\/types\/page"}],"author":[{"embeddable":true,"href":"https:\/\/ourdigitalvillage.erasmus.site\/it\/wp-json\/wp\/v2\/users\/1"}],"replies":[{"embeddable":true,"href":"https:\/\/ourdigitalvillage.erasmus.site\/it\/wp-json\/wp\/v2\/comments?post=341"}],"version-history":[{"count":7,"href":"https:\/\/ourdigitalvillage.erasmus.site\/it\/wp-json\/wp\/v2\/pages\/341\/revisions"}],"predecessor-version":[{"id":777,"href":"https:\/\/ourdigitalvillage.erasmus.site\/it\/wp-json\/wp\/v2\/pages\/341\/revisions\/777"}],"wp:attachment":[{"href":"https:\/\/ourdigitalvillage.erasmus.site\/it\/wp-json\/wp\/v2\/media?parent=341"}],"curies":[{"name":"wp","href":"https:\/\/api.w.org\/{rel}","templated":true}]}}