{"id":271,"date":"2023-10-31T11:27:24","date_gmt":"2023-10-31T11:27:24","guid":{"rendered":"https:\/\/ourdigitalvillage.erasmus.site\/?page_id=271"},"modified":"2024-11-21T14:37:26","modified_gmt":"2024-11-21T13:37:26","slug":"co-design-of-the-our-digital-village-activity-kit-and-evaluation-tools","status":"publish","type":"page","link":"https:\/\/ourdigitalvillage.erasmus.site\/pl\/co-design-of-the-our-digital-village-activity-kit-and-evaluation-tools\/","title":{"rendered":"Wsp\u00f3\u0142tworzenie zestawu \u0107wicze\u0144 i narz\u0119dzi ewaluacyjnych dla Our Digital Village"},"content":{"rendered":"<p><img fetchpriority=\"high\" decoding=\"async\" class=\"aligncenter size-medium wp-image-143\" src=\"https:\/\/ourdigitalvillage.erasmus.site\/wp-content\/uploads\/2023\/04\/Group-10277-300x300.png\" alt=\"\" width=\"300\" height=\"300\" srcset=\"https:\/\/ourdigitalvillage.erasmus.site\/wp-content\/uploads\/2023\/04\/Group-10277-300x300.png 300w, https:\/\/ourdigitalvillage.erasmus.site\/wp-content\/uploads\/2023\/04\/Group-10277-1024x1024.png 1024w, https:\/\/ourdigitalvillage.erasmus.site\/wp-content\/uploads\/2023\/04\/Group-10277-150x150.png 150w, https:\/\/ourdigitalvillage.erasmus.site\/wp-content\/uploads\/2023\/04\/Group-10277-768x768.png 768w, https:\/\/ourdigitalvillage.erasmus.site\/wp-content\/uploads\/2023\/04\/Group-10277-1536x1536.png 1536w, https:\/\/ourdigitalvillage.erasmus.site\/wp-content\/uploads\/2023\/04\/Group-10277.png 1715w\" sizes=\"(max-width: 300px) 100vw, 300px\" \/><\/p>\n<p><span style=\"font-weight: 400;\">Our Digital Village ma na celu stworzenie materia\u0142\u00f3w edukacyjnych poprzez proces wsp\u00f3\u0142projektowania, kt\u00f3re mo\u017cna dostosowa\u0107 do r\u00f3\u017cnych kontekst\u00f3w edukacyjnych i geograficznych w celu wzmocnienia umiej\u0119tno\u015bci cyfrowych i przekrojowych nauczycieli, szkoleniowc\u00f3w jak i uczni\u00f3w, przy jednoczesnym opracowaniu dedykowanych narz\u0119dzi do oceny i monitorowania ich jako\u015bci i mo\u017cliwo\u015bci ich przenoszenia podczas fazy testowania. Wynikiem procesu kodowania mi\u0119dzy ekspertami RMA, ekspertami ICT, nauczycielami i trenerami na obszarach wiejskich b\u0119dzie interaktywne narz\u0119dzie online (r\u00f3wnie\u017c w wersji do wydrukowania) &#8211; Our Digital Village Activity Kit, w tym praktyczne dzia\u0142ania ICT w formie wyzwa\u0144 ICT oraz wytyczne pedagogiczne dotycz\u0105ce wdra\u017cania tych dzia\u0142a\u0144 w klasie.<\/span><\/p>\n<p><span style=\"font-weight: 400;\">Wsp\u00f3\u0142projektowanie zapewnia, \u017ce opracowane materia\u0142y b\u0119d\u0105 odpowiada\u0142y potrzebom, pragnieniom i pomys\u0142om zidentyfikowanym podczas procesu samoanalizy, ale tak\u017ce krajowym wymaganiom programowym, strategiom jak i polityce krajowej, poprzez bezpo\u015bredni wk\u0142ad nauczycieli i szkoleniowc\u00f3w w ka\u017cdym kraju.<\/span><\/p>\n<p><span style=\"font-weight: 400;\">Zestaw \u0107wicze\u0144 jest skierowany do nauczycieli i szkoleniowc\u00f3w w edukacji formalnej i pozaformalnej i b\u0119dzie zawiera\u0142 4 sekcje.<\/span><\/p>\n<ul>\n<li style=\"font-weight: 400;\" aria-level=\"1\">\u00a0Cz\u0119\u015b\u0107 wprowadzaj\u0105ca, kt\u00f3ra podkre\u015bla znaczenie umiej\u0119tno\u015bci cyfrowych we wsp\u00f3\u0142czesnym zdigitalizowanym \u015bwiecie oraz znaczenie nabywania umiej\u0119tno\u015bci cyfrowych i przekrojowych przez nauczycieli\/trener\u00f3w, aby uczyni\u0107 nauczanie bardziej interaktywnym i anga\u017cuj\u0105cym.<\/li>\n<li style=\"font-weight: 400;\" aria-level=\"1\">Pula co najmniej 50 \u0107wicze\u0144 przedstawionych jako wyzwania ICT z wykorzystaniem technologii cyfrowych i kreatywnych oraz informatyki, takich jak robotyka, kodowanie, mikrokontrolery, modelowanie i drukowanie 3D oraz tworzenie stron internetowych. Wyzwania ICT obejmuj\u0105 r\u00f3\u017cne dzia\u0142ania zwi\u0105zane z okre\u015blonym tematem lub kompetencjami cyfrowymi, o rosn\u0105cym poziomie trudno\u015bci, co sprawi, \u017ce b\u0119d\u0105 one interesuj\u0105ce i stymuluj\u0105ce dla os\u00f3b na r\u00f3\u017cnych poziomach i w r\u00f3\u017cnym wieku.<\/li>\n<li style=\"font-weight: 400;\" aria-level=\"1\">Og\u00f3lne wytyczne pedagogiczne wspieraj\u0105ce nauczycieli i szkoleniowc\u00f3w we wdra\u017caniu dzia\u0142a\u0144 w oparciu o lokalne potrzeby i kontekst.<\/li>\n<li style=\"font-weight: 400;\" aria-level=\"1\">Dodatkowe zasoby do samodzielnej nauki<\/li>\n<\/ul>\n<p><span style=\"font-weight: 400;\">Zestaw narz\u0119dzi ewaluacyjnych ma r\u00f3wnie\u017c na celu ocen\u0119 jako\u015bci, skuteczno\u015bci i trafno\u015bci dzia\u0142a\u0144 i proces\u00f3w poprzez okre\u015blone \u015brodki i narz\u0119dzia maj\u0105ce na celu monitorowanie i ocen\u0119 jako\u015bci, skuteczno\u015bci i trafno\u015bci dzia\u0142a\u0144 i wynik\u00f3w.<\/span><\/p>\n<p style=\"text-align: center;\"><iframe style=\"width: 100%; height: 800px;\" src=\"https:\/\/ourdigitalvillage.erasmus.site\/wp-content\/pr2\/training_pl\/book.html\" frameborder=\"0\" scrolling=\"no\" seamless=\"seamless\" allowfullscreen=\"allowfullscreen\"><span style=\"display: inline-block; width: 0px; overflow: hidden; line-height: 0;\" data-mce-type=\"bookmark\" class=\"mce_SELRES_start\">\ufeff<\/span><\/iframe><br \/>\n<a class=\"btn btn-primary\" role=\"button\" href=\"https:\/\/ourdigitalvillage.erasmus.site\/wp-content\/uploads\/2024\/07\/ODV-Training-outline_PL.pdf\" target=\"_blank\" rel=\"noopener\">Download<\/a><\/p>\n<p><\/p>","protected":false},"excerpt":{"rendered":"<p>Our Digital Village ma na celu stworzenie materia\u0142\u00f3w edukacyjnych poprzez proces wsp\u00f3\u0142projektowania, kt\u00f3re mo\u017cna dostosowa\u0107 do r\u00f3\u017cnych kontekst\u00f3w edukacyjnych i geograficznych w celu wzmocnienia umiej\u0119tno\u015bci cyfrowych i przekrojowych nauczycieli, szkoleniowc\u00f3w jak i uczni\u00f3w, przy jednoczesnym opracowaniu dedykowanych narz\u0119dzi do oceny i monitorowania ich jako\u015bci i mo\u017cliwo\u015bci ich przenoszenia podczas fazy testowania. Wynikiem procesu kodowania mi\u0119dzy&hellip;&nbsp;<a href=\"https:\/\/ourdigitalvillage.erasmus.site\/pl\/co-design-of-the-our-digital-village-activity-kit-and-evaluation-tools\/\" rel=\"bookmark\">Dowiedz si\u0119 wi\u0119cej &raquo;<span class=\"screen-reader-text\">Wsp\u00f3\u0142tworzenie zestawu \u0107wicze\u0144 i narz\u0119dzi ewaluacyjnych dla Our Digital Village<\/span><\/a><\/p>\n","protected":false},"author":1,"featured_media":0,"parent":0,"menu_order":0,"comment_status":"closed","ping_status":"closed","template":"","meta":{"neve_meta_sidebar":"","neve_meta_container":"","neve_meta_enable_content_width":"off","neve_meta_content_width":100,"neve_meta_title_alignment":"","neve_meta_author_avatar":"","neve_post_elements_order":"","neve_meta_disable_header":"","neve_meta_disable_footer":"","neve_meta_disable_title":"","footnotes":""},"class_list":["post-271","page","type-page","status-publish","hentry"],"_links":{"self":[{"href":"https:\/\/ourdigitalvillage.erasmus.site\/pl\/wp-json\/wp\/v2\/pages\/271","targetHints":{"allow":["GET"]}}],"collection":[{"href":"https:\/\/ourdigitalvillage.erasmus.site\/pl\/wp-json\/wp\/v2\/pages"}],"about":[{"href":"https:\/\/ourdigitalvillage.erasmus.site\/pl\/wp-json\/wp\/v2\/types\/page"}],"author":[{"embeddable":true,"href":"https:\/\/ourdigitalvillage.erasmus.site\/pl\/wp-json\/wp\/v2\/users\/1"}],"replies":[{"embeddable":true,"href":"https:\/\/ourdigitalvillage.erasmus.site\/pl\/wp-json\/wp\/v2\/comments?post=271"}],"version-history":[{"count":17,"href":"https:\/\/ourdigitalvillage.erasmus.site\/pl\/wp-json\/wp\/v2\/pages\/271\/revisions"}],"predecessor-version":[{"id":801,"href":"https:\/\/ourdigitalvillage.erasmus.site\/pl\/wp-json\/wp\/v2\/pages\/271\/revisions\/801"}],"wp:attachment":[{"href":"https:\/\/ourdigitalvillage.erasmus.site\/pl\/wp-json\/wp\/v2\/media?parent=271"}],"curies":[{"name":"wp","href":"https:\/\/api.w.org\/{rel}","templated":true}]}}