{"id":273,"date":"2023-10-31T11:27:33","date_gmt":"2023-10-31T11:27:33","guid":{"rendered":"https:\/\/ourdigitalvillage.erasmus.site\/?page_id=273"},"modified":"2024-05-06T18:25:42","modified_gmt":"2024-05-06T18:25:42","slug":"ict-training-and-courses-in-the-digital-village-communities","status":"publish","type":"page","link":"https:\/\/ourdigitalvillage.erasmus.site\/pl\/ict-training-and-courses-in-the-digital-village-communities\/","title":{"rendered":"Szkolenia i kursy ICT w spo\u0142eczno\u015bciach wiosek cyfrowych"},"content":{"rendered":"<p><img fetchpriority=\"high\" decoding=\"async\" class=\"aligncenter size-medium wp-image-144\" src=\"https:\/\/ourdigitalvillage.erasmus.site\/wp-content\/uploads\/2023\/04\/Group-10659-300x300.png\" alt=\"\" width=\"300\" height=\"300\" srcset=\"https:\/\/ourdigitalvillage.erasmus.site\/wp-content\/uploads\/2023\/04\/Group-10659-300x300.png 300w, https:\/\/ourdigitalvillage.erasmus.site\/wp-content\/uploads\/2023\/04\/Group-10659-1024x1024.png 1024w, https:\/\/ourdigitalvillage.erasmus.site\/wp-content\/uploads\/2023\/04\/Group-10659-150x150.png 150w, https:\/\/ourdigitalvillage.erasmus.site\/wp-content\/uploads\/2023\/04\/Group-10659-768x768.png 768w, https:\/\/ourdigitalvillage.erasmus.site\/wp-content\/uploads\/2023\/04\/Group-10659-1536x1536.png 1536w, https:\/\/ourdigitalvillage.erasmus.site\/wp-content\/uploads\/2023\/04\/Group-10659.png 1946w\" sizes=\"(max-width: 300px) 100vw, 300px\" \/><\/p>\n<p><span style=\"font-weight: 400;\">W celu przetestowania i oceny zestawu Our Digital Village Activity Kit z nauczycielami i szkoleniowcami, zostan\u0105 wdro\u017cone dzia\u0142ania szkoleniowe i kursy ICT w instytucjach edukacyjnych i lokalizacjach spo\u0142eczno\u015bci na obszarach wiejskich:<\/span><\/p>\n<ul>\n<li style=\"font-weight: 400;\" aria-level=\"1\">\u00a0Lokalne szkolenia w ka\u017cdym kraju wdra\u017caj\u0105cym skierowane do co najmniej 15 nauczycieli i szkoleniowc\u00f3w, maj\u0105ce na celu nauczenie podstawowych umiej\u0119tno\u015bci kodowania, robotyki, mikrokontroler\u00f3w, modelowania i drukowania 3D oraz tworzenia stron internetowych, aby m\u00f3c korzysta\u0107 z dzia\u0142a\u0144 zaproponowanych w zestawie Our Digital Village Activity Kit i dostosowa\u0107 je do lokalnych potrzeb i kontekstu.<\/li>\n<li style=\"font-weight: 400;\" aria-level=\"1\">4 kursy ICT w ka\u017cdym kraju wdra\u017caj\u0105cym w celu zwi\u0119kszenia umiej\u0119tno\u015bci cyfrowych i przekrojowych co najmniej 60 uczni\u00f3w w ka\u017cdym kraju w oparciu o wyzwania ICT przedstawione w zestawie Our Digital Village Activity Kit. Aby jeszcze bardziej zwi\u0119kszy\u0107 te kompetencje w\u015br\u00f3d uczni\u00f3w. Co najmniej 25% ka\u017cdego kursu ICT b\u0119dzie po\u015bwi\u0119cone opracowaniu osobistego projektu, kt\u00f3ry rozwi\u0105zuje (osobisty, spo\u0142eczny) problem przy u\u017cyciu technologii i\/lub kodowania.<\/li>\n<\/ul>\n<p><\/p>","protected":false},"excerpt":{"rendered":"<p>W celu przetestowania i oceny zestawu Our Digital Village Activity Kit z nauczycielami i szkoleniowcami, zostan\u0105 wdro\u017cone dzia\u0142ania szkoleniowe i kursy ICT w instytucjach edukacyjnych i lokalizacjach spo\u0142eczno\u015bci na obszarach wiejskich: \u00a0Lokalne szkolenia w ka\u017cdym kraju wdra\u017caj\u0105cym skierowane do co najmniej 15 nauczycieli i szkoleniowc\u00f3w, maj\u0105ce na celu nauczenie podstawowych umiej\u0119tno\u015bci kodowania, robotyki, mikrokontroler\u00f3w, modelowania&hellip;&nbsp;<a href=\"https:\/\/ourdigitalvillage.erasmus.site\/pl\/ict-training-and-courses-in-the-digital-village-communities\/\" rel=\"bookmark\">Dowiedz si\u0119 wi\u0119cej &raquo;<span class=\"screen-reader-text\">Szkolenia i kursy ICT w spo\u0142eczno\u015bciach wiosek cyfrowych<\/span><\/a><\/p>\n","protected":false},"author":1,"featured_media":0,"parent":0,"menu_order":0,"comment_status":"closed","ping_status":"closed","template":"","meta":{"neve_meta_sidebar":"","neve_meta_container":"","neve_meta_enable_content_width":"off","neve_meta_content_width":100,"neve_meta_title_alignment":"","neve_meta_author_avatar":"","neve_post_elements_order":"","neve_meta_disable_header":"","neve_meta_disable_footer":"","neve_meta_disable_title":"","footnotes":""},"class_list":["post-273","page","type-page","status-publish","hentry"],"_links":{"self":[{"href":"https:\/\/ourdigitalvillage.erasmus.site\/pl\/wp-json\/wp\/v2\/pages\/273","targetHints":{"allow":["GET"]}}],"collection":[{"href":"https:\/\/ourdigitalvillage.erasmus.site\/pl\/wp-json\/wp\/v2\/pages"}],"about":[{"href":"https:\/\/ourdigitalvillage.erasmus.site\/pl\/wp-json\/wp\/v2\/types\/page"}],"author":[{"embeddable":true,"href":"https:\/\/ourdigitalvillage.erasmus.site\/pl\/wp-json\/wp\/v2\/users\/1"}],"replies":[{"embeddable":true,"href":"https:\/\/ourdigitalvillage.erasmus.site\/pl\/wp-json\/wp\/v2\/comments?post=273"}],"version-history":[{"count":12,"href":"https:\/\/ourdigitalvillage.erasmus.site\/pl\/wp-json\/wp\/v2\/pages\/273\/revisions"}],"predecessor-version":[{"id":754,"href":"https:\/\/ourdigitalvillage.erasmus.site\/pl\/wp-json\/wp\/v2\/pages\/273\/revisions\/754"}],"wp:attachment":[{"href":"https:\/\/ourdigitalvillage.erasmus.site\/pl\/wp-json\/wp\/v2\/media?parent=273"}],"curies":[{"name":"wp","href":"https:\/\/api.w.org\/{rel}","templated":true}]}}