{"id":341,"date":"2023-10-31T13:02:30","date_gmt":"2023-10-31T13:02:30","guid":{"rendered":"https:\/\/ourdigitalvillage.erasmus.site\/?page_id=341"},"modified":"2024-07-18T19:02:44","modified_gmt":"2024-07-18T19:02:44","slug":"privacy-policy","status":"publish","type":"page","link":"https:\/\/ourdigitalvillage.erasmus.site\/pl\/privacy-policy\/","title":{"rendered":"Polityka prywatno\u015bci"},"content":{"rendered":"<p>Ostatnia aktualizacja: 31 pa\u017adziernik, 2023.<\/p>\n<p>Niniejsza polityka prywatno\u015bci opisuje nasze zasady i procedury dotycz\u0105ce gromadzenia, wykorzystywania i ujawniania informacji u\u017cytkownika podczas korzystania z us\u0142ugi oraz informuje u\u017cytkownika o jego prawach do prywatno\u015bci i o tym, w jaki spos\u00f3b prawo chroni u\u017cytkownika.<\/p>\n<p>U\u017cywamy danych osobowych u\u017cytkownika w celu \u015bwiadczenia i ulepszania us\u0142ugi. Korzystaj\u0105c z us\u0142ugi, u\u017cytkownik wyra\u017ca zgod\u0119 na gromadzenie i wykorzystywanie informacji zgodnie z niniejsz\u0105 polityk\u0105 prywatno\u015bci. Niniejsza polityka prywatno\u015bci zosta\u0142a stworzona przy pomocy bezp\u0142atnego generatora polityki prywatno\u015bci.<\/p>\n<p>Interpretacja i definicjeInterpretacjaWyrazy, kt\u00f3rych pierwsza litera jest kapitalizowana, maj\u0105 znaczenie zdefiniowane w nast\u0119puj\u0105cych warunkach. Poni\u017csze definicje maj\u0105 takie samo znaczenie niezale\u017cnie od tego, czy wyst\u0119puj\u0105 w liczbie pojedynczej czy mnogiej.DefinicjeNa potrzeby niniejszej polityki prywatno\u015bci:Konto oznacza unikalne konto utworzone dla u\u017cytkownika w celu uzyskania dost\u0119pu do us\u0142ugi lub jej cz\u0119\u015bci.Partner oznacza podmiot, kt\u00f3ry kontroluje, jest kontrolowany lub znajduje si\u0119 pod wsp\u00f3ln\u0105 kontrol\u0105 ze stron\u0105, gdzie \u201ekontrola\u201d oznacza posiadanie 50% lub wi\u0119cej akcji, udzia\u0142\u00f3w lub innych papier\u00f3w warto\u015bciowych uprawniaj\u0105cych do g\u0142osowania przy wyborze dyrektor\u00f3w lub innych organ\u00f3w zarz\u0105dzaj\u0105cych.Firma (okre\u015blana w niniejszej Umowie jako \u201e Firma \u201d, \u201e My \u201d, \u201e Nas \u201d lub \u201e Nasz \u201d) odnosi si\u0119 do Danmar Computers LLC, Rzesz\u00f3w, Grunwaldzka 16c, 35-068 Rzesz\u00f3w, Polska.Pliki cookies to ma\u0142e pliki, kt\u00f3re s\u0105 umieszczane na komputerze, urz\u0105dzeniu mobilnym lub innym urz\u0105dzeniu u\u017cytkownika przez witryn\u0119 internetow\u0105, zawieraj\u0105ce mi\u0119dzy innymi szczeg\u00f3\u0142y historii przegl\u0105dania tej witryny.Kraj odnosi si\u0119 do: PolskaUrz\u0105dzenie oznacza dowolne urz\u0105dzenie, kt\u00f3re mo\u017ce uzyska\u0107 dost\u0119p do us\u0142ugi, takie jak komputer, telefon kom\u00f3rkowy lub tablet cyfrowy.Dane osobowe to wszelkie informacje dotycz\u0105ce zidentyfikowanej lub mo\u017cliwej do zidentyfikowania osoby fizycznej.Us\u0142uga odnosi si\u0119 do strony internetowej.Us\u0142ugodawca oznacza ka\u017cd\u0105 osob\u0119 fizyczn\u0105 lub prawn\u0105, kt\u00f3ra przetwarza dane w imieniu sp\u00f3\u0142ki. Odnosi si\u0119 to do firm zewn\u0119trznych lub os\u00f3b fizycznych zatrudnionych przez Sp\u00f3\u0142k\u0119 w celu u\u0142atwienia korzystania z Us\u0142ugi, \u015bwiadczenia Us\u0142ugi w imieniu Sp\u00f3\u0142ki, \u015bwiadczenia us\u0142ug zwi\u0105zanych z Us\u0142ug\u0105 lub pomagania Sp\u00f3\u0142ce w analizowaniu sposobu korzystania z Us\u0142ugi.Dane u\u017cytkowania odnosz\u0105 si\u0119 do danych gromadzonych automatycznie, generowanych przez korzystanie z Us\u0142ugi lub z samej infrastruktury Us\u0142ugi (na przyk\u0142ad czas wizyty na stronie).Strona odnosi si\u0119 do OurDigitalVillage, dost\u0119pnej pod adresem https:\/\/ourdigitalvillage.erasmus.site\/.U\u017cytkownik oznacza osob\u0119 fizyczn\u0105 uzyskuj\u0105c\u0105 dost\u0119p do us\u0142ugi lub korzystaj\u0105c\u0105 z niej albo sp\u00f3\u0142k\u0119 lub inny podmiot prawny, w imieniu kt\u00f3rego taka osoba fizyczna uzyskuje dost\u0119p do us\u0142ugi lub z niej korzysta.Zbieranie i wykorzystywanie danych osobowychRodzaje gromadzonych danychDane osobowe<\/p>\n<p>Podczas korzystania z naszej us\u0142ugi mo\u017cemy poprosi\u0107 u\u017cytkownika o podanie nam pewnych danych osobowych, kt\u00f3re mog\u0105 zosta\u0107 wykorzystane do skontaktowania si\u0119 z u\u017cytkownikiem lub zidentyfikowania go. Dane osobowe mog\u0105 obejmowa\u0107 m.in:<\/p>\n<p>&#8211; Adres e-mail<br \/>\n&#8211; Dane u\u017cytkowania<\/p>\n<p>Dane u\u017cytkowania<\/p>\n<p>Dane u\u017cytkowania s\u0105 gromadzone automatycznie podczas korzystania z us\u0142ugi.<\/p>\n<p>Dane u\u017cytkowania mog\u0105 obejmowa\u0107 takie informacje, jak adres protoko\u0142u internetowego urz\u0105dzenia u\u017cytkownika (np. adres IP), typ przegl\u0105darki, wersja przegl\u0105darki, odwiedzane strony naszej us\u0142ugi, godzina i data wizyty, czas sp\u0119dzony na tych stronach, unikalne identyfikatory urz\u0105dze\u0144 i inne dane diagnostyczne.<\/p>\n<p>Gdy u\u017cytkownik uzyskuje dost\u0119p do us\u0142ugi za po\u015brednictwem urz\u0105dzenia mobilnego, mo\u017cemy automatycznie gromadzi\u0107 pewne informacje, w tym mi\u0119dzy innymi rodzaj u\u017cywanego urz\u0105dzenia mobilnego, unikalny identyfikator urz\u0105dzenia mobilnego, adres IP urz\u0105dzenia mobilnego, mobilny system operacyjny, rodzaj u\u017cywanej mobilnej przegl\u0105darki internetowej, unikalne identyfikatory urz\u0105dze\u0144 i inne dane diagnostyczne.<\/p>\n<p>Mo\u017cemy r\u00f3wnie\u017c gromadzi\u0107 informacje, kt\u00f3re przegl\u0105darka u\u017cytkownika wysy\u0142a za ka\u017cdym razem, gdy u\u017cytkownik odwiedza nasz\u0105 us\u0142ug\u0119 lub gdy uzyskuje dost\u0119p do us\u0142ugi za pomoc\u0105 urz\u0105dzenia mobilnego lub za jego po\u015brednictwem<\/p>\n<p>Technologie \u015bledzenia i pliki cookieU\u017cywamy plik\u00f3w cookie i podobnych technologii \u015bledzenia do \u015bledzenia aktywno\u015bci\u00a0 w naszym serwisie i przechowywania okre\u015blonych informacji. Wykorzystywane technologie \u015bledzenia to sygna\u0142y nawigacyjne, znaczniki i skrypty do gromadzenia i \u015bledzenia informacji oraz do ulepszania i analizowania naszej us\u0142ugi. Stosowane przez nas technologie mog\u0105 obejmowa\u0107:- Pliki cookie lub pliki cookie przegl\u0105darki. Je\u015bli jednak u\u017cytkownik nie zaakceptuje plik\u00f3w cookie, mo\u017ce nie by\u0107 w stanie korzysta\u0107 z niekt\u00f3rych cz\u0119\u015bci naszej us\u0142ugi. O ile u\u017cytkownik nie dostosowa\u0142 ustawie\u0144 przegl\u0105darki tak, aby odrzuca\u0142a pliki cookie, nasza us\u0142uga mo\u017ce korzysta\u0107 z plik\u00f3w cookie.<br \/>\n&#8211; Sygna\u0142y nawigacyjne. Niekt\u00f3re sekcje naszej us\u0142ugi i nasze wiadomo\u015bci e-mail mog\u0105 zawiera\u0107 ma\u0142e pliki elektroniczne znane jako sygna\u0142y nawigacyjne (okre\u015blane r\u00f3wnie\u017c jako wyra\u017ane gify, znaczniki pikselowe i gify jednopikselowe), kt\u00f3re umo\u017cliwiaj\u0105 firmie mi\u0119dzy innymi zliczanie u\u017cytkownik\u00f3w, kt\u00f3rzy odwiedzili te strony lub otworzyli wiadomo\u015b\u0107 e-mail oraz inne powi\u0105zane statystyki witryny (na przyk\u0142ad rejestrowanie popularno\u015bci okre\u015blonej sekcji i weryfikowanie integralno\u015bci systemu i serwera).Pliki cookie mog\u0105 by\u0107 \u201etrwa\u0142e\u201d lub \u201esesyjne\u201d. Trwa\u0142e pliki cookie pozostaj\u0105 na komputerze osobistym lub urz\u0105dzeniu mobilnym u\u017cytkownika po przej\u015bciu w tryb offline, natomiast sesyjne pliki cookie s\u0105 usuwane natychmiast po zamkni\u0119ciu przegl\u0105darki internetowej.Wi\u0119cej informacji na temat plik\u00f3w cookies mo\u017cna znale\u017a\u0107 w artykule na stronie internetowej Free Privacy Policy.U\u017cywamy zar\u00f3wno sesyjnych, jak i trwa\u0142ych plik\u00f3w cookie do cel\u00f3w okre\u015blonych poni\u017cej:\u00a0-Niezb\u0119dne pliki cookie Typ pliku cookie: Sesyjne pliki cookie<br \/>\nAdministrowane przez: nas<\/p>\n<p>Cel: Te pliki cookie s\u0105 niezb\u0119dne do \u015bwiadczenia us\u0142ug dost\u0119pnych za po\u015brednictwem Witryny i umo\u017cliwienia korzystania z niekt\u00f3rych jej funkcji. Pomagaj\u0105 one uwierzytelnia\u0107 u\u017cytkownik\u00f3w i zapobiega\u0107 nieuczciwemu korzystaniu z kont u\u017cytkownik\u00f3w. Bez tych plik\u00f3w cookie us\u0142ugi, o kt\u00f3re prosi\u0142e\u015b, nie mog\u0105 by\u0107 \u015bwiadczone, a my u\u017cywamy tych plik\u00f3w cookie wy\u0142\u0105cznie w celu \u015bwiadczenia tych us\u0142ug.<\/p>\n<p>-Polityka dotycz\u0105ca plik\u00f3w cookie \/ akceptacja powiadomie\u0144 typ plik\u00f3w cookie: trwa\u0142e pliki cookie<br \/>\nAdministrowane przez: nas<\/p>\n<p>Cel: Te pliki cookie identyfikuj\u0105, czy u\u017cytkownicy zaakceptowali korzystanie z plik\u00f3w cookie w witrynie.<\/p>\n<p>&#8211; Funkcjonalne pliki cookie Typ: trwa\u0142e pliki cookie<br \/>\nAdministrowane przez: nas<\/p>\n<p>Cel: Te pliki cookie umo\u017cliwiaj\u0105 nam zapami\u0119tywanie wybor\u00f3w dokonywanych przez u\u017cytkownika podczas korzystania z witryny, takich jak zapami\u0119tywanie danych logowania lub preferencji j\u0119zykowych. Celem tych plik\u00f3w cookie jest zapewnienie u\u017cytkownikowi bardziej spersonalizowanego do\u015bwiadczenia i unikni\u0119cie konieczno\u015bci ponownego wprowadzania preferencji za ka\u017cdym razem, gdy korzysta z witryny.<\/p>\n<p>Aby uzyska\u0107 wi\u0119cej informacji na temat u\u017cywanych przez nas plik\u00f3w cookie i wybor\u00f3w dotycz\u0105cych plik\u00f3w cookie, odwied\u017a nasz\u0105 polityk\u0119 dotycz\u0105c\u0105 plik\u00f3w cookie lub sekcj\u0119 dotycz\u0105c\u0105 plik\u00f3w cookie w naszej polityce prywatno\u015bci.Wykorzystywanie danych osobowychFirma mo\u017ce wykorzystywa\u0107 dane osobowe do nast\u0119puj\u0105cych cel\u00f3w:W celu \u015bwiadczenia i utrzymywania naszej us\u0142ugi, w tym w celu monitorowania korzystania z naszej us\u0142ugi.Zarz\u0105dzanie kontem u\u017cytkownika: zarz\u0105dzanie rejestracj\u0105 u\u017cytkownika w us\u0142udze. Podane przez u\u017cytkownika dane osobowe mog\u0105 zapewni\u0107 mu dost\u0119p do r\u00f3\u017cnych funkcji us\u0142ugi, dost\u0119pnych dla zarejestrowanego u\u017cytkownika.W celu wykonania umowy: opracowanie, przestrzeganie i realizacja umowy zakupu produkt\u00f3w, przedmiot\u00f3w lub us\u0142ug zakupionych przez u\u017cytkownika lub jakiejkolwiek innej umowy zawartej z nami za po\u015brednictwem us\u0142ugi.Aby skontaktowa\u0107 si\u0119 z u\u017cytkownikiem: W celu skontaktowania si\u0119 z u\u017cytkownikiem za po\u015brednictwem wiadomo\u015bci e-mail, po\u0142\u0105cze\u0144 telefonicznych, wiadomo\u015bci SMS lub innych r\u00f3wnowa\u017cnych form komunikacji elektronicznej, takich jak powiadomienia PUSH aplikacji mobilnej dotycz\u0105ce aktualizacji lub komunikat\u00f3w informacyjnych zwi\u0105zanych z funkcjonalno\u015bciami, produktami lub zakontraktowanymi us\u0142ugami, w tym aktualizacjami zabezpiecze\u0144, gdy jest to konieczne lub uzasadnione w celu ich wdro\u017cenia.Dostarczanie u\u017cytkownikowi wiadomo\u015bci, ofert specjalnych i og\u00f3lnych informacji o innych oferowanych przez nas towarach, us\u0142ugach i wydarzeniach, kt\u00f3re s\u0105 podobne do tych, kt\u00f3re u\u017cytkownik ju\u017c zakupi\u0142 lub o kt\u00f3re zapyta\u0142, chyba \u017ce u\u017cytkownik zrezygnowa\u0142 z otrzymywania takich informacji.Zarz\u0105dzanie pro\u015bbami u\u017cytkownika: Obs\u0142uga i zarz\u0105dzanie pro\u015bbami u\u017cytkownika kierowanymi do nasW przypadku transfer\u00f3w biznesowych: Mo\u017cemy wykorzystywa\u0107 dane u\u017cytkownika\u00a0 w celu oceny lub przeprowadzenia fuzji, dezinwestycji, reorganizacji, rozwi\u0105zania, innej sprzeda\u017cy lub przeniesienia cz\u0119\u015bci lub ca\u0142o\u015bci naszych aktyw\u00f3w, czy to w ramach kontynuacji dzia\u0142alno\u015bci, czy w ramach upad\u0142o\u015bci, likwidacji lub podobnego post\u0119powania, w kt\u00f3rym w\u015br\u00f3d przenoszonych aktyw\u00f3w znajduj\u0105 si\u0119 przechowywane przez nas dane osobowe u\u017cytkownik\u00f3w naszej us\u0142ugi.Do innych cel\u00f3w: Mo\u017cemy wykorzystywa\u0107 informacje o u\u017cytkowniku do innych cel\u00f3w, takich jak analiza danych, identyfikacja trend\u00f3w u\u017cytkowania, okre\u015blanie skuteczno\u015bci naszych kampanii promocyjnych oraz do oceny i ulepszania naszej us\u0142ugi, produkt\u00f3w jak i marketingu.Mo\u017cemy udost\u0119pnia\u0107 dane osobowe u\u017cytkownika w nast\u0119puj\u0105cych sytuacjach:Us\u0142ugodawcom: Mo\u017cemy udost\u0119pnia\u0107 dane osobowe u\u017cytkownika dostawcom us\u0142ug w celu monitorowania i analizowania korzystania z naszej us\u0142ugi oraz kontaktowania si\u0119 z u\u017cytkownikiem.W przypadku transfer\u00f3w biznesowych: Mo\u017cemy udost\u0119pnia\u0107 lub przekazywa\u0107 dane osobowe u\u017cytkownika w zwi\u0105zku lub podczas negocjacji dotycz\u0105cych fuzji, sprzeda\u017cy aktyw\u00f3w firmy, finansowania lub przej\u0119cia ca\u0142o\u015bci lub cz\u0119\u015bci naszej dzia\u0142alno\u015bci przez inn\u0105 firm\u0119:Podmiotom stowarzyszonym: Mo\u017cemy udost\u0119pnia\u0107 dane u\u017cytkownika naszym podmiotom stowarzyszonym, w kt\u00f3rym to przypadku b\u0119dziemy wymaga\u0107 od tych podmiot\u00f3w przestrzegania niniejszej polityki prywatno\u015bci. Podmioty stowarzyszone obejmuj\u0105 nasz\u0105 sp\u00f3\u0142k\u0119 dominuj\u0105c\u0105 i wszelkie inne sp\u00f3\u0142ki zale\u017cne, partner\u00f3w joint venture lub inne sp\u00f3\u0142ki, kt\u00f3re kontrolujemy lub kt\u00f3re s\u0105 pod wsp\u00f3ln\u0105 kontrol\u0105 z nami.Z partnerami biznesowymi: Mo\u017cemy udost\u0119pnia\u0107 dane u\u017cytkownika naszym partnerom biznesowym w celu oferowania mu okre\u015blonych produkt\u00f3w, us\u0142ug lub promocji.Z innymi u\u017cytkownikami: Gdy u\u017cytkownik udost\u0119pnia dane osobowe lub w inny spos\u00f3b wchodzi w interakcje w obszarach publicznych z innymi u\u017cytkownikami, takie informacje mog\u0105 by\u0107 przegl\u0105dane przez wszystkich u\u017cytkownik\u00f3w i mog\u0105 by\u0107 publicznie rozpowszechniane na zewn\u0105trz.Za zgod\u0105 u\u017cytkownika: Mo\u017cemy ujawni\u0107 dane osobowe u\u017cytkownika w dowolnym innym celu za jego zgod\u0105.Przechowywanie danych osobowych<\/p>\n<p>Firma b\u0119dzie przechowywa\u0107 dane osobowe u\u017cytkownika na czas niezb\u0119dny do realizacji cel\u00f3w okre\u015blonych w niniejszej polityce prywatno\u015bci. Firma b\u0119dzie przechowywa\u0107 i wykorzystywa\u0107 dane osobowe u\u017cytkownika w zakresie niezb\u0119dnym do wywi\u0105zania si\u0119\u00a0\u00a0\u00a0\u00a0 z zobowi\u0105za\u0144 prawnych (na przyk\u0142ad, je\u015bli b\u0119dzie zobowi\u0105zana do przechowywania danych u\u017cytkownika w celu zachowania zgodno\u015bci z obowi\u0105zuj\u0105cymi przepisami prawa), rozstrzygania spor\u00f3w oraz egzekwowania naszych um\u00f3w i zasad prawnych.<\/p>\n<p>Firma b\u0119dzie r\u00f3wnie\u017c przechowywa\u0107 dane dotycz\u0105ce u\u017cytkowania do cel\u00f3w analizy wewn\u0119trznej. Dane dotycz\u0105ce u\u017cytkowania s\u0105 zazwyczaj przechowywane przez kr\u00f3tszy okres czasu, z wyj\u0105tkiem sytuacji, gdy dane te s\u0105 wykorzystywane w celu zwi\u0119kszenia bezpiecze\u0144stwa lub poprawy funkcjonalno\u015bci us\u0142ugi, lub w przypadku zobowi\u0105zania prawnego do przechowywania tych danych przez d\u0142u\u017cszy okres czasu.<\/p>\n<p>Przekazywanie danych osobowych<\/p>\n<p>Informacje u\u017cytkownika, w tym dane osobowe, s\u0105 przetwarzane w biurach operacyjnych firmy oraz w innych miejscach, w kt\u00f3rych znajduj\u0105 si\u0119 strony zaanga\u017cowane\u00a0 w przetwarzanie. Oznacza to, \u017ce informacje te mog\u0105 by\u0107 przekazywane i przechowywane na komputerach znajduj\u0105cych si\u0119 poza stanem, prowincj\u0105, krajem lub inn\u0105 jurysdykcj\u0105 rz\u0105dow\u0105 u\u017cytkownika, w kt\u00f3rej przepisy dotycz\u0105ce ochrony danych mog\u0105 r\u00f3\u017cni\u0107 si\u0119 od przepis\u00f3w obowi\u0105zuj\u0105cych w jurysdykcji u\u017cytkownika.<\/p>\n<p>Zgoda u\u017cytkownika na niniejsz\u0105 polityk\u0119 prywatno\u015bci, po kt\u00f3rej nast\u0119puje przekazanie takich informacji, stanowi zgod\u0119 u\u017cytkownika na takie przekazanie.<\/p>\n<p>Firma podejmie wszelkie niezb\u0119dne kroki w celu zapewnienia, \u017ce dane u\u017cytkownika s\u0105 traktowane w spos\u00f3b bezpieczny i zgodny z niniejsz\u0105 polityk\u0105 prywatno\u015bci, a \u017cadne przekazywanie danych osobowych u\u017cytkownika nie b\u0119dzie mia\u0142o miejsca do organizacji lub kraju, chyba \u017ce istniej\u0105 odpowiednie kontrole, w tym bezpiecze\u0144stwo danych u\u017cytkownika\u00a0 i innych danych osobowych.<\/p>\n<p>Usuwanie danych osobowych<\/p>\n<p>U\u017cytkownik ma prawo do usuni\u0119cia lub uzyskania od nas pomocy w usuni\u0119ciu zgromadzonych przez nas jego danych osobowych.<\/p>\n<p>Nasza us\u0142uga mo\u017ce dawa\u0107 u\u017cytkownikowi mo\u017cliwo\u015b\u0107 usuni\u0119cia pewnych informacji na jego temat z poziomu us\u0142ugi.<\/p>\n<p>U\u017cytkownik mo\u017ce aktualizowa\u0107, zmienia\u0107 lub usuwa\u0107 dane osobowe w dowolnym momencie, loguj\u0105c si\u0119 na swoje konto, je\u017celi takowe posiada, oraz odwiedzaj\u0105c sekcj\u0119 ustawie\u0144 konta, kt\u00f3ra umo\u017cliwia zarz\u0105dzanie danymi osobowymi. U\u017cytkownik mo\u017ce r\u00f3wnie\u017c skontaktowa\u0107 si\u0119 z nami w celu uzyskania dost\u0119pu do swoich danych osobowych, ich skorygowania lub usuni\u0119cia.<\/p>\n<p>Nale\u017cy jednak pami\u0119ta\u0107, \u017ce mo\u017cemy by\u0107 zmuszeni do zachowania pewnych informacji, gdy mamy do tego prawny obowi\u0105zek lub podstaw\u0119 prawn\u0105.<\/p>\n<p>Ujawnianie danych osobowychTransakcje biznesoweJe\u017celi firma jest zaanga\u017cowana w fuzj\u0119, przej\u0119cie lub sprzeda\u017c aktyw\u00f3w, dane osobowe u\u017cytkownika mog\u0105 zosta\u0107 przekazane. Sp\u00f3\u0142ka powiadomi u\u017cytkownika, zanim jego dane osobowe zostan\u0105 przekazane i zaczn\u0105 podlega\u0107 innej polityce prywatno\u015bci.Egzekwowanie prawaW pewnych okoliczno\u015bciach firma mo\u017ce by\u0107 zobowi\u0105zana do ujawnienia danych osobowych u\u017cytkownika, je\u015bli jest to wymagane przez prawo lub w odpowiedzi na wa\u017cne \u017c\u0105dania organ\u00f3w publicznych (np. s\u0105du lub agencji rz\u0105dowej).Inne wymogi prawne<\/p>\n<p>Firma mo\u017ce ujawni\u0107 dane osobowe u\u017cytkownika w przekonaniu, \u017ce takie dzia\u0142anie jest konieczne w celu<\/p>\n<p>&#8211; przestrzegania obowi\u0105zku prawnego<br \/>\n&#8211; ochrony i obrony praw lub w\u0142asno\u015bci firmy<br \/>\n&#8211; zapobiegania lub badania mo\u017cliwych wykrocze\u0144 zwi\u0105zanych z us\u0142ug\u0105<br \/>\n&#8211; ochrony bezpiecze\u0144stwa osobistego u\u017cytkownik\u00f3w us\u0142ugi lub spo\u0142ecze\u0144stwa<br \/>\n&#8211; ochrony przed odpowiedzialno\u015bci\u0105 prawn\u0105<\/p>\n<p>Bezpiecze\u0144stwo danych osobowychBezpiecze\u0144stwo danych osobowych u\u017cytkownika jest dla nas wa\u017cne, ale nale\u017cy pami\u0119ta\u0107, \u017ce \u017cadna metoda transmisji przez internet ani metoda elektronicznego przechowywania danych nie jest w pe\u0142ni bezpieczna. Pomimo tego, \u017ce staramy si\u0119 wykorzystywa\u0107 komercyjnie akceptowalne \u015brodki w celu ochrony danych osobowych u\u017cytkownika, nie mo\u017cemy zagwarantowa\u0107 ich ca\u0142kowitego bezpiecze\u0144stwa.Prywatno\u015b\u0107 dzieci<\/p>\n<p>Nasza us\u0142uga nie jest skierowana do os\u00f3b poni\u017cej 13 roku \u017cycia. Je\u015bli u\u017cytkownik jest rodzicem lub opiekunem i jest \u015bwiadomy, \u017ce jego dziecko przekaza\u0142o swoje dane osobowe, prosimy o kontakt.W przypadku uzyskania informacji o pozyskaniu danych osobowych od os\u00f3b poni\u017cej 13 roku \u017cycia bez weryfikacji zgody rodzic\u00f3w, podejmiemy kroki w celu usuni\u0119cia tych informacji z naszych serwer\u00f3w.<\/p>\n<p>Gdy podstaw\u0105 prawn\u0105 przetwarzania danych u\u017cytkownika jest zgoda rodzicielska, wwymagane mo\u017ce by\u0107 jej uzyskanie przed zebraniem i wykorzystaniem tych danych osobowych.<\/p>\n<p>\u0141\u0105cza do innych stron internetowych<\/p>\n<p>Nasza us\u0142uga mo\u017ce zawiera\u0107 \u0142\u0105cza do innych stron internetowych, kt\u00f3re nie s\u0105 przez nas obs\u0142ugiwane. Klikni\u0119cie \u0142\u0105cza strony zewn\u0119trznej spowoduje przekierowanie do witryny tej strony. Zdecydowanie zalecamy zapoznanie si\u0119 z polityk\u0105 prywatno\u015bci ka\u017cdej odwiedzanej witryny.<\/p>\n<p>Nie mamy kontroli i nie ponosimy odpowiedzialno\u015bci za tre\u015bci, polityk\u0119 prywatno\u015bci lub praktyki stron lub us\u0142ug stron zewn\u0119trznych.<\/p>\n<p>Zmiany w niniejszej polityce prywatno\u015bci<\/p>\n<p>Co pewien czas polityka prywatno\u015bci mo\u017ce by\u0107 aktualizowana. W takim przypadku u\u017cytkownik zostanie powiadomiony o wszelkich zmianach a nowa polityka prywatno\u015bci zostanie opublikowana stronie.<\/p>\n<p>U\u017cytkownik zostanie powiadomiony za po\u015brednictwem wiadomo\u015bci e-mail i\/lub za pomoc\u0105 naszego serwisu, zanim nowa polityka zacznie obowi\u0105zywa\u0107 a data otatniej aktualizacji zostaie zmieniona w g\u00f3rnej cz\u0119\u015bci niniejszej polityki prywatno\u015bci.<\/p>\n<p>Zaleca si\u0119 okresowe sprawdzanie niniejszej polityki prywatno\u015bci pod k\u0105tem wszelkich zmian. Zmiany w niniejszej polityce prywatno\u015bci b\u0119d\u0105 obowi\u0105zywa\u0107 od momentu ich opublikowania na stronie.<\/p>\n<p>Skontaktuj si\u0119 z nami<\/p>\n<p><a href=\"https:\/\/ourdigitalvillage.erasmus.site\/\">W przypadku jakichkolwiek pyta\u0144 dotycz\u0105cych niniejszej polityki prywatno\u015bci u\u017cytkownik mo\u017ce skontaktowa\u0107 si\u0119 z nami:<\/a><\/p>\n<p>Za po\u015brednictwem poczty elektronicznej: webmaster@erasmus.site<br \/>\nodwiedzaj\u0105c nasz\u0105 wirtyn\u0119 internetow\u0105: <a href=\"https:\/\/ourdigitalvillage.erasmus.site\/\">https:\/\/ourdigitalvillage.erasmus.site\/<\/a><\/p>","protected":false},"excerpt":{"rendered":"<p>Ostatnia aktualizacja: 31 pa\u017adziernik, 2023. Niniejsza polityka prywatno\u015bci opisuje nasze zasady i procedury dotycz\u0105ce gromadzenia, wykorzystywania i ujawniania informacji u\u017cytkownika podczas korzystania z us\u0142ugi oraz informuje u\u017cytkownika o jego prawach do prywatno\u015bci i o tym, w jaki spos\u00f3b prawo chroni u\u017cytkownika. U\u017cywamy danych osobowych u\u017cytkownika w celu \u015bwiadczenia i ulepszania us\u0142ugi. Korzystaj\u0105c z us\u0142ugi, u\u017cytkownik&hellip;&nbsp;<a href=\"https:\/\/ourdigitalvillage.erasmus.site\/pl\/privacy-policy\/\" rel=\"bookmark\">Dowiedz si\u0119 wi\u0119cej &raquo;<span class=\"screen-reader-text\">Polityka prywatno\u015bci<\/span><\/a><\/p>\n","protected":false},"author":1,"featured_media":0,"parent":0,"menu_order":0,"comment_status":"closed","ping_status":"closed","template":"","meta":{"neve_meta_sidebar":"","neve_meta_container":"","neve_meta_enable_content_width":"off","neve_meta_content_width":100,"neve_meta_title_alignment":"","neve_meta_author_avatar":"","neve_post_elements_order":"","neve_meta_disable_header":"","neve_meta_disable_footer":"","neve_meta_disable_title":"","footnotes":""},"class_list":["post-341","page","type-page","status-publish","hentry"],"_links":{"self":[{"href":"https:\/\/ourdigitalvillage.erasmus.site\/pl\/wp-json\/wp\/v2\/pages\/341","targetHints":{"allow":["GET"]}}],"collection":[{"href":"https:\/\/ourdigitalvillage.erasmus.site\/pl\/wp-json\/wp\/v2\/pages"}],"about":[{"href":"https:\/\/ourdigitalvillage.erasmus.site\/pl\/wp-json\/wp\/v2\/types\/page"}],"author":[{"embeddable":true,"href":"https:\/\/ourdigitalvillage.erasmus.site\/pl\/wp-json\/wp\/v2\/users\/1"}],"replies":[{"embeddable":true,"href":"https:\/\/ourdigitalvillage.erasmus.site\/pl\/wp-json\/wp\/v2\/comments?post=341"}],"version-history":[{"count":7,"href":"https:\/\/ourdigitalvillage.erasmus.site\/pl\/wp-json\/wp\/v2\/pages\/341\/revisions"}],"predecessor-version":[{"id":777,"href":"https:\/\/ourdigitalvillage.erasmus.site\/pl\/wp-json\/wp\/v2\/pages\/341\/revisions\/777"}],"wp:attachment":[{"href":"https:\/\/ourdigitalvillage.erasmus.site\/pl\/wp-json\/wp\/v2\/media?parent=341"}],"curies":[{"name":"wp","href":"https:\/\/api.w.org\/{rel}","templated":true}]}}