{"id":271,"date":"2023-10-31T11:27:24","date_gmt":"2023-10-31T11:27:24","guid":{"rendered":"https:\/\/ourdigitalvillage.erasmus.site\/?page_id=271"},"modified":"2024-11-21T14:37:26","modified_gmt":"2024-11-21T13:37:26","slug":"co-design-of-the-our-digital-village-activity-kit-and-evaluation-tools","status":"publish","type":"page","link":"https:\/\/ourdigitalvillage.erasmus.site\/pt\/co-design-of-the-our-digital-village-activity-kit-and-evaluation-tools\/","title":{"rendered":"Co-desenvolvimento do Kit de Atividades e Ferramentas de Avalia\u00e7\u00e3o"},"content":{"rendered":"<p><img fetchpriority=\"high\" decoding=\"async\" class=\"aligncenter size-medium wp-image-143\" src=\"https:\/\/ourdigitalvillage.erasmus.site\/wp-content\/uploads\/2023\/04\/Group-10277-300x300.png\" alt=\"\" width=\"300\" height=\"300\" srcset=\"https:\/\/ourdigitalvillage.erasmus.site\/wp-content\/uploads\/2023\/04\/Group-10277-300x300.png 300w, https:\/\/ourdigitalvillage.erasmus.site\/wp-content\/uploads\/2023\/04\/Group-10277-1024x1024.png 1024w, https:\/\/ourdigitalvillage.erasmus.site\/wp-content\/uploads\/2023\/04\/Group-10277-150x150.png 150w, https:\/\/ourdigitalvillage.erasmus.site\/wp-content\/uploads\/2023\/04\/Group-10277-768x768.png 768w, https:\/\/ourdigitalvillage.erasmus.site\/wp-content\/uploads\/2023\/04\/Group-10277-1536x1536.png 1536w, https:\/\/ourdigitalvillage.erasmus.site\/wp-content\/uploads\/2023\/04\/Group-10277.png 1715w\" sizes=\"(max-width: 300px) 100vw, 300px\" \/><\/p>\n<p><span style=\"font-weight: 400;\">O Our Digital Village pretende criar materiais educativos atrav\u00e9s de um processo de co-desenvolvimento, adapt\u00e1veis a diferentes contextos educativos e geogr\u00e1ficos. O objetivo \u00e9 fortalecer as compet\u00eancias digitais e transversais de professores, formadores e estudantes\/aprendentes, usando tamb\u00e9m ferramentas espec\u00edficas para avaliar e monitorizar a qualidade e transferibilidade dos kits durante a fase de teste. Os resultados deste processo de co-desenvolvimento entre especialistas em RMA, especialistas em TIC, professores e formadores das \u00e1reas rurais, consistir\u00e3o numa ferramenta interativa online e imprim\u00edvel \u2013 o Kit de Atividades. Este Kit inclui atividades pr\u00e1ticas de TIC sob a forma de desafios de TIC e orienta\u00e7\u00f5es pedag\u00f3gicas para a implementa\u00e7\u00e3o dessas atividades em sala de aula.<\/span><\/p>\n<p><span style=\"font-weight: 400;\">Atrav\u00e9s do co-desenvolvimento, garante-se que os materiais desenvolvidos correspondem \u00e0s necessidades, desejos e ideias identificados durante o processo de autoan\u00e1lise. Por outro lado, atende-se aos requisitos do curr\u00edculo nacional e \u00e0s pol\u00edticas ou diretrizes nacionais, atrav\u00e9s do contributo direto de professores e formadores em cada pa\u00eds.<\/span><\/p>\n<p><span style=\"font-weight: 400;\">O kit de atividades \u00e9 dirigido a professores e formadores em contextos de educa\u00e7\u00e3o formal e n\u00e3o formal e incluir\u00e1 4 sec\u00e7\u00f5es:<\/span><\/p>\n<ul>\n<li style=\"font-weight: 400;\" aria-level=\"1\">Parte introdut\u00f3ria que sublinha a import\u00e2ncia das compet\u00eancias digitais no mundo digitalizado contempor\u00e2neo, e a import\u00e2ncia da aquisi\u00e7\u00e3o de compet\u00eancias digitais e transversais para professores\/formadores tornarem o ensino mais interativo e envolvente.<\/li>\n<li style=\"font-weight: 400;\" aria-level=\"1\">Um conjunto de pelo menos 50 atividades apresentadas como desafios de TIC usando tecnologias digitais e criativas e computa\u00e7\u00e3o, como Rob\u00f3tica, Programa\u00e7\u00e3o, Microcontroladores, Modelagem e Impress\u00e3o 3D, e desenvolvimento web. Os desafios de TIC cont\u00eam diferentes atividades sobre determinado tema ou compet\u00eancia digital, com n\u00edveis crescentes de dificuldade, o que tornar\u00e1 as atividades interessantes e estimulantes para diferentes n\u00edveis e idades.<\/li>\n<li style=\"font-weight: 400;\" aria-level=\"1\">Orienta\u00e7\u00f5es pedag\u00f3gicas gerais para apoiar professores e formadores na implementa\u00e7\u00e3o das atividades com base nas necessidades, desejos e contexto locais.<\/li>\n<li style=\"font-weight: 400;\" aria-level=\"1\">Recursos extra para autoestudo.<\/li>\n<\/ul>\n<p><span style=\"font-weight: 400;\">Um kit de avalia\u00e7\u00e3o, que visa tamb\u00e9m avaliar a qualidade, efic\u00e1cia e relev\u00e2ncia das atividades e processos atrav\u00e9s de medidas e ferramentas espec\u00edficas que visam monitorizar e avaliar a qualidade, efic\u00e1cia e relev\u00e2ncia das atividades e resultados.<\/span><\/p>\n<p style=\"text-align: center;\"><iframe style=\"width: 100%; height: 800px;\" src=\"https:\/\/ourdigitalvillage.erasmus.site\/wp-content\/pr2\/training_pt\/book.html\" frameborder=\"0\" scrolling=\"no\" seamless=\"seamless\" allowfullscreen=\"allowfullscreen\"><span style=\"display: inline-block; width: 0px; overflow: hidden; line-height: 0;\" data-mce-type=\"bookmark\" class=\"mce_SELRES_start\">\ufeff<\/span><\/iframe><br \/>\n<a class=\"btn btn-primary\" role=\"button\" href=\"https:\/\/ourdigitalvillage.erasmus.site\/wp-content\/uploads\/2024\/09\/Training-outline_PT_translation_rev.pdf\" target=\"_blank\" rel=\"noopener\">Download<\/a><\/p>\n<p><\/p>","protected":false},"excerpt":{"rendered":"<p>O Our Digital Village pretende criar materiais educativos atrav\u00e9s de um processo de co-desenvolvimento, adapt\u00e1veis a diferentes contextos educativos e geogr\u00e1ficos. O objetivo \u00e9 fortalecer as compet\u00eancias digitais e transversais de professores, formadores e estudantes\/aprendentes, usando tamb\u00e9m ferramentas espec\u00edficas para avaliar e monitorizar a qualidade e transferibilidade dos kits durante a fase de teste. Os&hellip;&nbsp;<a href=\"https:\/\/ourdigitalvillage.erasmus.site\/pt\/co-design-of-the-our-digital-village-activity-kit-and-evaluation-tools\/\" rel=\"bookmark\">Ler mais &raquo;<span class=\"screen-reader-text\">Co-desenvolvimento do Kit de Atividades e Ferramentas de Avalia\u00e7\u00e3o<\/span><\/a><\/p>\n","protected":false},"author":1,"featured_media":0,"parent":0,"menu_order":0,"comment_status":"closed","ping_status":"closed","template":"","meta":{"neve_meta_sidebar":"","neve_meta_container":"","neve_meta_enable_content_width":"off","neve_meta_content_width":100,"neve_meta_title_alignment":"","neve_meta_author_avatar":"","neve_post_elements_order":"","neve_meta_disable_header":"","neve_meta_disable_footer":"","neve_meta_disable_title":"","footnotes":""},"class_list":["post-271","page","type-page","status-publish","hentry"],"_links":{"self":[{"href":"https:\/\/ourdigitalvillage.erasmus.site\/pt\/wp-json\/wp\/v2\/pages\/271","targetHints":{"allow":["GET"]}}],"collection":[{"href":"https:\/\/ourdigitalvillage.erasmus.site\/pt\/wp-json\/wp\/v2\/pages"}],"about":[{"href":"https:\/\/ourdigitalvillage.erasmus.site\/pt\/wp-json\/wp\/v2\/types\/page"}],"author":[{"embeddable":true,"href":"https:\/\/ourdigitalvillage.erasmus.site\/pt\/wp-json\/wp\/v2\/users\/1"}],"replies":[{"embeddable":true,"href":"https:\/\/ourdigitalvillage.erasmus.site\/pt\/wp-json\/wp\/v2\/comments?post=271"}],"version-history":[{"count":17,"href":"https:\/\/ourdigitalvillage.erasmus.site\/pt\/wp-json\/wp\/v2\/pages\/271\/revisions"}],"predecessor-version":[{"id":801,"href":"https:\/\/ourdigitalvillage.erasmus.site\/pt\/wp-json\/wp\/v2\/pages\/271\/revisions\/801"}],"wp:attachment":[{"href":"https:\/\/ourdigitalvillage.erasmus.site\/pt\/wp-json\/wp\/v2\/media?parent=271"}],"curies":[{"name":"wp","href":"https:\/\/api.w.org\/{rel}","templated":true}]}}