{"id":273,"date":"2023-10-31T11:27:33","date_gmt":"2023-10-31T11:27:33","guid":{"rendered":"https:\/\/ourdigitalvillage.erasmus.site\/?page_id=273"},"modified":"2024-05-06T18:25:42","modified_gmt":"2024-05-06T18:25:42","slug":"ict-training-and-courses-in-the-digital-village-communities","status":"publish","type":"page","link":"https:\/\/ourdigitalvillage.erasmus.site\/pt\/ict-training-and-courses-in-the-digital-village-communities\/","title":{"rendered":"Forma\u00e7\u00e3o em TIC e Cursos nas Comunidades Rurais Digitais"},"content":{"rendered":"<p><img fetchpriority=\"high\" decoding=\"async\" class=\"aligncenter size-medium wp-image-144\" src=\"https:\/\/ourdigitalvillage.erasmus.site\/wp-content\/uploads\/2023\/04\/Group-10659-300x300.png\" alt=\"\" width=\"300\" height=\"300\" srcset=\"https:\/\/ourdigitalvillage.erasmus.site\/wp-content\/uploads\/2023\/04\/Group-10659-300x300.png 300w, https:\/\/ourdigitalvillage.erasmus.site\/wp-content\/uploads\/2023\/04\/Group-10659-1024x1024.png 1024w, https:\/\/ourdigitalvillage.erasmus.site\/wp-content\/uploads\/2023\/04\/Group-10659-150x150.png 150w, https:\/\/ourdigitalvillage.erasmus.site\/wp-content\/uploads\/2023\/04\/Group-10659-768x768.png 768w, https:\/\/ourdigitalvillage.erasmus.site\/wp-content\/uploads\/2023\/04\/Group-10659-1536x1536.png 1536w, https:\/\/ourdigitalvillage.erasmus.site\/wp-content\/uploads\/2023\/04\/Group-10659.png 1946w\" sizes=\"(max-width: 300px) 100vw, 300px\" \/><\/p>\n<p><span style=\"font-weight: 400;\">Para testar e avaliar o Kit de Atividades Our Digital Village com professores e formadores, ser\u00e3o realizadas atividades de forma\u00e7\u00e3o e cursos de TIC em institui\u00e7\u00f5es educativas e locais comunit\u00e1rios nas \u00e1reas rurais :<\/span><\/p>\n<ul>\n<li style=\"font-weight: 400;\" aria-level=\"1\">Forma\u00e7\u00f5es locais em cada pa\u00eds implementador dirigidas a pelo menos 15 professores e formadores, para ensinar as compet\u00eancias b\u00e1sicas de Programa\u00e7\u00e3o, Rob\u00f3tica, Microcontroladores, Modelagem e Impress\u00e3o 3D, e desenvolvimento web, de forma a poderem utilizar as atividades propostas no Kit de Atividades e adapt\u00e1-las \u00e0s necessidades e contextos locais.<\/li>\n<li style=\"font-weight: 400;\" aria-level=\"1\">4 cursos de TIC em cada pa\u00eds implementador com o objetivo de aumentar as compet\u00eancias digitais e transversais de pelo menos 60 formandos por pa\u00eds, com base nos desafios de TIC apresentados no Kit de Atividades. Para aumentar ainda mais estas compet\u00eancias entre os participantes, pelo menos 25% de cada curso de TIC ser\u00e1 dedicado ao desenvolvimento de um projeto pessoal que resolva um problema (pessoal, comunit\u00e1rio) usando tecnologia e\/ou programa\u00e7\u00e3o.<\/li>\n<\/ul>\n<p><\/p>","protected":false},"excerpt":{"rendered":"<p>Para testar e avaliar o Kit de Atividades Our Digital Village com professores e formadores, ser\u00e3o realizadas atividades de forma\u00e7\u00e3o e cursos de TIC em institui\u00e7\u00f5es educativas e locais comunit\u00e1rios nas \u00e1reas rurais : Forma\u00e7\u00f5es locais em cada pa\u00eds implementador dirigidas a pelo menos 15 professores e formadores, para ensinar as compet\u00eancias b\u00e1sicas de Programa\u00e7\u00e3o,&hellip;&nbsp;<a href=\"https:\/\/ourdigitalvillage.erasmus.site\/pt\/ict-training-and-courses-in-the-digital-village-communities\/\" rel=\"bookmark\">Ler mais &raquo;<span class=\"screen-reader-text\">Forma\u00e7\u00e3o em TIC e Cursos nas Comunidades Rurais Digitais<\/span><\/a><\/p>\n","protected":false},"author":1,"featured_media":0,"parent":0,"menu_order":0,"comment_status":"closed","ping_status":"closed","template":"","meta":{"neve_meta_sidebar":"","neve_meta_container":"","neve_meta_enable_content_width":"off","neve_meta_content_width":100,"neve_meta_title_alignment":"","neve_meta_author_avatar":"","neve_post_elements_order":"","neve_meta_disable_header":"","neve_meta_disable_footer":"","neve_meta_disable_title":"","footnotes":""},"class_list":["post-273","page","type-page","status-publish","hentry"],"_links":{"self":[{"href":"https:\/\/ourdigitalvillage.erasmus.site\/pt\/wp-json\/wp\/v2\/pages\/273","targetHints":{"allow":["GET"]}}],"collection":[{"href":"https:\/\/ourdigitalvillage.erasmus.site\/pt\/wp-json\/wp\/v2\/pages"}],"about":[{"href":"https:\/\/ourdigitalvillage.erasmus.site\/pt\/wp-json\/wp\/v2\/types\/page"}],"author":[{"embeddable":true,"href":"https:\/\/ourdigitalvillage.erasmus.site\/pt\/wp-json\/wp\/v2\/users\/1"}],"replies":[{"embeddable":true,"href":"https:\/\/ourdigitalvillage.erasmus.site\/pt\/wp-json\/wp\/v2\/comments?post=273"}],"version-history":[{"count":12,"href":"https:\/\/ourdigitalvillage.erasmus.site\/pt\/wp-json\/wp\/v2\/pages\/273\/revisions"}],"predecessor-version":[{"id":754,"href":"https:\/\/ourdigitalvillage.erasmus.site\/pt\/wp-json\/wp\/v2\/pages\/273\/revisions\/754"}],"wp:attachment":[{"href":"https:\/\/ourdigitalvillage.erasmus.site\/pt\/wp-json\/wp\/v2\/media?parent=273"}],"curies":[{"name":"wp","href":"https:\/\/api.w.org\/{rel}","templated":true}]}}