{"id":341,"date":"2023-10-31T13:02:30","date_gmt":"2023-10-31T13:02:30","guid":{"rendered":"https:\/\/ourdigitalvillage.erasmus.site\/?page_id=341"},"modified":"2024-07-18T19:02:44","modified_gmt":"2024-07-18T19:02:44","slug":"privacy-policy","status":"publish","type":"page","link":"https:\/\/ourdigitalvillage.erasmus.site\/pt\/privacy-policy\/","title":{"rendered":"Pol\u00edtica de Privacidade"},"content":{"rendered":"<p>\u00daltima atualiza\u00e7\u00e3o: 31 de Outubro de 2023<\/p>\n<p>Esta Pol\u00edtica de Privacidade descreve as nossas pol\u00edticas e procedimentos sobre a recolha, uso e divulga\u00e7\u00e3o da sua informa\u00e7\u00e3o quando utiliza o Servi\u00e7o e informa-o sobre os seus direitos de privacidade e como a lei o protege.<\/p>\n<p>Usamos os seus Dados Pessoais para fornecer e melhorar o Servi\u00e7o. Ao usar o Servi\u00e7o, concorda com a recolha e uso de informa\u00e7\u00f5es de acordo com esta Pol\u00edtica de Privacidade. Esta Pol\u00edtica de Privacidade foi criada com a ajuda do Gerador de Pol\u00edtica de Privacidade Gratuito.<\/p>\n<p>Interpreta\u00e7\u00e3o e Defini\u00e7\u00f5esInterpreta\u00e7\u00e3oAs palavras cuja letra inicial \u00e9 mai\u00fascula t\u00eam significados definidos nas condi\u00e7\u00f5es seguintes. As defini\u00e7\u00f5es seguintes ter\u00e3o o mesmo significado, independentemente de aparecerem no singular ou no plural.Defini\u00e7\u00f5esPara os fins desta Pol\u00edtica de Privacidade:Conta significa uma conta \u00fanica criada para si para aceder ao nosso Servi\u00e7o ou partes do nosso Servi\u00e7o.Afiliada significa uma entidade que controla, \u00e9 controlada por, ou est\u00e1 sob controle comum com uma parte, onde &#8220;controle&#8221; significa a propriedade de 50% ou mais das a\u00e7\u00f5es, participa\u00e7\u00e3o patrimonial ou outros valores mobili\u00e1rios com direito a voto para elei\u00e7\u00e3o de diretores ou outra autoridade gestora.Empresa (referida como \u201ca Empresa\u201d, \u201cN\u00f3s\u201d, \u201cNos\u201d ou \u201cNosso\u201d neste Acordo) refere-se \u00e0 Danmar Computers LLC, Rzesz\u00f3w, Grunwaldzka 16c, 35-068 Rzesz\u00f3w, Pol\u00f3nia.Cookies s\u00e3o pequenos ficheiros que s\u00e3o colocados no seu computador, dispositivo m\u00f3vel ou qualquer outro dispositivo por um website, contendo os detalhes do seu hist\u00f3rico de navega\u00e7\u00e3o nesse website entre os seus muitos usos.Pa\u00eds refere-se a: Pol\u00f3niaDispositivo refere-se a qualquer dispositivo que possa aceder ao Servi\u00e7o, como um computador, um telem\u00f3vel ou um tablet digital.Dados Pessoais s\u00e3o quaisquer informa\u00e7\u00f5es que se relacionam com um indiv\u00edduo identificado ou identific\u00e1vel.Servi\u00e7o refere-se ao Website.Prestador de Servi\u00e7os significa qualquer pessoa natural ou jur\u00eddica que processe os dados em nome da Empresa. Refere-se a empresas de terceiros ou indiv\u00edduos contratados pela Empresa para facilitar o Servi\u00e7o, fornecer o Servi\u00e7o em nome da Empresa, realizar servi\u00e7os relacionados ao Servi\u00e7o ou ajudar a Empresa na an\u00e1lise de como o Servi\u00e7o \u00e9 utilizado.Dados de Uso referem-se a dados coletados automaticamente, gerados pelo uso do Servi\u00e7o ou pela pr\u00f3pria infraestrutura do Servi\u00e7o (por exemplo, a dura\u00e7\u00e3o de uma visita a uma p\u00e1gina).Website refere-se a OurDigitalVillage, acess\u00edvel a partir de https:\/\/ourdigitalvillage.erasmus.site\/Voc\u00ea significa o indiv\u00edduo que acessa ou usa o Servi\u00e7o, ou a empresa, ou outra entidade legal em nome da qual tal indiv\u00edduo est\u00e1 acedendo ou usando o Servi\u00e7o, conforme aplic\u00e1vel.Recolha e Uso dos Seus Dados PessoaisTipos de Dados RecolhidosDados Pessoais<\/p>\n<p>Enquanto utiliza o nosso Servi\u00e7o, podemos solicitar que nos forne\u00e7a certas informa\u00e7\u00f5es pessoalmente identific\u00e1veis que podem ser usadas para entrar em contacto ou identific\u00e1-lo. As informa\u00e7\u00f5es pessoalmente identific\u00e1veis podem incluir, mas n\u00e3o est\u00e3o limitadas a:<\/p>\n<p>&#8211; Endere\u00e7o de e-mail<br \/>\n&#8211; Dados de utiliza\u00e7\u00e3o<\/p>\n<p>Dados de Utiliza\u00e7\u00e3o<\/p>\n<p>Os Dados de Utiliza\u00e7\u00e3o s\u00e3o recolhidos automaticamente ao utilizar o Servi\u00e7o.<\/p>\n<p>Os Dados de Utiliza\u00e7\u00e3o podem incluir informa\u00e7\u00f5es como o endere\u00e7o de Protocolo de Internet do seu dispositivo (por exemplo, endere\u00e7o IP), tipo de navegador, vers\u00e3o do navegador, as p\u00e1ginas do nosso Servi\u00e7o que o utilizador visita, a data e hora da sua visita, o tempo gasto nessas p\u00e1ginas, identificadores exclusivos de dispositivos e outros dados de diagn\u00f3stico.<\/p>\n<p>Quando acede ao Servi\u00e7o por meio de um dispositivo m\u00f3vel, podemos recolher automaticamente certas informa\u00e7\u00f5es, incluindo, mas n\u00e3o se limitando, ao tipo de dispositivo m\u00f3vel que utiliza, o ID exclusivo do seu dispositivo m\u00f3vel, o endere\u00e7o IP do seu dispositivo m\u00f3vel, o sistema operacional m\u00f3vel, o tipo de navegador de Internet m\u00f3vel que usa, identificadores exclusivos de dispositivos e outros dados de diagn\u00f3stico.<\/p>\n<p>Tamb\u00e9m podemos recolher informa\u00e7\u00f5es que o seu navegador envia sempre que visita nosso Servi\u00e7o ou quando acede ao Servi\u00e7o por meio de um dispositivo m\u00f3vel.<\/p>\n<p>Tecnologias de Rastreamento e CookiesUtilizamos Cookies e tecnologias de rastreamento semelhantes para acompanhar a atividade no nosso Servi\u00e7o e armazenar certas informa\u00e7\u00f5es. As tecnologias de rastreamento usadas incluem beacons, tags e scripts para recolher e acompanhar informa\u00e7\u00f5es e para melhorar e analisar o nosso Servi\u00e7o. As tecnologias que usamos podem incluir:- Cookies ou Cookies do Navegador. Um cookie \u00e9 um pequeno arquivo colocado no seu Dispositivo. Voc\u00ea pode instruir o seu navegador a recusar todos os cookies ou a indicar quando um cookie est\u00e1 a ser enviado. No entanto, se n\u00e3o aceitar cookies, pode ser que n\u00e3o consiga usar algumas partes do nosso Servi\u00e7o. A menos que tenha ajustado a configura\u00e7\u00e3o do seu navegador para recusar cookies, o nosso Servi\u00e7o pode usar cookies.<br \/>\n&#8211; Web Beacons. Certas sec\u00e7\u00f5es do nosso Servi\u00e7o e os nossos e-mails podem conter pequenos arquivos eletr\u00f3nicos conhecidos como web beacons (tamb\u00e9m conhecidos como clear gifs, pixel tags e single-pixel gifs) que permitem \u00e0 Empresa, por exemplo, contar utilizadores que visitaram aquelas p\u00e1ginas ou abriram um e-mail e para outras estat\u00edsticas relacionadas com o site (por exemplo, registar a popularidade de uma determinada sec\u00e7\u00e3o e verificar a integridade do sistema e do servidor).Os cookies podem ser &#8220;Persistentes&#8221; ou &#8220;de Sess\u00e3o&#8221;. Cookies Persistentes permanecem no seu computador pessoal ou dispositivo m\u00f3vel quando fica offline, enquanto os Cookies de Sess\u00e3o s\u00e3o exclu\u00eddos assim que fecha o seu navegador web. Saiba mais sobre cookies no artigo do site Free Privacy Policy.Utilizamos tanto Cookies de Sess\u00e3o como Cookies Persistentes para os fins estabelecidos abaixo:- Cookies Necess\u00e1rios\/Essenciais Tipo: Cookies de Sess\u00e3o<br \/>\nAdministrados por: N\u00f3s<\/p>\n<p>Prop\u00f3sito: Estes Cookies s\u00e3o essenciais para fornecer os servi\u00e7os dispon\u00edveis atrav\u00e9s do Website e permitir que use algumas das suas funcionalidades. Eles ajudam a autenticar os utilizadores e a prevenir o uso fraudulento de contas de utilizador. Sem estes Cookies, os servi\u00e7os que\u00a0 solicitou n\u00e3o podem ser fornecidos, e usamos esses Cookies apenas para fornecer esses servi\u00e7os.<\/p>\n<p>&#8211; Cookies de Aceita\u00e7\u00e3o da Pol\u00edtica de Cookies\/Notifica\u00e7\u00e3o Tipo: Cookies Persistentes<br \/>\nAdministrados por: N\u00f3s<\/p>\n<p>Prop\u00f3sito: Estes Cookies identificam se os usu\u00e1rios aceitaram o uso de cookies no Website.<\/p>\n<p>&#8211; Cookies de Funcionalidade Tipo: Cookies Persistentes<br \/>\nAdministrados por: N\u00f3s<\/p>\n<p>Prop\u00f3sito: Estes Cookies permitem-nos lembrar das escolhas que Voc\u00ea faz quando usa o Website, como lembrar suas informa\u00e7\u00f5es de login ou prefer\u00eancia de idioma. O prop\u00f3sito desses Cookies \u00e9 proporcionar uma experi\u00eancia mais personalizada e evitar que precise de reintroduzir as suas prefer\u00eancias sempre que usar o Website.<\/p>\n<p>Para obter mais informa\u00e7\u00f5es sobre os cookies que utilizamos e as suas op\u00e7\u00f5es em rela\u00e7\u00e3o aos cookies, por favor visite a nossa Pol\u00edtica de Cookies ou a sec\u00e7\u00e3o de Cookies da nossa Pol\u00edtica de Privacidade.Uso dos Seus Dados PessoaisA empresa pode usar os Dados Pessoais para os seguintes fins:Para fornecer e manter o nosso Servi\u00e7o, incluindo monitorizar o uso do nosso Servi\u00e7o.Para gerir a sua Conta: para gerir o seu registo como utilizador do Servi\u00e7o. Os Dados Pessoais que fornece podem dar acesso a diferentes funcionalidades do Servi\u00e7o que est\u00e3o dispon\u00edveis para voc\u00ea como usu\u00e1rio registrado.Para o desempenho de um contrato: o desenvolvimento, cumprimento e execu\u00e7\u00e3o do contrato de compra dos produtos, itens ou servi\u00e7os que adquiriu ou de qualquer outro contrato connosco por meio do Servi\u00e7o.Para entrar em contacto consigo: Para entrar em contacto por e-mail, chamadas telef\u00f3nicas, SMS ou outras formas equivalentes de comunica\u00e7\u00e3o eletr\u00f3nica, como notifica\u00e7\u00f5es push de aplicativos m\u00f3veis relacionados com atualiza\u00e7\u00f5es ou comunica\u00e7\u00f5es informativas relacionadas com as funcionalidades, produtos ou servi\u00e7os contratados, incluindo atualiza\u00e7\u00f5es de seguran\u00e7a, quando necess\u00e1rio ou razo\u00e1vel para a sua implementa\u00e7\u00e3o.Para lhe fornecer not\u00edcias, ofertas especiais e informa\u00e7\u00f5es gerais sobre outros produtos, servi\u00e7os e eventos que oferecemos e que sejam semelhantes aos que j\u00e1 comprou ou perguntou, a menos que voc\u00ea tenha optado por n\u00e3o receber tais informa\u00e7\u00f5es.Para gerir as suas solicita\u00e7\u00f5es: para atender e gerir os seus pedidos para n\u00f3s.Para transfer\u00eancias comerciais: podemos usar as suas informa\u00e7\u00f5es para avaliar ou realizar uma fus\u00e3o, aliena\u00e7\u00e3o, reestrutura\u00e7\u00e3o, reorganiza\u00e7\u00e3o, dissolu\u00e7\u00e3o ou outra venda ou transfer\u00eancia de todos ou parte de nossos ativos, seja como empresa em funcionamento ou como parte de fal\u00eancia, liquida\u00e7\u00e3o ou processo semelhante, no qual os Dados Pessoais mantidos por n\u00f3s sobre os usu\u00e1rios de nosso Servi\u00e7o est\u00e3o entre os ativos transferidos.Para outros fins: podemos usar as suas informa\u00e7\u00f5es para outros fins, como an\u00e1lise de dados, identifica\u00e7\u00e3o de tend\u00eancias de uso, determina\u00e7\u00e3o da efic\u00e1cia das nossas campanhas promocionais e para avaliar e melhorar o nosso Servi\u00e7o, produtos, servi\u00e7os, marketing e sua experi\u00eancia.Podemos partilhar as suas informa\u00e7\u00f5es pessoais nas seguintes situa\u00e7\u00f5es:Com Prestadores de Servi\u00e7os: Podemos partilhar as suas informa\u00e7\u00f5es pessoais com Prestadores de Servi\u00e7os para monitorar e analisar o uso do nosso Servi\u00e7o, para entrar em contacto consigo.Para transfer\u00eancias comerciais: Podemos partilhar ou transferir as suas informa\u00e7\u00f5es pessoais em liga\u00e7\u00e3o com, ou durante negocia\u00e7\u00f5es de, qualquer fus\u00e3o, venda de ativos da Empresa, financiamento ou aquisi\u00e7\u00e3o de todo ou parte do nosso neg\u00f3cio por outra empresa.Com Afiliados: Podemos partilhar as suas informa\u00e7\u00f5es com as nossas afiliadas. Nesse caso, exigiremos que essas afiliadas respeitem esta Pol\u00edtica de Privacidade. Afiliadas incluem a nossa empresa controladora e quaisquer outras subsidi\u00e1rias, parceiros de joint venture ou outras empresas que controlamos ou que est\u00e3o sob controle comum connosco.Com Parceiros de Neg\u00f3cios: Podemos compartilhar suas informa\u00e7\u00f5es com nossos parceiros de neg\u00f3cios para oferecer a voc\u00ea determinados produtos, servi\u00e7os ou promo\u00e7\u00f5es.Com outros utilizadores: quando partilha informa\u00e7\u00f5es pessoais ou interage de alguma forma nas \u00e1reas p\u00fablicas com outros utilizadores, essas informa\u00e7\u00f5es podem ser vistas por todos os utilizadores e podem ser divulgadas publicamente fora do servi\u00e7o.Com o seu consentimento: Podemos divulgar as suas informa\u00e7\u00f5es pessoais para qualquer outro fim com o seu consentimento.A reten\u00e7\u00e3o dos seus dados pessoaisA empresa reter\u00e1 os seus dados pessoais apenas pelo tempo necess\u00e1rio para cumprir os prop\u00f3sitos estabelecidos nesta Pol\u00edtica de Privacidade. Os dados pessoais ser\u00e3o retidos e utilizados na medida do necess\u00e1rio para cumprir as obriga\u00e7\u00f5es legais (por exemplo, se formos obrigados a reter os seus dados para cumprir leis aplic\u00e1veis), resolver disputas e fazer cumprir os nossos acordos legais e pol\u00edticas. A empresa tamb\u00e9m reter\u00e1 os Dados de Utiliza\u00e7\u00e3o para fins de an\u00e1lise interna. Normalmente, os Dados de Utiliza\u00e7\u00e3o s\u00e3o retidos por um per\u00edodo mais curto, exceto quando esses dados s\u00e3o usados para refor\u00e7ar a seguran\u00e7a ou melhorar a funcionalidade do nosso Servi\u00e7o, ou quando estamos legalmente obrigados a ret\u00ea-los por per\u00edodos mais longos.Transfer\u00eancia dos Seus Dados PessoaisAs suas informa\u00e7\u00f5es, incluindo Dados Pessoais, s\u00e3o processadas nas instala\u00e7\u00f5es operacionais da Empresa e em quaisquer outros locais onde as partes envolvidas no processamento estejam localizadas. Isso significa que essas informa\u00e7\u00f5es podem ser transferidas para \u2014 e mantidas em \u2014 computadores localizados fora do seu estado, prov\u00edncia, pa\u00eds ou outra jurisdi\u00e7\u00e3o governamental, onde as leis de prote\u00e7\u00e3o de dados podem ser diferentes das da sua jurisdi\u00e7\u00e3o. A sua concord\u00e2ncia com esta Pol\u00edtica de Privacidade, seguida do envio de tais informa\u00e7\u00f5es, representa a sua concord\u00e2ncia com essa transfer\u00eancia. A Empresa tomar\u00e1 todas as medidas razoavelmente necess\u00e1rias para garantir que os seus dados sejam tratados de forma segura e de acordo com esta Pol\u00edtica de Privacidade, e nenhuma transfer\u00eancia dos seus Dados Pessoais ser\u00e1 realizada para uma organiza\u00e7\u00e3o ou pa\u00eds, a menos que haja controles adequados em vigor, incluindo a seguran\u00e7a dos seus dados e outras informa\u00e7\u00f5es pessoais.Eliminar os Seus Dados Pessoais<\/p>\n<p>Tem o direito de eliminar ou solicitar que N\u00f3s ajudemos a eliminar os Dados Pessoais que recolhemos sobre Si.<\/p>\n<p>O Nosso Servi\u00e7o pode dar-lhe a capacidade de eliminar certas informa\u00e7\u00f5es sobre Si dentro do Servi\u00e7o.<\/p>\n<p>Pode atualizar, alterar ou eliminar as suas informa\u00e7\u00f5es a qualquer momento, iniciando sess\u00e3o na Sua Conta, se tiver uma, e visitando a sec\u00e7\u00e3o de configura\u00e7\u00f5es da conta que lhe permite gerir as suas informa\u00e7\u00f5es pessoais. Tamb\u00e9m pode contactar-nos para solicitar acesso, corrigir ou eliminar quaisquer informa\u00e7\u00f5es pessoais que nos tenha fornecido.<\/p>\n<p>No entanto, note que podemos ter que reter certas informa\u00e7\u00f5es quando temos uma obriga\u00e7\u00e3o legal ou uma base legal para o fazer.<\/p>\n<p>Divulga\u00e7\u00e3o dos Seus Dados PessoaisTransa\u00e7\u00f5es ComerciaisSe a Empresa estiver envolvida numa fus\u00e3o, aquisi\u00e7\u00e3o ou venda de ativos, os Seus Dados Pessoais podem ser transferidos. N\u00f3s forneceremos aviso antes dos Seus Dados Pessoais serem transferidos e passarem a estar sujeitos a uma Pol\u00edtica de Privacidade diferente.Cumprimento da LeiSob certas circunst\u00e2ncias, a Empresa pode ser obrigada a divulgar os Seus Dados Pessoais se for necess\u00e1rio faz\u00ea-lo por lei ou em resposta a pedidos v\u00e1lidos de autoridades p\u00fablicas (por exemplo, um tribunal ou uma ag\u00eancia governamental).Outros Requisitos Legais<\/p>\n<p>A Empresa pode divulgar os Seus Dados Pessoais na cren\u00e7a de boa f\u00e9 de que tal a\u00e7\u00e3o \u00e9 necess\u00e1ria para:<\/p>\n<p>&#8211; Cumprir uma obriga\u00e7\u00e3o legal<br \/>\n&#8211; Proteger e defender os direitos ou propriedade da Empresa<br \/>\n&#8211; Prevenir ou investigar poss\u00edveis atos il\u00edcitos em conex\u00e3o com o Servi\u00e7o<br \/>\n&#8211; Proteger a seguran\u00e7a pessoal dos Utilizadores do Servi\u00e7o ou do p\u00fablico<br \/>\n&#8211; Proteger contra responsabilidade legal<\/p>\n<p>Seguran\u00e7a dos Seus Dados PessoaisA seguran\u00e7a dos Seus Dados Pessoais \u00e9 importante para N\u00f3s, mas lembre-se de que nenhum m\u00e9todo de transmiss\u00e3o pela Internet, ou m\u00e9todo de armazenamento eletr\u00f3nico \u00e9 100% seguro. Embora Nos esforcemos para utilizar meios comercialmente aceit\u00e1veis para proteger os Seus Dados Pessoais, n\u00e3o podemos garantir a sua seguran\u00e7a absoluta.Privacidade das Crian\u00e7as<\/p>\n<p>O Nosso Servi\u00e7o n\u00e3o se destina a ningu\u00e9m com menos de 13 anos. N\u00e3o recolhemos conscientemente informa\u00e7\u00f5es pessoalmente identific\u00e1veis de ningu\u00e9m com menos de 13 anos. Se for um pai ou tutor e estiver ciente de que o seu filho nos forneceu Dados Pessoais, por favor contacte-nos. Se tomarmos conhecimento de que recolhemos Dados Pessoais de algu\u00e9m com menos de 13 anos sem verifica\u00e7\u00e3o do consentimento dos pais, tomaremos medidas para remover essas informa\u00e7\u00f5es dos nossos servidores.<\/p>\n<p>Se precisarmos de confiar no consentimento como base legal para processar as suas informa\u00e7\u00f5es e o seu pa\u00eds exigir o consentimento de um pai, podemos exigir o consentimento do seu pai antes de recolher e utilizar essas informa\u00e7\u00f5es.<\/p>\n<p>Liga\u00e7\u00f5es para Outros Sites Web<\/p>\n<p>O Nosso Servi\u00e7o pode conter liga\u00e7\u00f5es para outros sites web que n\u00e3o s\u00e3o operados por N\u00f3s. Se clicar numa liga\u00e7\u00e3o de terceiros, ser\u00e1 direcionado para o site desse terceiro. Aconselhamos vivamente que reveja a Pol\u00edtica de Privacidade de todos os sites que visita.<\/p>\n<p>N\u00e3o temos controlo e n\u00e3o assumimos qualquer responsabilidade pelo conte\u00fado, pol\u00edticas de privacidade ou pr\u00e1ticas de quaisquer sites ou servi\u00e7os de terceiros.<\/p>\n<p>Altera\u00e7\u00f5es a esta Pol\u00edtica de Privacidade<\/p>\n<p>Podemos atualizar a Nossa Pol\u00edtica de Privacidade de tempos a tempos. Notific\u00e1-lo-emos sobre quaisquer altera\u00e7\u00f5es, publicando a nova Pol\u00edtica de Privacidade nesta p\u00e1gina.<\/p>\n<p>Inform\u00e1-lo-emos por email e\/ou atrav\u00e9s de um aviso proeminente no Nosso Servi\u00e7o, antes de a altera\u00e7\u00e3o entrar em vigor e atualizaremos a data de &#8220;\u00daltima atualiza\u00e7\u00e3o&#8221; no topo desta Pol\u00edtica de Privacidade.<\/p>\n<p>Aconselha-se a revis\u00e3o peri\u00f3dica desta Pol\u00edtica de Privacidade para quaisquer altera\u00e7\u00f5es. As altera\u00e7\u00f5es a esta Pol\u00edtica de Privacidade tornam-se efetivas quando s\u00e3o publicadas nesta p\u00e1gina.<\/p>\n<p>Contacte-nos<\/p>\n<p>Se tiver alguma quest\u00e3o sobre esta Pol\u00edtica de Privacidade, pode contactar-nos:<\/p>\n<p>Por email: webmaster@erasmus.site<br \/>\nVisitando esta p\u00e1gina no nosso site: https:\/\/ourdigitalvillage.erasmus.site\/<\/p>","protected":false},"excerpt":{"rendered":"<p>\u00daltima atualiza\u00e7\u00e3o: 31 de Outubro de 2023 Esta Pol\u00edtica de Privacidade descreve as nossas pol\u00edticas e procedimentos sobre a recolha, uso e divulga\u00e7\u00e3o da sua informa\u00e7\u00e3o quando utiliza o Servi\u00e7o e informa-o sobre os seus direitos de privacidade e como a lei o protege. Usamos os seus Dados Pessoais para fornecer e melhorar o Servi\u00e7o.&hellip;&nbsp;<a href=\"https:\/\/ourdigitalvillage.erasmus.site\/pt\/privacy-policy\/\" rel=\"bookmark\">Ler mais &raquo;<span class=\"screen-reader-text\">Pol\u00edtica de Privacidade<\/span><\/a><\/p>\n","protected":false},"author":1,"featured_media":0,"parent":0,"menu_order":0,"comment_status":"closed","ping_status":"closed","template":"","meta":{"neve_meta_sidebar":"","neve_meta_container":"","neve_meta_enable_content_width":"off","neve_meta_content_width":100,"neve_meta_title_alignment":"","neve_meta_author_avatar":"","neve_post_elements_order":"","neve_meta_disable_header":"","neve_meta_disable_footer":"","neve_meta_disable_title":"","footnotes":""},"class_list":["post-341","page","type-page","status-publish","hentry"],"_links":{"self":[{"href":"https:\/\/ourdigitalvillage.erasmus.site\/pt\/wp-json\/wp\/v2\/pages\/341","targetHints":{"allow":["GET"]}}],"collection":[{"href":"https:\/\/ourdigitalvillage.erasmus.site\/pt\/wp-json\/wp\/v2\/pages"}],"about":[{"href":"https:\/\/ourdigitalvillage.erasmus.site\/pt\/wp-json\/wp\/v2\/types\/page"}],"author":[{"embeddable":true,"href":"https:\/\/ourdigitalvillage.erasmus.site\/pt\/wp-json\/wp\/v2\/users\/1"}],"replies":[{"embeddable":true,"href":"https:\/\/ourdigitalvillage.erasmus.site\/pt\/wp-json\/wp\/v2\/comments?post=341"}],"version-history":[{"count":7,"href":"https:\/\/ourdigitalvillage.erasmus.site\/pt\/wp-json\/wp\/v2\/pages\/341\/revisions"}],"predecessor-version":[{"id":777,"href":"https:\/\/ourdigitalvillage.erasmus.site\/pt\/wp-json\/wp\/v2\/pages\/341\/revisions\/777"}],"wp:attachment":[{"href":"https:\/\/ourdigitalvillage.erasmus.site\/pt\/wp-json\/wp\/v2\/media?parent=341"}],"curies":[{"name":"wp","href":"https:\/\/api.w.org\/{rel}","templated":true}]}}