{"id":269,"date":"2023-10-31T11:27:11","date_gmt":"2023-10-31T11:27:11","guid":{"rendered":"https:\/\/ourdigitalvillage.erasmus.site\/?page_id=269"},"modified":"2024-05-06T18:22:43","modified_gmt":"2024-05-06T18:22:43","slug":"participative-context-analysis-in-rural-areas","status":"publish","type":"page","link":"https:\/\/ourdigitalvillage.erasmus.site\/ro\/participative-context-analysis-in-rural-areas\/","title":{"rendered":"Analiza participativ\u0103 a contextului \u00een zonele rurale"},"content":{"rendered":"<p><img fetchpriority=\"high\" decoding=\"async\" class=\"aligncenter size-medium wp-image-108\" src=\"https:\/\/ourdigitalvillage.erasmus.site\/wp-content\/uploads\/2023\/04\/Group-11401-300x300.png\" alt=\"\" width=\"300\" height=\"300\" srcset=\"https:\/\/ourdigitalvillage.erasmus.site\/wp-content\/uploads\/2023\/04\/Group-11401-300x300.png 300w, https:\/\/ourdigitalvillage.erasmus.site\/wp-content\/uploads\/2023\/04\/Group-11401-1024x1020.png 1024w, https:\/\/ourdigitalvillage.erasmus.site\/wp-content\/uploads\/2023\/04\/Group-11401-150x150.png 150w, https:\/\/ourdigitalvillage.erasmus.site\/wp-content\/uploads\/2023\/04\/Group-11401-768x765.png 768w, https:\/\/ourdigitalvillage.erasmus.site\/wp-content\/uploads\/2023\/04\/Group-11401.png 1349w\" sizes=\"(max-width: 300px) 100vw, 300px\" \/><\/p>\n<p><span style=\"font-weight: 400;\">Analiza participativ\u0103 a contextului \u00een zonele rurale are ca scop ini\u021bierea unui proces de autoanaliz\u0103 \u00een zonele rurale prin intermediul abord\u0103rii maieutice reciproce pentru a identifica nevoile specifice contextului, pentru a cre\u0219te motiva\u021bia \u0219i pentru a cre\u0219te gradul de con\u0219tientizare cu privire la importan\u021ba \u0219i poten\u021bialul competen\u021belor digitale \u0219i transversale necesare pentru pia\u021ba muncii, educa\u021bia \u0219i via\u021ba social\u0103 actual\u0103 \u0219i viitoare. Dup\u0103 crearea unor &#8222;Comunit\u0103\u021bi de sate digitale&#8221; compuse din institu\u021bii de \u00eenv\u0103\u021b\u0103m\u00e2nt, autorit\u0103\u021bi locale \u0219i factori de decizie politic\u0103 \u00een zonele rurale din \u021b\u0103rile de implementare, vor fi organizate ateliere de autoanaliz\u0103 cu grupurile \u021bint\u0103 care fac parte din comunitatea de sate digitale:<\/span><\/p>\n<ul>\n<li style=\"font-weight: 400;\" aria-level=\"1\">cel pu\u021bin 10 cadre didactice din domeniul educa\u021biei (profesori, formatori, educatori din diferite institu\u021bii de \u00eenv\u0103\u021b\u0103m\u00e2nt sau organiza\u021bii comunitare, poate fi inclus \u0219i personalul tehnic sau administrativ)<\/li>\n<li style=\"font-weight: 400;\" aria-level=\"1\">cel pu\u021bin 10 elevi (de la gimnaziu \u00een sus &#8211; sunt inclu\u0219i \u0219i elevii VET)<\/li>\n<li style=\"font-weight: 400;\" aria-level=\"1\">cel pu\u021bin 10 cursan\u021bi adul\u021bi (sau al\u021bi cursan\u021bi care nu sunt inclu\u0219i \u00een sistemul \u0219colar)<\/li>\n<li style=\"font-weight: 400;\" aria-level=\"1\">cel pu\u021bin 1 responsabil politic \u00een domeniul educa\u021biei (municipalitate, guvern regional sau na\u021bional)<\/li>\n<\/ul>\n<p>Procesul de autoanaliz\u0103 va consta \u00een cicluri de ateliere de lucru na\u021bionale pentru a discuta despre zona rural\u0103, modul \u00een care este tr\u0103it\u0103 de locuitorii s\u0103i, starea actual\u0103 \u00een ceea ce prive\u0219te dezvoltarea competen\u021belor digitale, specificul fiec\u0103rui grup \u021bint\u0103 care se concentreaz\u0103 pe competen\u021bele digitale \u0219i pentru a identifica nevoile comune \u00een lumina unui dialog deschis \u00eentre grupuri care, altfel, nu \u0219i-ar face timp s\u0103 asculte sau s\u0103 cunoasc\u0103 nevoile celuilalt, cresc\u00e2nd astfel gradul de con\u0219tientizare, \u00een\u021belegere \u0219i sentimentul de comunitate.<\/p>\n<p>Rezultatele atelierelor vor fi rezumate dup\u0103 \u00eencheierea ciclului complet \u00een fiecare \u021bar\u0103, subliniind nevoile ap\u0103rute \u0219i \u00eentr-un articol \u0219tiin\u021bific cuprinz\u0103tor despre procesul de autoanaliz\u0103 prin intermediul RMA \u0219i rezultatele ob\u021binute \u00een fiecare zon\u0103 rural\u0103 respectiv\u0103.<\/p>\n<p>Manual \u0219i cadru metodologic privind RMA pentru analiza de context \u00een vederea transform\u0103rii digitale: Prezentul manual este unul dintre documentele de baz\u0103 care au sprijinit implementarea atelierelor de autoanaliz\u0103 \u00een zonele rurale. Documentul ofer\u0103 informa\u021bii despre via\u021ba lui Danilo Dolci, o privire de ansamblu asupra abord\u0103rii maieutice reciproce \u0219i informa\u021bii practice privind implementarea atelierelor, oferind astfel instrumente \u0219i sugestii pentru formatorii maieutici \u00een aceast\u0103 prim\u0103 faz\u0103 a implement\u0103rii proiectului. Manualul a func\u021bionat ca o referin\u021b\u0103 pentru to\u021bi coordonatorii maieutic \u00een timpul ciclurilor de ateliere \u0219i este o resurs\u0103 pentru viitorii formatori sau cercet\u0103tori care doresc s\u0103 creeze schimb\u0103ri \u00een educa\u021bie \u0219i con\u0219tientizare prin procese participative \u0219i ateliere de autoanaliz\u0103 \u00een afara proiectului.<\/p>\n<p style=\"text-align: center;\"><a class=\"btn btn-primary\" role=\"button\" href=\"https:\/\/ourdigitalvillage.erasmus.site\/wp-content\/uploads\/2023\/11\/ODV_RMA_Manual_RO.pdf\" download=\"\">Download<\/a><\/p>\n<p><\/p>","protected":false},"excerpt":{"rendered":"<p>Analiza participativ\u0103 a contextului \u00een zonele rurale are ca scop ini\u021bierea unui proces de autoanaliz\u0103 \u00een zonele rurale prin intermediul abord\u0103rii maieutice reciproce pentru a identifica nevoile specifice contextului, pentru a cre\u0219te motiva\u021bia \u0219i pentru a cre\u0219te gradul de con\u0219tientizare cu privire la importan\u021ba \u0219i poten\u021bialul competen\u021belor digitale \u0219i transversale necesare pentru pia\u021ba muncii, educa\u021bia&hellip;&nbsp;<a href=\"https:\/\/ourdigitalvillage.erasmus.site\/ro\/participative-context-analysis-in-rural-areas\/\" rel=\"bookmark\">Cite\u0219te mai mult &raquo;<span class=\"screen-reader-text\">Analiza participativ\u0103 a contextului \u00een zonele rurale<\/span><\/a><\/p>\n","protected":false},"author":1,"featured_media":0,"parent":0,"menu_order":0,"comment_status":"closed","ping_status":"closed","template":"","meta":{"neve_meta_sidebar":"","neve_meta_container":"","neve_meta_enable_content_width":"off","neve_meta_content_width":100,"neve_meta_title_alignment":"","neve_meta_author_avatar":"","neve_post_elements_order":"","neve_meta_disable_header":"","neve_meta_disable_footer":"","neve_meta_disable_title":"","footnotes":""},"class_list":["post-269","page","type-page","status-publish","hentry"],"_links":{"self":[{"href":"https:\/\/ourdigitalvillage.erasmus.site\/ro\/wp-json\/wp\/v2\/pages\/269","targetHints":{"allow":["GET"]}}],"collection":[{"href":"https:\/\/ourdigitalvillage.erasmus.site\/ro\/wp-json\/wp\/v2\/pages"}],"about":[{"href":"https:\/\/ourdigitalvillage.erasmus.site\/ro\/wp-json\/wp\/v2\/types\/page"}],"author":[{"embeddable":true,"href":"https:\/\/ourdigitalvillage.erasmus.site\/ro\/wp-json\/wp\/v2\/users\/1"}],"replies":[{"embeddable":true,"href":"https:\/\/ourdigitalvillage.erasmus.site\/ro\/wp-json\/wp\/v2\/comments?post=269"}],"version-history":[{"count":17,"href":"https:\/\/ourdigitalvillage.erasmus.site\/ro\/wp-json\/wp\/v2\/pages\/269\/revisions"}],"predecessor-version":[{"id":752,"href":"https:\/\/ourdigitalvillage.erasmus.site\/ro\/wp-json\/wp\/v2\/pages\/269\/revisions\/752"}],"wp:attachment":[{"href":"https:\/\/ourdigitalvillage.erasmus.site\/ro\/wp-json\/wp\/v2\/media?parent=269"}],"curies":[{"name":"wp","href":"https:\/\/api.w.org\/{rel}","templated":true}]}}