{"id":271,"date":"2023-10-31T11:27:24","date_gmt":"2023-10-31T11:27:24","guid":{"rendered":"https:\/\/ourdigitalvillage.erasmus.site\/?page_id=271"},"modified":"2024-11-21T14:37:26","modified_gmt":"2024-11-21T13:37:26","slug":"co-design-of-the-our-digital-village-activity-kit-and-evaluation-tools","status":"publish","type":"page","link":"https:\/\/ourdigitalvillage.erasmus.site\/ro\/co-design-of-the-our-digital-village-activity-kit-and-evaluation-tools\/","title":{"rendered":"Co-proiectarea kitului de activit\u0103\u021bi pentru satul nostru digital \u0219i a instrumentelor de evaluare"},"content":{"rendered":"<p><img fetchpriority=\"high\" decoding=\"async\" class=\"aligncenter size-medium wp-image-143\" src=\"https:\/\/ourdigitalvillage.erasmus.site\/wp-content\/uploads\/2023\/04\/Group-10277-300x300.png\" alt=\"\" width=\"300\" height=\"300\" srcset=\"https:\/\/ourdigitalvillage.erasmus.site\/wp-content\/uploads\/2023\/04\/Group-10277-300x300.png 300w, https:\/\/ourdigitalvillage.erasmus.site\/wp-content\/uploads\/2023\/04\/Group-10277-1024x1024.png 1024w, https:\/\/ourdigitalvillage.erasmus.site\/wp-content\/uploads\/2023\/04\/Group-10277-150x150.png 150w, https:\/\/ourdigitalvillage.erasmus.site\/wp-content\/uploads\/2023\/04\/Group-10277-768x768.png 768w, https:\/\/ourdigitalvillage.erasmus.site\/wp-content\/uploads\/2023\/04\/Group-10277-1536x1536.png 1536w, https:\/\/ourdigitalvillage.erasmus.site\/wp-content\/uploads\/2023\/04\/Group-10277.png 1715w\" sizes=\"(max-width: 300px) 100vw, 300px\" \/><\/p>\n<p>Our Digital Village \u00ee\u0219i propune s\u0103 creeze materiale educa\u021bionale printr-un proces de co-proiectare, care s\u0103 fie adaptabile la diferite contexte educa\u021bionale \u0219i geografice, cu scopul de a consolida competen\u021bele digitale \u0219i transversale ale profesorilor, formatorilor \u0219i elevilor, dezvolt\u00e2nd \u00een acela\u0219i timp instrumente dedicate pentru a evalua \u0219i monitoriza calitatea \u0219i transferabilitatea scenelor \u00een timpul fazei de testare. Rezultatele procesului de proiectare de coduri \u00eentre exper\u021bii RMA, exper\u021bii TIC, profesorii \u0219i formatorii din zonele rurale vor fi un instrument interactiv online \u0219i imprimabil &#8211; kitul de activit\u0103\u021bi &#8222;Satul nostru digital&#8221;, care include activit\u0103\u021bi TIC practice sub forma unor provoc\u0103ri TIC \u0219i orient\u0103ri pedagogice pentru implementarea acestor activit\u0103\u021bi \u00een clas\u0103.<\/p>\n<p>Prin intermediul coproiect\u0103rii, se asigur\u0103 c\u0103 materialele elaborate vor corespunde nevoilor, dorin\u021belor \u0219i ideilor identificate \u00een timpul procesului de autoanaliz\u0103, dar \u0219i cerin\u021belor curriculare na\u021bionale sau politicilor sau orient\u0103rilor na\u021bionale, solicit\u00e2nd contribu\u021bia direct\u0103 a profesorilor \u0219i formatorilor din fiecare \u021bar\u0103.<\/p>\n<ul>\n<li>partea introductiv\u0103 care subliniaz\u0103 importan\u021ba competen\u021belor digitale \u00een lumea digitalizat\u0103 contemporan\u0103 \u0219i importan\u021ba dob\u00e2ndirii de competen\u021be digitale \u0219i transversale pentru profesori\/formatori pentru a face predarea mai interactiv\u0103 \u0219i mai atractiv\u0103<\/li>\n<li>un set de cel pu\u021bin 50 de activit\u0103\u021bi prezentate sub forma unor provoc\u0103ri TIC care utilizeaz\u0103 tehnologii digitale \u0219i creative \u0219i informatic\u0103, cum ar fi robotica, codificarea, microcontrolerele, modelarea \u0219i imprimarea 3D \u0219i dezvoltarea de site-uri web. Provoc\u0103rile TIC con\u021bin diferite activit\u0103\u021bi pentru o anumit\u0103 tem\u0103 sau competen\u021b\u0103 digital\u0103, cu un nivel de dificultate cresc\u00e2nd, ceea ce va face ca activit\u0103\u021bile s\u0103 fie interesante \u0219i stimulante pentru diferite niveluri \u0219i v\u00e2rste.<\/li>\n<li>orient\u0103ri pedagogice generale pentru a sprijini cadrele didactice \u0219i formatorii s\u0103 implementeze activit\u0103\u021bile \u00een func\u021bie de nevoile, dorin\u021bele \u0219i contextul local<\/li>\n<li>resurse suplimentare pentru mai mult studiu individual<\/li>\n<\/ul>\n<p><span style=\"font-weight: 400;\">Un set de instrumente de evaluare vizeaz\u0103, de asemenea, evaluarea calit\u0103\u021bii, eficacit\u0103\u021bii \u0219i relevan\u021bei activit\u0103\u021bilor \u0219i proceselor prin m\u0103suri \u0219i instrumente specifice care vizeaz\u0103 monitorizarea \u0219i evaluarea calit\u0103\u021bii, eficacit\u0103\u021bii \u0219i relevan\u021bei activit\u0103\u021bilor \u0219i rezultatelor.<\/span><\/p>\n<p style=\"text-align: center;\"><iframe style=\"width: 100%; height: 800px;\" src=\"https:\/\/ourdigitalvillage.erasmus.site\/wp-content\/pr2\/training_ro\/book.html\" frameborder=\"0\" scrolling=\"no\" seamless=\"seamless\" allowfullscreen=\"allowfullscreen\"><span style=\"display: inline-block; width: 0px; overflow: hidden; line-height: 0;\" data-mce-type=\"bookmark\" class=\"mce_SELRES_start\">\ufeff<\/span><\/iframe><br \/>\n<a class=\"btn btn-primary\" role=\"button\" href=\"https:\/\/ourdigitalvillage.erasmus.site\/wp-content\/uploads\/2024\/07\/ODV-Training-outline_RO.pdf\" target=\"_blank\" rel=\"noopener\">Download<\/a><\/p>\n<p><\/p>","protected":false},"excerpt":{"rendered":"<p>Our Digital Village \u00ee\u0219i propune s\u0103 creeze materiale educa\u021bionale printr-un proces de co-proiectare, care s\u0103 fie adaptabile la diferite contexte educa\u021bionale \u0219i geografice, cu scopul de a consolida competen\u021bele digitale \u0219i transversale ale profesorilor, formatorilor \u0219i elevilor, dezvolt\u00e2nd \u00een acela\u0219i timp instrumente dedicate pentru a evalua \u0219i monitoriza calitatea \u0219i transferabilitatea scenelor \u00een timpul fazei&hellip;&nbsp;<a href=\"https:\/\/ourdigitalvillage.erasmus.site\/ro\/co-design-of-the-our-digital-village-activity-kit-and-evaluation-tools\/\" rel=\"bookmark\">Cite\u0219te mai mult &raquo;<span class=\"screen-reader-text\">Co-proiectarea kitului de activit\u0103\u021bi pentru satul nostru digital \u0219i a instrumentelor de evaluare<\/span><\/a><\/p>\n","protected":false},"author":1,"featured_media":0,"parent":0,"menu_order":0,"comment_status":"closed","ping_status":"closed","template":"","meta":{"neve_meta_sidebar":"","neve_meta_container":"","neve_meta_enable_content_width":"off","neve_meta_content_width":100,"neve_meta_title_alignment":"","neve_meta_author_avatar":"","neve_post_elements_order":"","neve_meta_disable_header":"","neve_meta_disable_footer":"","neve_meta_disable_title":"","footnotes":""},"class_list":["post-271","page","type-page","status-publish","hentry"],"_links":{"self":[{"href":"https:\/\/ourdigitalvillage.erasmus.site\/ro\/wp-json\/wp\/v2\/pages\/271","targetHints":{"allow":["GET"]}}],"collection":[{"href":"https:\/\/ourdigitalvillage.erasmus.site\/ro\/wp-json\/wp\/v2\/pages"}],"about":[{"href":"https:\/\/ourdigitalvillage.erasmus.site\/ro\/wp-json\/wp\/v2\/types\/page"}],"author":[{"embeddable":true,"href":"https:\/\/ourdigitalvillage.erasmus.site\/ro\/wp-json\/wp\/v2\/users\/1"}],"replies":[{"embeddable":true,"href":"https:\/\/ourdigitalvillage.erasmus.site\/ro\/wp-json\/wp\/v2\/comments?post=271"}],"version-history":[{"count":17,"href":"https:\/\/ourdigitalvillage.erasmus.site\/ro\/wp-json\/wp\/v2\/pages\/271\/revisions"}],"predecessor-version":[{"id":801,"href":"https:\/\/ourdigitalvillage.erasmus.site\/ro\/wp-json\/wp\/v2\/pages\/271\/revisions\/801"}],"wp:attachment":[{"href":"https:\/\/ourdigitalvillage.erasmus.site\/ro\/wp-json\/wp\/v2\/media?parent=271"}],"curies":[{"name":"wp","href":"https:\/\/api.w.org\/{rel}","templated":true}]}}