{"id":273,"date":"2023-10-31T11:27:33","date_gmt":"2023-10-31T11:27:33","guid":{"rendered":"https:\/\/ourdigitalvillage.erasmus.site\/?page_id=273"},"modified":"2024-05-06T18:25:42","modified_gmt":"2024-05-06T18:25:42","slug":"ict-training-and-courses-in-the-digital-village-communities","status":"publish","type":"page","link":"https:\/\/ourdigitalvillage.erasmus.site\/ro\/ict-training-and-courses-in-the-digital-village-communities\/","title":{"rendered":"Formare \u0219i cursuri TIC \u00een comunit\u0103\u021bile satului digital"},"content":{"rendered":"<p><img fetchpriority=\"high\" decoding=\"async\" class=\"aligncenter size-medium wp-image-144\" src=\"https:\/\/ourdigitalvillage.erasmus.site\/wp-content\/uploads\/2023\/04\/Group-10659-300x300.png\" alt=\"\" width=\"300\" height=\"300\" srcset=\"https:\/\/ourdigitalvillage.erasmus.site\/wp-content\/uploads\/2023\/04\/Group-10659-300x300.png 300w, https:\/\/ourdigitalvillage.erasmus.site\/wp-content\/uploads\/2023\/04\/Group-10659-1024x1024.png 1024w, https:\/\/ourdigitalvillage.erasmus.site\/wp-content\/uploads\/2023\/04\/Group-10659-150x150.png 150w, https:\/\/ourdigitalvillage.erasmus.site\/wp-content\/uploads\/2023\/04\/Group-10659-768x768.png 768w, https:\/\/ourdigitalvillage.erasmus.site\/wp-content\/uploads\/2023\/04\/Group-10659-1536x1536.png 1536w, https:\/\/ourdigitalvillage.erasmus.site\/wp-content\/uploads\/2023\/04\/Group-10659.png 1946w\" sizes=\"(max-width: 300px) 100vw, 300px\" \/><\/p>\n<p><span style=\"font-weight: 400;\">Pentru a testa \u0219i evalua kitul de activit\u0103\u021bi &#8222;Satul nostru digital&#8221; \u00eempreun\u0103 cu profesorii \u0219i formatorii, vor fi implementate activit\u0103\u021bi de formare \u0219i cursuri TIC \u00een institu\u021biile de \u00eenv\u0103\u021b\u0103m\u00e2nt \u0219i \u00een loca\u021bii comunitare din zonele rurale:<\/span><\/p>\n<ul>\n<li style=\"font-weight: 400;\" aria-level=\"1\">cursuri de formare locale \u00een fiecare \u021bar\u0103 de implementare, adresate unui num\u0103r de cel pu\u021bin 15 profesori \u0219i formatori, pentru a preda competen\u021bele de baz\u0103 \u00een materie de codare, robotic\u0103, microcontrolere, modelare \u0219i imprimare 3D \u0219i dezvoltare web, pentru a putea utiliza activit\u0103\u021bile propuse \u00een kitul de activit\u0103\u021bi &#8222;Satul nostru digital&#8221; \u0219i pentru a le adapta la nevoile \u0219i contextul local.<\/li>\n<li style=\"font-weight: 400;\" aria-level=\"1\">4 cursuri TIC \u00een fiecare \u021bar\u0103 de implementare, cu scopul de a cre\u0219te competen\u021bele digitale \u0219i transversale a cel pu\u021bin 60 de cursan\u021bi pe \u021bar\u0103, pe baza provoc\u0103rilor TIC prezentate \u00een kitul de activit\u0103\u021bi &#8222;Satul nostru digital&#8221;. Pentru a cre\u0219te \u0219i mai mult aceste competen\u021be \u00een r\u00e2ndul cursan\u021bilor, cel pu\u021bin 25% din fiecare curs TIC va fi dedicat dezvolt\u0103rii unui proiect personal care s\u0103 rezolve o problem\u0103 (personal\u0103, comunitar\u0103) prin utilizarea tehnologiei \u0219i\/sau a cod\u0103rii.<\/li>\n<\/ul>\n<p><\/p>","protected":false},"excerpt":{"rendered":"<p>Pentru a testa \u0219i evalua kitul de activit\u0103\u021bi &#8222;Satul nostru digital&#8221; \u00eempreun\u0103 cu profesorii \u0219i formatorii, vor fi implementate activit\u0103\u021bi de formare \u0219i cursuri TIC \u00een institu\u021biile de \u00eenv\u0103\u021b\u0103m\u00e2nt \u0219i \u00een loca\u021bii comunitare din zonele rurale: cursuri de formare locale \u00een fiecare \u021bar\u0103 de implementare, adresate unui num\u0103r de cel pu\u021bin 15 profesori \u0219i formatori,&hellip;&nbsp;<a href=\"https:\/\/ourdigitalvillage.erasmus.site\/ro\/ict-training-and-courses-in-the-digital-village-communities\/\" rel=\"bookmark\">Cite\u0219te mai mult &raquo;<span class=\"screen-reader-text\">Formare \u0219i cursuri TIC \u00een comunit\u0103\u021bile satului digital<\/span><\/a><\/p>\n","protected":false},"author":1,"featured_media":0,"parent":0,"menu_order":0,"comment_status":"closed","ping_status":"closed","template":"","meta":{"neve_meta_sidebar":"","neve_meta_container":"","neve_meta_enable_content_width":"off","neve_meta_content_width":100,"neve_meta_title_alignment":"","neve_meta_author_avatar":"","neve_post_elements_order":"","neve_meta_disable_header":"","neve_meta_disable_footer":"","neve_meta_disable_title":"","footnotes":""},"class_list":["post-273","page","type-page","status-publish","hentry"],"_links":{"self":[{"href":"https:\/\/ourdigitalvillage.erasmus.site\/ro\/wp-json\/wp\/v2\/pages\/273","targetHints":{"allow":["GET"]}}],"collection":[{"href":"https:\/\/ourdigitalvillage.erasmus.site\/ro\/wp-json\/wp\/v2\/pages"}],"about":[{"href":"https:\/\/ourdigitalvillage.erasmus.site\/ro\/wp-json\/wp\/v2\/types\/page"}],"author":[{"embeddable":true,"href":"https:\/\/ourdigitalvillage.erasmus.site\/ro\/wp-json\/wp\/v2\/users\/1"}],"replies":[{"embeddable":true,"href":"https:\/\/ourdigitalvillage.erasmus.site\/ro\/wp-json\/wp\/v2\/comments?post=273"}],"version-history":[{"count":12,"href":"https:\/\/ourdigitalvillage.erasmus.site\/ro\/wp-json\/wp\/v2\/pages\/273\/revisions"}],"predecessor-version":[{"id":754,"href":"https:\/\/ourdigitalvillage.erasmus.site\/ro\/wp-json\/wp\/v2\/pages\/273\/revisions\/754"}],"wp:attachment":[{"href":"https:\/\/ourdigitalvillage.erasmus.site\/ro\/wp-json\/wp\/v2\/media?parent=273"}],"curies":[{"name":"wp","href":"https:\/\/api.w.org\/{rel}","templated":true}]}}