{"id":341,"date":"2023-10-31T13:02:30","date_gmt":"2023-10-31T13:02:30","guid":{"rendered":"https:\/\/ourdigitalvillage.erasmus.site\/?page_id=341"},"modified":"2024-07-18T19:02:44","modified_gmt":"2024-07-18T19:02:44","slug":"privacy-policy","status":"publish","type":"page","link":"https:\/\/ourdigitalvillage.erasmus.site\/ro\/privacy-policy\/","title":{"rendered":"Politica de confiden\u021bialitate"},"content":{"rendered":"<p>Politica de confiden\u021bialitateUltima actualizare: 31 octombrie 2023<\/p>\n<p>Aceast\u0103 Politic\u0103 de confiden\u021bialitate descrie politicile \u0219i procedurile noastre privind colectarea, utilizarea \u0219i dezv\u0103luirea informa\u021biilor dumneavoastr\u0103 atunci c\u00e2nd utiliza\u021bi Serviciul \u0219i v\u0103 informeaz\u0103 cu privire la drepturile dumneavoastr\u0103 de confiden\u021bialitate \u0219i la modul \u00een care legea v\u0103 protejeaz\u0103.<\/p>\n<p>Noi folosim datele Dumneavoastr\u0103 personale pentru a furniza \u0219i \u00eembun\u0103t\u0103\u021bi Serviciul. Prin utilizarea Serviciului, sunte\u021bi de acord cu colectarea \u0219i utilizarea informa\u021biilor \u00een conformitate cu aceast\u0103 Politic\u0103 de confiden\u021bialitate. Aceast\u0103 Politic\u0103 de confiden\u021bialitate a fost creat\u0103 cu ajutorul Free Privacy Policy Generator.<\/p>\n<p>Interpretare \u0219i defini\u021biiInterpretareThe words of which the initial letter is capitalized have meanings defined under the following conditions. The following definitions shall have the same meaning regardless of whether they appear in singular or in plural.Defini\u021bii\u00cen sensul prezentei Politici de confiden\u021bialitate:Cont \u00eenseamn\u0103 un cont unic creat pentru Dumneavoastr\u0103 pentru a accesa Serviciul nostru sau p\u0103r\u021bi ale Serviciului nostru.Afiliat \u00eenseamn\u0103 o entitate care controleaz\u0103, este controlat\u0103 sau se afl\u0103 sub control comun cu o parte, unde &#8222;control&#8221; \u00eenseamn\u0103 de\u021binerea a 50% sau mai mult din ac\u021biunile, participa\u021biile sau alte titluri de valoare cu drept de vot pentru alegerea directorilor sau a altor autorit\u0103\u021bi de conducere.Compania (denumit\u0103 fie &#8222;Compania&#8221;, &#8222;Noi&#8221;, &#8222;Noi&#8221; sau &#8222;Al nostru&#8221; \u00een prezentul acord) se refer\u0103 la Danmar Computers LLC, Rzesz\u00f3w, Grunwaldzka 16c, 35-068 Rzesz\u00f3w, Polonia.Cookie-urile sunt fi\u0219iere de mici dimensiuni care sunt plasate pe computerul, dispozitivul mobil sau orice alt dispozitiv al dvs. de c\u0103tre un site web \u0219i care con\u021bin detalii despre istoricul navig\u0103rii dvs. pe acel site web, printre numeroasele sale utiliz\u0103ri.\u021aara se refer\u0103 la: PoloniaDispozitiv \u00eenseamn\u0103 orice dispozitiv care poate accesa Serviciul, cum ar fi un computer, un telefon mobil sau o tablet\u0103 digital\u0103.Datele cu caracter personal reprezint\u0103 orice informa\u021bie care se refer\u0103 la o persoan\u0103 fizic\u0103 identificat\u0103 sau identificabil\u0103.Serviciul se refer\u0103 la site-ul web.Furnizor de servicii \u00eenseamn\u0103 orice persoan\u0103 fizic\u0103 sau juridic\u0103 care prelucreaz\u0103 datele \u00een numele Societ\u0103\u021bii. Se refer\u0103 la companii ter\u021be sau persoane fizice angajate de Companie pentru a facilita Serviciul, pentru a furniza Serviciul \u00een numele Companiei, pentru a efectua servicii legate de Serviciu sau pentru a asista Compania \u00een analizarea modului \u00een care este utilizat Serviciul.Datele de utilizare se refer\u0103 la datele colectate \u00een mod automat, fie generate de utilizarea Serviciului, fie de infrastructura Serviciului \u00een sine (de exemplu, durata de vizitare a unei pagini).<a href=\"https:\/\/ourdigitalvillage.erasmus.site\/\">Website-ul se refer\u0103 la OurDigitalVillage, accesibil de la https:\/\/ourdigitalvillage.erasmus.site\/<\/a>Dumneavoastr\u0103 \u00eenseamn\u0103 persoana care acceseaz\u0103 sau utilizeaz\u0103 Serviciul sau compania sau alt\u0103 entitate juridic\u0103 \u00een numele c\u0103reia o astfel de persoan\u0103 acceseaz\u0103 sau utilizeaz\u0103 Serviciul, dup\u0103 caz.Colectarea \u0219i utilizarea datelor dvs. personaleTipuri de date colectateDate cu caracter personal<\/p>\n<p>\u00cen timpul utiliz\u0103rii Serviciului nostru, v\u0103 putem solicita s\u0103 ne furniza\u021bi anumite informa\u021bii de identificare personal\u0103 care pot fi utilizate pentru a v\u0103 contacta sau identifica. Informa\u021biile de identificare personal\u0103 pot include, dar nu se limiteaz\u0103 la:<\/p>\n<p>&#8211; Adresa de e-mail<br \/>\n&#8211; Date de utilizare<\/p>\n<p>Date de utilizare<\/p>\n<p>Datele de utilizare sunt colectate \u00een mod automat atunci c\u00e2nd se utilizeaz\u0103 Serviciul.<\/p>\n<p>Datele de utilizare pot include informa\u021bii precum adresa de protocol internet a dispozitivului dumneavoastr\u0103 (de exemplu, adresa IP), tipul de browser, versiunea browserului, paginile Serviciului nostru pe care le vizita\u021bi, data \u0219i ora vizitei dumneavoastr\u0103, timpul petrecut pe acele pagini, identificatorii unici ai dispozitivului \u0219i alte date de diagnosticare.<\/p>\n<p>Atunci c\u00e2nd accesa\u021bi Serviciul de c\u0103tre sau prin intermediul unui dispozitiv mobil, este posibil s\u0103 colect\u0103m anumite informa\u021bii \u00een mod automat, inclusiv, dar f\u0103r\u0103 a se limita la, tipul de dispozitiv mobil pe care \u00eel utiliza\u021bi, ID-ul unic al dispozitivului mobil, adresa IP a dispozitivului mobil, sistemul de operare mobil, tipul de browser de internet mobil pe care \u00eel utiliza\u021bi, identificatorii unici ai dispozitivului \u0219i alte date de diagnosticare.<\/p>\n<p>De asemenea, este posibil s\u0103 colect\u0103m informa\u021bii pe care browserul dvs. le trimite ori de c\u00e2te ori vizita\u021bi Serviciul nostru sau c\u00e2nd accesa\u021bi Serviciul de c\u0103tre sau prin intermediul unui dispozitiv mobil.<\/p>\n<p>Tehnologii de urm\u0103rire \u0219i module cookieUtiliz\u0103m module cookie \u0219i tehnologii de urm\u0103rire similare pentru a urm\u0103ri activitatea pe Serviciul nostru \u0219i pentru a stoca anumite informa\u021bii. Tehnologiile de urm\u0103rire utilizate sunt balize, etichete \u0219i scripturi pentru a colecta \u0219i urm\u0103ri informa\u021bii \u0219i pentru a \u00eembun\u0103t\u0103\u021bi \u0219i analiza Serviciul nostru. Tehnologiile pe care le folosim pot include:- Cookie-uri sau cookie-uri de browser. Un cookie este un fi\u0219ier de mici dimensiuni plasat pe Dispozitivul Dumneavoastr\u0103. Pute\u021bi instrui browserul Dumneavoastr\u0103 s\u0103 refuze toate modulele cookie sau s\u0103 v\u0103 indice atunci c\u00e2nd este trimis un cookie. Cu toate acestea, dac\u0103 nu accepta\u021bi Cookie-urile, este posibil s\u0103 nu pute\u021bi utiliza unele p\u0103r\u021bi ale Serviciului nostru. Cu excep\u021bia cazului \u00een care a\u021bi ajustat set\u0103rile browserului Dumneavoastr\u0103 astfel \u00eenc\u00e2t acesta s\u0103 refuze Cookie-urile, Serviciul nostru poate utiliza Cookie-uri.<br \/>\n&#8211; Balize web. Anumite sec\u021biuni ale Serviciului nostru \u0219i e-mailurile noastre pot con\u021bine fi\u0219iere electronice de mici dimensiuni cunoscute sub numele de web beacons (denumite \u0219i gif-uri transparente, pixel tag-uri \u0219i gif-uri de un singur pixel) care permit Companiei, de exemplu, s\u0103 numere utilizatorii care au vizitat acele pagini sau au deschis un e-mail \u0219i pentru alte statistici legate de site-ul web (de exemplu, \u00eenregistrarea popularit\u0103\u021bii unei anumite sec\u021biuni \u0219i verificarea integrit\u0103\u021bii sistemului \u0219i a serverului).Cookie-urile pot fi &#8222;persistente&#8221; sau &#8222;de sesiune&#8221;. Modulele cookie persistente r\u0103m\u00e2n pe computerul personal sau pe dispozitivul dumneavoastr\u0103 mobil atunci c\u00e2nd v\u0103 deconecta\u021bi, \u00een timp ce modulele cookie de sesiune sunt \u0219terse imediat ce \u00eenchide\u021bi browserul web. Afla\u021bi mai multe despre modulele cookie \u00een articolul de pe site-ul Free Privacy Policy.Utiliz\u0103m at\u00e2t cookie-uri de sesiune, c\u00e2t \u0219i cookie-uri persistente \u00een scopurile stabilite mai jos:- Tip cookie-uri necesare\/esen\u021biale: cookie-uri de sesiune<br \/>\nAdministrat de: Noi<\/p>\n<p>Scop: Aceste cookie-uri sunt esen\u021biale pentru a v\u0103 oferi servicii disponibile prin intermediul site-ului web \u0219i pentru a v\u0103 permite s\u0103 utiliza\u021bi unele dintre caracteristicile acestuia. Acestea ajut\u0103 la autentificarea utilizatorilor \u0219i la prevenirea utiliz\u0103rii frauduloase a conturilor de utilizator. F\u0103r\u0103 aceste module cookie, serviciile pe care le-a\u021bi solicitat nu pot fi furnizate, iar noi folosim aceste module cookie doar pentru a v\u0103 oferi acele servicii.<\/p>\n<p>&#8211; Politica de cookie-uri \/ Notice Acceptare Cookie-uri Tip: Cookie-uri persistente<br \/>\nAdministrat de: Noi<\/p>\n<p>Scop: Aceste cookie-uri identific\u0103 dac\u0103 utilizatorii au acceptat utilizarea cookie-urilor pe site.<\/p>\n<p>&#8211; Tip cookie-uri de func\u021bionalitate: cookie-uri persistente<br \/>\nAdministrat de: Noi<\/p>\n<p>Scop: Aceste module cookie ne permit s\u0103 ne amintim alegerile pe care le face\u021bi atunci c\u00e2nd utiliza\u021bi site-ul web, cum ar fi amintirea detaliilor dvs. de conectare sau preferin\u021ba de limb\u0103. Scopul acestor cookie-uri este de a v\u0103 oferi o experien\u021b\u0103 mai personal\u0103 \u0219i de a evita s\u0103 fi\u021bi nevoit s\u0103 v\u0103 reintroduce\u021bi preferin\u021bele de fiecare dat\u0103 c\u00e2nd utiliza\u021bi site-ul.<\/p>\n<p>Pentru mai multe informa\u021bii despre cookie-urile pe care le folosim \u0219i despre op\u021biunile dvs. \u00een ceea ce prive\u0219te cookie-urile, v\u0103 rug\u0103m s\u0103 vizita\u021bi Politica noastr\u0103 privind cookie-urile sau sec\u021biunea Cookie-uri din Politica noastr\u0103 de confiden\u021bialitate.Utilizarea datelor dvs. personaleCompania poate folosi Date personale \u00een urm\u0103toarele scopuri:Pentru a furniza \u0219i men\u021bine Serviciul nostru, inclusiv pentru a monitoriza utilizarea Serviciului nostru.Pentru a v\u0103 gestiona contul: pentru a v\u0103 gestiona \u00eenregistrarea ca utilizator al Serviciului. Datele personale pe care le furniza\u021bi v\u0103 pot oferi acces la diferite func\u021bionalit\u0103\u021bi ale Serviciului care v\u0103 sunt disponibile ca utilizator \u00eenregistrat.Pentru executarea unui contract: dezvoltarea, respectarea \u0219i \u00eendeplinirea contractului de cump\u0103rare pentru produsele, articolele sau serviciile pe care le-a\u021bi achizi\u021bionat sau a oric\u0103rui alt contract cu Noi prin intermediul Serviciului.Pentru a v\u0103 contacta: Pentru a v\u0103 contacta prin e-mail, apeluri telefonice, SMS sau alte forme echivalente de comunicare electronic\u0103, cum ar fi notific\u0103rile push ale unei aplica\u021bii mobile cu privire la actualiz\u0103ri sau comunic\u0103ri informative legate de func\u021bionalit\u0103\u021bile, produsele sau serviciile contractate, inclusiv actualiz\u0103rile de securitate, atunci c\u00e2nd este necesar sau rezonabil pentru implementarea lor.Pentru a v\u0103 oferi \u0219tiri, oferte speciale \u0219i informa\u021bii generale despre alte bunuri, servicii \u0219i evenimente pe care le oferim \u0219i care sunt similare cu cele pe care le-a\u021bi achizi\u021bionat deja sau despre care v-a\u021bi \u00eentrebat, cu excep\u021bia cazului \u00een care a\u021bi ales s\u0103 nu primi\u021bi astfel de informa\u021bii.Pentru a gestiona cererile Dvs.: Pentru a participa \u0219i a gestiona cererile Dvs. c\u0103tre Noi.Pentru transferuri de afaceri: Putem folosi informa\u021biile Dvs. pentru a evalua sau efectua o fuziune, cesionare, restructurare, reorganizare, dizolvare sau alte v\u00e2nz\u0103ri sau transferuri ale unora sau ale tuturor activelor noastre, fie ca o continu\u0103 activitate, fie ca parte a falimentului, lichid\u0103rii, sau o procedur\u0103 similar\u0103, \u00een care Datele personale de\u021binute de noi despre utilizatorii serviciilor noastre se num\u0103r\u0103 printre activele transferate.\u00cen alte scopuri: Putem folosi informa\u021biile Dvs. \u00een alte scopuri, cum ar fi analiza datelor, identificarea tendin\u021belor de utilizare, determinarea eficien\u021bei campaniilor noastre promo\u021bionale \u0219i pentru a evalua \u0219i \u00eembun\u0103t\u0103\u021bi Serviciul, produsele, serviciile, marketingul \u0219i experien\u021ba dumneavoastr\u0103.Putem partaja informa\u021biile dvs. personale \u00een urm\u0103toarele situa\u021bii:Cu Furnizorii de Servicii: Este posibil s\u0103 \u00eemp\u0103rt\u0103\u0219im informa\u021biile dvs. personale cu Furnizorii de Servicii pentru a monitoriza \u0219i analiza utilizarea Serviciului nostru, pentru a v\u0103 contacta.Pentru transferuri de afaceri: Putem partaja sau transfera informa\u021biile dvs. personale \u00een leg\u0103tur\u0103 cu sau \u00een timpul negocierilor cu privire la orice fuziune, v\u00e2nzare a activelor Companiei, finan\u021bare sau achizi\u021bie a \u00eentregii sau a unei p\u0103r\u021bi din afacerea noastr\u0103 c\u0103tre o alt\u0103 companie.Cu afilia\u021bii: este posibil s\u0103 \u00eemp\u0103rt\u0103\u0219im informa\u021biile dvs. cu afilia\u021bii no\u0219tri, caz \u00een care le vom solicita acelor afilia\u021bi s\u0103 respecte aceast\u0103 Politic\u0103 de confiden\u021bialitate. Afilia\u021bii includ compania noastr\u0103-mam\u0103 \u0219i orice alte filiale, parteneri de asociere \u00een participa\u021bie sau alte companii pe care le control\u0103m sau care se afl\u0103 sub control comun cu Noi.Cu partenerii de afaceri: este posibil s\u0103 \u00eemp\u0103rt\u0103\u0219im informa\u021biile dvs. cu partenerii no\u0219tri de afaceri pentru a v\u0103 oferi anumite produse, servicii sau promo\u021bii.Cu al\u021bi utilizatori: atunci c\u00e2nd partaja\u021bi informa\u021bii personale sau interac\u021biona\u021bi \u00een alt mod \u00een zonele publice cu al\u021bi utilizatori, astfel de informa\u021bii pot fi vizualizate de to\u021bi utilizatorii \u0219i pot fi distribuite public \u00een exterior.Cu consim\u021b\u0103m\u00e2ntul dvs.: putem dezv\u0103lui informa\u021biile dvs. personale \u00een orice alt scop, cu consim\u021b\u0103m\u00e2ntul dvs.P\u0103strarea datelor dumneavoastr\u0103 cu caracter personal<\/p>\n<p>Compania va p\u0103stra Datele dumneavoastr\u0103 cu caracter personal numai at\u00e2t timp c\u00e2t este necesar pentru scopurile prev\u0103zute \u00een aceast\u0103 Politic\u0103 de confiden\u021bialitate. Vom p\u0103stra \u0219i folosi datele dumneavoastr\u0103 cu caracter personal \u00een m\u0103sura \u00een care este necesar pentru a ne conforma obliga\u021biilor noastre legale (de exemplu, dac\u0103 ni se cere s\u0103 p\u0103str\u0103m datele dumneavoastr\u0103 pentru a ne conforma cu legile aplicabile), pentru a rezolva litigiile \u0219i a pune \u00een aplicare acordurile \u0219i politicile noastre legale.<\/p>\n<p>De asemenea, Compania va p\u0103stra Datele de utilizare \u00een scopuri de analiz\u0103 intern\u0103. Datele de utilizare sunt, \u00een general, p\u0103strate pentru o perioad\u0103 mai scurt\u0103 de timp, cu excep\u021bia cazului \u00een care aceste date sunt utilizate pentru a consolida securitatea sau pentru a \u00eembun\u0103t\u0103\u021bi func\u021bionalitatea Serviciului nostru, sau suntem obliga\u021bi din punct de vedere legal s\u0103 p\u0103str\u0103m aceste date pentru perioade mai lungi de timp.<\/p>\n<p>Transferul datelor dvs. personale<\/p>\n<p>Informa\u021biile dumneavoastr\u0103, inclusiv Datele cu caracter personal, sunt prelucrate la birourile de operare ale Companiei \u0219i \u00een orice alte locuri \u00een care se afl\u0103 p\u0103r\u021bile implicate \u00een prelucrare. \u00censeamn\u0103 c\u0103 aceste informa\u021bii pot fi transferate \u0219i men\u021binute pe computere situate \u00een afara statului, provinciei, \u021b\u0103rii sau altei jurisdic\u021bii guvernamentale, unde legile privind protec\u021bia datelor pot diferi de cele din jurisdic\u021bia dvs.<\/p>\n<p>Consim\u021b\u0103m\u00e2ntul dumneavoastr\u0103 cu privire la aceast\u0103 Politic\u0103 de confiden\u021bialitate, urmat de transmiterea de c\u0103tre dumneavoastr\u0103 a unor astfel de informa\u021bii, reprezint\u0103 acordul dumneavoastr\u0103 cu privire la acest transfer.<\/p>\n<p>Compania va lua toate m\u0103surile rezonabile necesare pentru a se asigura c\u0103 datele dumneavoastr\u0103 sunt tratate \u00een siguran\u021b\u0103 \u0219i \u00een conformitate cu aceast\u0103 Politic\u0103 de confiden\u021bialitate \u0219i niciun transfer al datelor dumneavoastr\u0103 cu caracter personal nu va avea loc c\u0103tre o organiza\u021bie sau o \u021bar\u0103 dec\u00e2t dac\u0103 exist\u0103 controale adecvate, inclusiv securitatea Datele dvs. \u0219i alte informa\u021bii personale.<\/p>\n<p>\u0218terge\u021bi datele dvs. personale<\/p>\n<p>Ave\u021bi dreptul de a \u0219terge sau de a solicita s\u0103 asist\u0103m la \u0219tergerea Datelor cu caracter personal pe care le-am colectat despre dvs.<\/p>\n<p>Serviciul nostru v\u0103 poate oferi posibilitatea de a \u0219terge anumite informa\u021bii despre dvs. din cadrul Serviciului.<\/p>\n<p>Pute\u021bi actualiza, modifica sau \u0219terge informa\u021biile dvs. \u00een orice moment, conect\u00e2ndu-v\u0103 la Contul dvs., dac\u0103 ave\u021bi unul, \u0219i vizit\u00e2nd sec\u021biunea de set\u0103ri a contului care v\u0103 permite s\u0103 gestiona\u021bi informa\u021biile dvs. personale. De asemenea, ne pute\u021bi contacta pentru a solicita acces la, corecta sau \u0219terge orice informa\u021bii personale pe care ni le-a\u021bi furnizat.<\/p>\n<p>V\u0103 rug\u0103m s\u0103 re\u021bine\u021bi, totu\u0219i, c\u0103 este posibil s\u0103 fie nevoie s\u0103 re\u021binem anumite informa\u021bii atunci c\u00e2nd avem o obliga\u021bie legal\u0103 sau o baz\u0103 legal\u0103 pentru a face acest lucru<\/p>\n<p>Dezv\u0103luirea datelor dumneavoastr\u0103 personaleTranzac\u021bii de afaceriDac\u0103 Compania este implicat\u0103 \u00eentr-o fuziune, achizi\u021bie sau v\u00e2nzare de active, Datele Dvs. Personale pot fi transferate. Vom furniza o notificare \u00eenainte ca datele dumneavoastr\u0103 cu caracter personal s\u0103 fie transferate \u0219i s\u0103 devin\u0103 supuse unei alte politici de confiden\u021bialitate.Aplicarea legii\u00cen anumite circumstan\u021be, Companiei i se poate cere s\u0103 dezv\u0103luie Datele dvs. cu caracter personal, dac\u0103 este necesar s\u0103 fac\u0103 acest lucru prin lege sau ca r\u0103spuns la solicit\u0103ri valide din partea autorit\u0103\u021bilor publice (de exemplu, o instan\u021b\u0103 sau o agen\u021bie guvernamental\u0103).Alte cerin\u021be legale<\/p>\n<p>Compania poate dezv\u0103lui datele dumneavoastr\u0103 cu caracter personal cu bun\u0103-credin\u021b\u0103 c\u0103 o astfel de ac\u021biune este necesar\u0103 pentru:<\/p>\n<p>&#8211; Respecta\u021bi o obliga\u021bie legal\u0103<br \/>\n&#8211; Protejeaz\u0103 \u0219i ap\u0103r\u0103 drepturile sau proprietatea Companiei<br \/>\n&#8211; Preveni\u021bi sau investiga\u021bi posibile ac\u021biuni gre\u0219ite \u00een leg\u0103tur\u0103 cu Serviciul<br \/>\n&#8211; Proteja\u021bi siguran\u021ba personal\u0103 a Utilizatorilor Serviciului sau a publicului<br \/>\n&#8211; Proteja\u021bi \u00eempotriva r\u0103spunderii legale<\/p>\n<p>Securitatea datelor dvs. personaleSecuritatea Datelor Dvs. Personale este important\u0103 pentru Noi, dar re\u021bine\u021bi c\u0103 nicio metod\u0103 de transmitere prin Internet sau nicio metod\u0103 de stocare electronic\u0103 nu este 100% sigur\u0103. De\u0219i ne str\u0103duim s\u0103 folosim mijloace acceptabile din punct de vedere comercial pentru a v\u0103 proteja datele personale, nu putem garanta securitatea lor absolut\u0103.Confiden\u021bialitatea copiilor<\/p>\n<p>Serviciul nostru nu se adreseaz\u0103 nim\u0103nui cu v\u00e2rsta sub 13 ani. Nu colect\u0103m cu bun\u0103 \u0219tiin\u021b\u0103 informa\u021bii de identificare personal\u0103 de la oricine cu v\u00e2rsta sub 13 ani. Dac\u0103 sunte\u021bi p\u0103rinte sau tutore \u0219i \u0219ti\u021bi c\u0103 copilul dumneavoastr\u0103 ne-a furnizat date personale, v\u0103 rug\u0103m s\u0103 contacta\u0163i-ne. Dac\u0103 afl\u0103m c\u0103 am colectat date cu caracter personal de la oricine cu v\u00e2rsta sub 13 ani f\u0103r\u0103 verificarea consim\u021b\u0103m\u00e2ntului p\u0103rin\u021bilor, lu\u0103m m\u0103suri pentru a elimina acele informa\u021bii de pe serverele noastre.<\/p>\n<p>Dac\u0103 trebuie s\u0103 ne baz\u0103m pe consim\u021b\u0103m\u00e2nt ca baz\u0103 legal\u0103 pentru prelucrarea informa\u021biilor dvs. \u0219i \u021bara dvs. necesit\u0103 consim\u021b\u0103m\u00e2ntul unui p\u0103rinte, este posibil s\u0103 solicit\u0103m consim\u021b\u0103m\u00e2ntul p\u0103rintelui dvs. \u00eenainte de a colecta \u0219i utiliza aceste informa\u021bii.<\/p>\n<p>Link-uri c\u0103tre alte site-uri web<\/p>\n<p>Serviciul nostru poate con\u021bine link-uri c\u0103tre alte site-uri web care nu sunt operate de noi. Dac\u0103 face\u021bi clic pe un link al unei ter\u021be p\u0103r\u021bi, ve\u021bi fi direc\u021bionat c\u0103tre site-ul ter\u021bului respectiv. V\u0103 sf\u0103tuim insistent s\u0103 revizui\u021bi Politica de confiden\u021bialitate a fiec\u0103rui site pe care \u00eel vizita\u021bi.<\/p>\n<p>Nu avem control asupra \u0219i nu ne asum\u0103m nicio responsabilitate pentru con\u021binutul, politicile de confiden\u021bialitate sau practicile oric\u0103ror site-uri sau servicii ter\u021be.<\/p>\n<p>Modific\u0103ri ale acestei Politici de confiden\u021bialitate<\/p>\n<p>Putem actualiza Politica noastr\u0103 de confiden\u021bialitate din c\u00e2nd \u00een c\u00e2nd. V\u0103 vom informa cu privire la orice modificare prin publicarea noii Politici de confiden\u021bialitate pe aceast\u0103 pagin\u0103.<\/p>\n<p>V\u0103 vom anun\u021ba prin e-mail \u0219i\/sau printr-o notificare vizibil\u0103 cu privire la Serviciul nostru, \u00eenainte ca modificarea s\u0103 devin\u0103 efectiv\u0103 \u0219i v\u0103 vom actualiza data \u201eUltimei actualiz\u0103ri\u201d din partea de sus a acestei Politici de confiden\u021bialitate.<\/p>\n<p>Sunte\u021bi sf\u0103tuit s\u0103 revizui\u021bi periodic aceast\u0103 Politic\u0103 de confiden\u021bialitate pentru orice modific\u0103ri. Modific\u0103rile aduse acestei Politici de confiden\u021bialitate sunt efective atunci c\u00e2nd sunt postate pe aceast\u0103 pagin\u0103.<\/p>\n<p>Contacta\u0163i-ne<\/p>\n<p>Dac\u0103 ave\u021bi \u00eentreb\u0103ri despre aceast\u0103 politic\u0103 de confiden\u021bialitate, ne pute\u021bi contacta:<\/p>\n<p>Prin e-mail: webmaster@erasmus.site<br \/>\nVizit\u00e2nd aceast\u0103 pagin\u0103 de pe site-ul nostru: https:\/\/ourdigitalvillage.erasmus.site\/<\/p>","protected":false},"excerpt":{"rendered":"<p>Politica de confiden\u021bialitateUltima actualizare: 31 octombrie 2023 Aceast\u0103 Politic\u0103 de confiden\u021bialitate descrie politicile \u0219i procedurile noastre privind colectarea, utilizarea \u0219i dezv\u0103luirea informa\u021biilor dumneavoastr\u0103 atunci c\u00e2nd utiliza\u021bi Serviciul \u0219i v\u0103 informeaz\u0103 cu privire la drepturile dumneavoastr\u0103 de confiden\u021bialitate \u0219i la modul \u00een care legea v\u0103 protejeaz\u0103. Noi folosim datele Dumneavoastr\u0103 personale pentru a furniza \u0219i \u00eembun\u0103t\u0103\u021bi&hellip;&nbsp;<a href=\"https:\/\/ourdigitalvillage.erasmus.site\/ro\/privacy-policy\/\" rel=\"bookmark\">Cite\u0219te mai mult &raquo;<span class=\"screen-reader-text\">Politica de confiden\u021bialitate<\/span><\/a><\/p>\n","protected":false},"author":1,"featured_media":0,"parent":0,"menu_order":0,"comment_status":"closed","ping_status":"closed","template":"","meta":{"neve_meta_sidebar":"","neve_meta_container":"","neve_meta_enable_content_width":"off","neve_meta_content_width":100,"neve_meta_title_alignment":"","neve_meta_author_avatar":"","neve_post_elements_order":"","neve_meta_disable_header":"","neve_meta_disable_footer":"","neve_meta_disable_title":"","footnotes":""},"class_list":["post-341","page","type-page","status-publish","hentry"],"_links":{"self":[{"href":"https:\/\/ourdigitalvillage.erasmus.site\/ro\/wp-json\/wp\/v2\/pages\/341","targetHints":{"allow":["GET"]}}],"collection":[{"href":"https:\/\/ourdigitalvillage.erasmus.site\/ro\/wp-json\/wp\/v2\/pages"}],"about":[{"href":"https:\/\/ourdigitalvillage.erasmus.site\/ro\/wp-json\/wp\/v2\/types\/page"}],"author":[{"embeddable":true,"href":"https:\/\/ourdigitalvillage.erasmus.site\/ro\/wp-json\/wp\/v2\/users\/1"}],"replies":[{"embeddable":true,"href":"https:\/\/ourdigitalvillage.erasmus.site\/ro\/wp-json\/wp\/v2\/comments?post=341"}],"version-history":[{"count":7,"href":"https:\/\/ourdigitalvillage.erasmus.site\/ro\/wp-json\/wp\/v2\/pages\/341\/revisions"}],"predecessor-version":[{"id":777,"href":"https:\/\/ourdigitalvillage.erasmus.site\/ro\/wp-json\/wp\/v2\/pages\/341\/revisions\/777"}],"wp:attachment":[{"href":"https:\/\/ourdigitalvillage.erasmus.site\/ro\/wp-json\/wp\/v2\/media?parent=341"}],"curies":[{"name":"wp","href":"https:\/\/api.w.org\/{rel}","templated":true}]}}